{"id":1963,"date":"2025-12-04T13:53:51","date_gmt":"2025-12-04T13:53:51","guid":{"rendered":"https:\/\/xbrele.com\/?page_id=1963"},"modified":"2025-12-04T15:16:51","modified_gmt":"2025-12-04T15:16:51","slug":"vacuum-contactor-manufacturer","status":"publish","type":"page","link":"https:\/\/xbrele.com\/de\/vacuum-contactor-manufacturer\/","title":{"rendered":"Hersteller von Vakuumsch\u00fctzen"},"content":{"rendered":"<div class=\"wp-block-stackable-columns alignfull stk-block-columns stk-block stk-e0fd90d\" data-block-id=\"e0fd90d\"><div class=\"stk-row stk-inner-blocks stk-block-content stk-content-align stk-e0fd90d-column alignfull\">\n<div class=\"wp-block-stackable-column stk-block-column stk-column stk-block stk-3f3b46e\" data-v=\"4\" data-block-id=\"3f3b46e\"><div class=\"stk-column-wrapper stk-block-column__content stk-container stk-3f3b46e-container stk--no-background stk--no-padding\"><div class=\"stk-block-content stk-inner-blocks stk-3f3b46e-inner-blocks\">\n<style>\n    \/* --- XBRELE PRO STYLE SYSTEM (v5.1 - Contactor Edition) --- *\/\n    \n    .xbrele-pro-page {\n        font-family: -apple-system, BlinkMacSystemFont, \"Segoe UI\", Roboto, \"Helvetica Neue\", Arial, sans-serif;\n        color: #111;\n        line-height: 1.7; \n        font-size: 18px; \n        font-weight: 400;\n        background-color: #fff;\n    }\n\n    .xbrele-container {\n        max-width: 1200px;\n        margin: 0 auto;\n        padding: 0 20px;\n    }\n\n    .xbrele-section {\n        padding: 60px 0;\n        border-bottom: 1px solid #f0f0f0;\n    }\n    .xbrele-section.bg-light {\n        background-color: #f8fbfb;\n    }\n\n    .xbrele-pro-page h1 {\n        font-size: 42px;\n        font-weight: 800;\n        text-align: center;\n        margin-bottom: 30px;\n        color: #000;\n        letter-spacing: -0.5px;\n    }\n    \n    .xbrele-pro-page h2 {\n        font-size: 30px;\n        color: #000;\n        margin-top: 50px;\n        margin-bottom: 25px;\n        position: relative;\n        padding-left: 20px;\n        border-left: 8px solid #009688; \/* XBRELE Teal *\/\n        font-weight: 700;\n        text-transform: uppercase;\n    }\n    \n    .xbrele-pro-page h3 {\n        font-size: 22px;\n        font-weight: 700;\n        margin-top: 35px;\n        margin-bottom: 15px;\n        color: #009688;\n    }\n\n    .xbrele-pro-page p {\n        margin-bottom: 25px;\n        color: #222;\n        text-align: justify;\n    }\n\n    \/* Hero \u56fe\u7247\u6837\u5f0f *\/\n    .xbrele-hero-img {\n        width: 100%;\n        height: auto;\n        border-radius: 6px;\n        margin-bottom: 40px;\n        box-shadow: 0 4px 12px rgba(0,0,0,0.1);\n        display: block;\n    }\n\n    .xbrele-list {\n        list-style: none;\n        padding: 0;\n        margin-bottom: 30px;\n    }\n    .xbrele-list li {\n        position: relative;\n        padding-left: 30px;\n        margin-bottom: 12px;\n        color: #222;\n    }\n    .xbrele-list li::before {\n        content: \"\u25a0\";\n        position: absolute;\n        left: 0;\n        color: #009688;\n        font-size: 14px;\n        top: 6px;\n    }\n\n    .xbrele-tech-table {\n        width: 100%;\n        border-collapse: collapse;\n        margin: 40px 0;\n        box-shadow: 0 5px 15px rgba(0,0,0,0.05);\n        font-size: 16px;\n    }\n    .xbrele-tech-table th, .xbrele-tech-table td {\n        padding: 18px;\n        border: 1px solid #ddd;\n    }\n    .xbrele-tech-table th {\n        background-color: #009688;\n        color: #fff;\n        font-weight: 700;\n        text-align: left;\n    }\n    .xbrele-tech-table tr:nth-child(even) {\n        background-color: #fcfcfc;\n    }\n\n    .xbrele-link {\n        color: #009688;\n        font-weight: 700;\n        text-decoration: none;\n        border-bottom: 2px solid rgba(0,150,136,0.2);\n        transition: all 0.2s;\n    }\n    .xbrele-link:hover {\n        background-color: rgba(0,150,136,0.1);\n        border-bottom-color: #009688;\n    }\n\n    .xbrele-ext-link {\n        color: #555;\n        text-decoration: underline;\n        font-style: italic;\n    }\n\n    .xbrele-cta-box {\n        background: linear-gradient(135deg, #009688 0%, #004d40 100%);\n        color: #fff;\n        padding: 60px;\n        border-radius: 8px;\n        text-align: center;\n        margin-top: 60px;\n    }\n    .xbrele-cta-btn {\n        display: inline-block;\n        background-color: #fff;\n        color: #009688 !important;\n        padding: 18px 45px;\n        font-weight: 800;\n        text-transform: uppercase;\n        border-radius: 4px;\n        text-decoration: none;\n        margin-top: 25px;\n        font-size: 18px;\n        box-shadow: 0 4px 6px rgba(0,0,0,0.2);\n    }\n    .xbrele-cta-btn:hover {\n        background-color: #f4f4f4;\n        transform: translateY(-2px);\n    }\n<\/style>\n\n<div class=\"xbrele-pro-page\">\n\n    <div class=\"xbrele-section\">\n        <div class=\"xbrele-container\">\n            <h1>Hersteller von Vakuumsch\u00fctzen und OEM-L\u00f6sungen<\/h1>\n            \n            <img decoding=\"async\" src=\"https:\/\/xbrele.com\/wp-content\/uploads\/2025\/12\/vacuum-contactor-factory-production-line.webp\" \n                 alt=\"XBRELE Hersteller von Vakuumsch\u00fctzen f\u00fcr Hochspannungs- und Bergbau-Sch\u00fctze\" \n                 class=\"xbrele-hero-img\" \/>\n\n            <p>\n                Die Herstellung von Vakuumsch\u00fctzen ist ein Spezialgebiet der Elektrotechnik, das sich auf die Produktion von hochbelastbaren Schaltger\u00e4ten f\u00fcr Anwendungen mit h\u00e4ufiger Bet\u00e4tigung konzentriert. Im Gegensatz zu Leistungsschaltern, die f\u00fcr den seltenen Fehlerstromschutz ausgelegt sind, sind Vakuumsch\u00fctze die Arbeitspferde der Industrie und daf\u00fcr ausgelegt, Motoren, Transformatoren und Kondensatorb\u00e4nke hunderttausende Male zu schalten. Als f\u00fchrender <strong>Hersteller von Vakuumsch\u00fctzen<\/strong>, XBRELE produziert ein umfassendes Sortiment an Niederspannungs- (1,14 kV) und Hochspannungsger\u00e4ten (7,2 kV \u2013 40,5 kV). Unser Werk kombiniert fortschrittliche elektromagnetische Antriebstechnologie mit hochwertigen Vakuumunterbrechern und liefert zuverl\u00e4ssige Steuerungsl\u00f6sungen f\u00fcr den Bergbau, die Metallurgie und die Schwerindustrie weltweit.\n            <\/p>\n        <\/div>\n    <\/div>\n\n    <div class=\"xbrele-section bg-light\">\n        <div class=\"xbrele-container\">\n            <h2>Herstellungsprozess f\u00fcr Vakuumsch\u00fctze<\/h2>\n            <p>\n                Bei der Herstellung von Vakuumsch\u00fctzen stehen mechanische Belastbarkeit und elektrische Best\u00e4ndigkeit im Vordergrund. W\u00e4hrend ein Leistungsschalter m\u00f6glicherweise 10.000 Mal bet\u00e4tigt wird, muss ein Sch\u00fctz bis zu <strong>1.000.000 mechanische Vorg\u00e4nge<\/strong>. Dies erfordert einen anderen Herstellungsansatz.\n            <\/p>\n            <p>\n                <strong>Elektromagnetische Systembaugruppe:<\/strong> Das Herzst\u00fcck eines Sch\u00fctzes ist sein Magnetantrieb. XBRELE wickelt seine eigenen hochwertigen Kupferspulen und montiert das Magnetjoch mit pr\u00e4zisionsgefertigten Stanzteilen. Wir verwenden eine speziell entwickelte \u201cDoppelspulen\u201d- oder \u201cPWM-Steuerungs\u201d-Schaltung, um den Halteenergieverbrauch zu minimieren und die W\u00e4rmeentwicklung im Dauerbetrieb zu reduzieren.\n            <\/p>\n            <p>\n                <strong>Ausrichtung des Vakuumunterbrechers:<\/strong> F\u00fcr die <a href=\"https:\/\/xbrele.com\/de\/vacuum-contactor\/jcz-vacuum-contactor\/\" class=\"xbrele-link\">JCZ-Hochspannungsserie<\/a>, ist die Ausrichtung des Vakuumunterbrechers von entscheidender Bedeutung. Wir verwenden automatisierte Vorrichtungen, um den Kontaktabstand und den \u00dcberhub mit einer Genauigkeit von 0,1 mm einzustellen. Diese Pr\u00e4zision stellt sicher, dass alle drei Phasen gleichzeitig schlie\u00dfen, wodurch ein \u201cEinphasenbetrieb\u201d verhindert wird, der empfindliche Motoren zerst\u00f6ren kann.\n            <\/p>\n            <p>\n                <strong>Isolierrahmenformteil:<\/strong> F\u00fcr unsere Bergbau- und festisolierte Serie formen wir die Rahmen aus hochfestem DMC (Dough Molding Compound) oder Epoxidharz. Diese robuste Struktur verhindert vibrationsbedingte Ausf\u00e4lle, eine h\u00e4ufige Anforderung an Untertagebauausr\u00fcstung.\n            <\/p>\n        <\/div>\n    <\/div>\n\n    <div class=\"xbrele-section\">\n        <div class=\"xbrele-container\">\n            <h2>Rohstoffe f\u00fcr die Herstellung von Vakuumschaltern<\/h2>\n            <p>\n                Um eine hohe Schaltfrequenz (bis zu 1.200 Mal\/Stunde) zu erreichen, m\u00fcssen die in Vakuumsch\u00fctzen verwendeten Materialien extremen Belastungen standhalten. XBRELE w\u00e4hlt Materialien aufgrund ihrer Langlebigkeit aus.\n            <\/p>\n            <ul class=\"xbrele-list\">\n                <li><strong>Kontaktmaterial (WCu vs. CuCr):<\/strong> Im Inneren der Vakuumflasche w\u00e4hlen wir je nach Belastung bestimmte Legierungen aus. F\u00fcr das Schalten von Kondensatoren verwenden wir Kontaktmaterialien mit geringer \u00dcberspannung, um Wiederz\u00fcndungen zu verhindern. F\u00fcr das Starten schwerer Motoren (AC-4-Betrieb) verwenden wir langlebige Wolfram-Kupfer- (WCu) oder CuCr-Legierungen, die gegen elektrische Erosion best\u00e4ndig sind.<\/li>\n                <li><strong>Emaillierter Kupferdraht:<\/strong> Unsere Steuerungs-Spulen verwenden lackierten Kupferdraht der Klasse H (180 \u00b0C), wodurch sichergestellt wird, dass der elektromagnetische Antrieb auch dann funktionsf\u00e4hig bleibt, wenn die Umgebungstemperatur im Schaltraum deutlich ansteigt.<\/li>\n                <li><strong>Isoliermaterialien:<\/strong> F\u00fcr die <a href=\"https:\/\/xbrele.com\/de\/vacuum-contactor\/low-voltage-vacuum-contactor-solid-series\/\" class=\"xbrele-link\">Serie mit fest eingebautem Mast (LZNJ)<\/a>, Wir verwenden hydrophobes cycloaliphatisches Epoxidharz, das eine hervorragende Kriechstromfestigkeit f\u00fcr Au\u00dfenbereiche oder feuchte Umgebungen bietet.<\/li>\n            <\/ul>\n        <\/div>\n    <\/div>\n\n    <div class=\"xbrele-section bg-light\">\n        <div class=\"xbrele-container\">\n            <h2>Wesentliche Fertigungsanlagen<\/h2>\n            <p>\n                Die Herstellung von Hochleistungs-Sch\u00fctzen erfordert spezielle Montage- und Pr\u00fcfmaschinen. XBRELE hat in eine voll ausgestattete Produktionslinie investiert, um eine gleichbleibende Qualit\u00e4t zu gew\u00e4hrleisten.\n            <\/p>\n            <p>\n                <strong>Automatische Aufziehmaschinen:<\/strong> Um sicherzustellen, dass die Ein- und Ausschaltspannungen in jeder Charge konsistent sind, werden unsere Magnetspulen auf automatischen Hochgeschwindigkeitswickelmaschinen mit Spannungsregelung gewickelt.\n            <\/p>\n            <p>\n                <strong>Einlaufpr\u00fcfst\u00e4nde:<\/strong> Im Gegensatz zu einigen Anbietern, die sofort nach der Montage versenden, setzt XBRELE auf \u201cMechanical Run-In\u201d-Pr\u00fcfst\u00e4nde. Jeder Sch\u00fctz durchl\u00e4uft mehr als 300 Leerlaufvorg\u00e4nge, um die mechanischen Federn und Verriegelungen vor der endg\u00fcltigen Kalibrierung zu stabilisieren.\n            <\/p>\n            <p>\n                <strong>Vakuuml\u00f6ten (ausgelagerte Steuerung):<\/strong> Wir beziehen unsere Vakuumflaschen von erstklassigen Spezialisten und verf\u00fcgen \u00fcber strenge IQC-Ger\u00e4te, um die L\u00f6tqualit\u00e4t und Vakuumintegrit\u00e4t jeder Charge zu \u00fcberpr\u00fcfen, bevor sie in unsere Fertigungslinie gelangt.\n            <\/p>\n        <\/div>\n    <\/div>\n\n    <div class=\"xbrele-section\">\n        <div class=\"xbrele-container\">\n            <h2>Pr\u00fcfverfahren f\u00fcr Vakuumsch\u00fctze<\/h2>\n            <p>\n                Die Pr\u00fcfverfahren f\u00fcr Vakuumsch\u00fctze konzentrieren sich auf die Belastbarkeit und Zuverl\u00e4ssigkeit bei h\u00e4ufigen Schaltzyklen. XBRELE setzt strenge Qualit\u00e4tskontrollen gem\u00e4\u00df IEC 60470 und GB\/T 14808 durch.\n            <\/p>\n            \n            <table class=\"xbrele-tech-table\">\n                <tr>\n                    <th>Testname<\/th>\n                    <th>Standard \/ Limit<\/th>\n                    <th>Zweck<\/th>\n                <\/tr>\n                <tr>\n                    <td><strong>Ansprech- und Abschaltspannung<\/strong><\/td>\n                    <td>85% \u2013 110% Wir<\/td>\n                    <td>Stellt sicher, dass der Sch\u00fctz auch bei Spannungseinbr\u00fcchen zuverl\u00e4ssig schlie\u00dft.<\/td>\n                <\/tr>\n                <tr>\n                    <td><strong>Spannungsfestigkeit bei Netzfrequenz<\/strong><\/td>\n                    <td>32 kV \/ 42 kV (f\u00fcr 7,2\/12 kV)<\/td>\n                    <td>\u00dcberpr\u00fcft die Durchschlagfestigkeit zwischen offenen Kontakten und zur Erde.<\/td>\n                <\/tr>\n                <tr>\n                    <td><strong>Widerstand des Hauptstromkreises<\/strong><\/td>\n                    <td>&lt; 60\u201380 \u03bc\u03a9<\/td>\n                    <td>\u00dcberpr\u00fcft den richtigen Anpressdruck, um \u00dcberhitzung zu verhindern.<\/td>\n                <\/tr>\n                <tr>\n                    <td><strong>Synchronisationstest<\/strong><\/td>\n                    <td>&lt; 2 ms Unterschied<\/td>\n                    <td>Stellt sicher, dass alle drei Phasen gleichzeitig Kontakt haben.<\/td>\n                <\/tr>\n                <tr>\n                    <td><strong>Vakuumgradpr\u00fcfung<\/strong><\/td>\n                    <td>Funkenpr\u00fcfung \/ Magnetron<\/td>\n                    <td>Best\u00e4tigt, dass die Isolierflasche w\u00e4hrend der Montage nicht undicht geworden ist.<\/td>\n                <\/tr>\n            <\/table>\n            \n            <p>\n                Bei unseren Modellen mit \u201cmechanischer Verriegelung\u201d (die dort eingesetzt werden, wo der Stromverbrauch w\u00e4hrend der Haltephase null sein muss) f\u00fchren wir zus\u00e4tzliche Verriegelungszuverl\u00e4ssigkeitstests durch, um sicherzustellen, dass das Ger\u00e4t auch unter starken Vibrationen geschlossen bleibt.\n            <\/p>\n        <\/div>\n    <\/div>\n\n    <div class=\"xbrele-section bg-light\">\n        <div class=\"xbrele-container\">\n            <h2>Warum Sie mit einem Hersteller von kundenspezifischen Sch\u00fctzen zusammenarbeiten sollten<\/h2>\n            <p>\n                Vakuumsch\u00fctze sind keine \u201cPlug-and-Play\u201d-Produkte; sie m\u00fcssen oft in bestimmte \u00e4ltere Motorstarter oder Spezialmaschinen passen. Ein Hersteller von Sonderanfertigungen wie XBRELE erm\u00f6glicht es Ihnen, das Ger\u00e4t an Ihre Anwendung anzupassen.\n            <\/p>\n            <p>\n                Wir bieten Anpassungen in <strong>Halteart<\/strong>. Wir k\u00f6nnen herstellen <strong>Elektrische Halterung<\/strong> Typen (Standard) oder <strong>Mechanische Verriegelung<\/strong> Typen (die ohne Strom geschlossen bleiben, ideal f\u00fcr instabile Netze).\n            <\/p>\n            <p>\n                F\u00fcr die Bergbauindustrie passen wir die <a href=\"https:\/\/xbrele.com\/de\/vacuum-contactor\/low-voltage-vacuum-contactor-solid-series\/\" class=\"xbrele-link\">CKJ-Serie (1,14 kV)<\/a> mit verst\u00e4rkten Rahmen und speziellen Steuerspannungen (z. B. AC 36 V, 127 V), die \u00fcblicherweise in unterirdischen elektrischen Systemen verwendet werden. Wir k\u00f6nnen auch die Anordnung der Anschl\u00fcsse an bestehende Sammelschienenkonfigurationen anpassen, wodurch Sie erhebliche Nachr\u00fcstungskosten sparen.\n            <\/p>\n        <\/div>\n    <\/div>\n\n    <div class=\"xbrele-section\">\n        <div class=\"xbrele-container\">\n            <h2>Hersteller von Vakuumsch\u00fctzen sind erfahren<\/h2>\n            <p>\n                Die Herstellung von Sch\u00fctzen erfordert fundierte Kenntnisse der \u201cNutzungskategorien\u201d (AC-3, AC-4). Die Ingenieure von XBRELE wissen, dass sich das Schalten eines Motors (induktive Last) physikalisch vom Schalten einer Kondensatorbank (kapazitive Last) unterscheidet.\n            <\/p>\n            <p>\n                Unsere Erfahrung garantiert, dass wir Ihnen das richtige Produkt empfehlen. F\u00fcr Kondensatorschaltanwendungen empfehlen wir beispielsweise unser <a href=\"https:\/\/xbrele.com\/de\/vacuum-contactor\/ckg-vacuum-contactor\/\" class=\"xbrele-link\">CKG-Serie<\/a> Ausgestattet mit speziellen Vorwiderst\u00e4nden oder hochwertigen Vakuumflaschen, die f\u00fcr die hohen Einschaltstr\u00f6me und die transiente Erholungsspannung (TRV) von Kondensatorb\u00e4nken ausgelegt sind.\n            <\/p>\n        <\/div>\n    <\/div>\n\n    <div class=\"xbrele-section bg-light\">\n        <div class=\"xbrele-container\">\n            <h2>Kosteneffiziente Fertigungsl\u00f6sungen<\/h2>\n            <p>\n                Durch die direkte Beschaffung bei XBRELE in China verschaffen sich globale OEMs und Distributoren einen Wettbewerbsvorteil. Wir fertigen die Magnetantriebe und Isolierrahmen selbst und umgehen so die Aufschl\u00e4ge von Montagebetrieben, die ihre Komponenten extern einkaufen.\n            <\/p>\n            <p>\n                Unser <a href=\"https:\/\/xbrele.com\/de\/vacuum-contactor\/low-voltage-vacuum-contactor-solid-series\/\" class=\"xbrele-link\">Niederspannungs-Vakuumsch\u00fctze (1140 V)<\/a> werden h\u00e4ufig als kosteng\u00fcnstige Alternative zu teuren Luftschaltkontakten in Schwerlastanwendungen eingesetzt. Sie bieten eine zehnmal l\u00e4ngere elektrische Lebensdauer zu einem vergleichbaren Preis und senken damit die Gesamtbetriebskosten (TCO) f\u00fcr Endnutzer in Zementwerken, Stahlwerken und Bergwerken drastisch.\n            <\/p>\n        <\/div>\n    <\/div>\n\n    <div class=\"xbrele-section\">\n        <div class=\"xbrele-container\">\n            <h2>Anpassungsf\u00e4hige Produktionskapazit\u00e4ten<\/h2>\n            <p>\n                Die Produktionslinien von XBRELE sind auf Vielseitigkeit ausgelegt. Wir produzieren sowohl Standard- <strong>3-polige Sch\u00fctze<\/strong> (JCZ5) und spezialisiert <strong>Einpolige Sch\u00fctze<\/strong> (JCZ1) f\u00fcr Elektrolokomotiven und Induktionsheizsysteme.\n            <\/p>\n            <p>\n                Unsere Anpassungsf\u00e4higkeit erstreckt sich auch auf die Installationsarten. Wir bieten fest installierte Einheiten f\u00fcr Standardschalttafeln und handwagenartige Einheiten, die mit KYN28-Schaltanlagen kompatibel sind, sodass der Sch\u00fctz wie ein Leistungsschalter ein- und ausgebaut werden kann. Diese Flexibilit\u00e4t macht XBRELE zum bevorzugten Partner f\u00fcr Schalttafelbauer, die mit vielf\u00e4ltigen Projektanforderungen konfrontiert sind.\n            <\/p>\n        <\/div>\n    <\/div>\n\n    <div class=\"xbrele-section bg-light\">\n        <div class=\"xbrele-container\">\n            <h2>Nachhaltige Fertigungspraktiken<\/h2>\n            <p>\n                Moderne Vakuumsch\u00fctze sind von Natur aus umweltfreundlich. Im Gegensatz zu \u00d6l- oder SF6-Schaltern emittiert die Vakuumtechnologie keine Treibhausgase und stellt keine Brandgefahr dar. XBRELE geht noch einen Schritt weiter und optimiert unsere Steuerkreise.\n            <\/p>\n            <p>\n                Unsere elektronischen Steuermodule verwenden Pulsweitenmodulation (PWM) oder energiesparende Spulen, die die Haltekraft im Vergleich zu herk\u00f6mmlichen Wechselstromspulen um bis zu 90% reduzieren. Dies verringert nicht nur den CO2-Fu\u00dfabdruck des Betriebs, sondern senkt auch die W\u00e4rmebelastung im Schaltschrank und verl\u00e4ngert so die Lebensdauer anderer Komponenten.\n            <\/p>\n        <\/div>\n    <\/div>\n\n    <div class=\"xbrele-section\">\n        <div class=\"xbrele-container\">\n            <h2>Vorteile der chinesischen Vakuumsch\u00fctzherstellung<\/h2>\n            <p>\n                China ist weltweit f\u00fchrend in der Produktion von Vakuumschaltertechnologie. XBRELE nutzt die ausgereifte Lieferkette in Wenzhou, um Folgendes anzubieten:\n            <\/p>\n            <ul class=\"xbrele-list\">\n                <li><strong>Schnelle Prototypenentwicklung:<\/strong> Wir k\u00f6nnen ma\u00dfgeschneiderte Montageplatten oder Sammelschienenadapter in weniger als 10 Tagen entwickeln.<\/li>\n                <li><strong>Vielf\u00e4ltiges Sortiment:<\/strong> Von 80-A-Niederspannungsger\u00e4ten bis hin zu 630-A-Hochspannungsger\u00e4ten decken wir das gesamte Spektrum ab.<\/li>\n                <li><strong>Wertanalyse:<\/strong> Lieferung von leistungsstarken, IEC-konformen Produkten zu einem Preis, der f\u00fcr Schwellenl\u00e4nder wirtschaftlich sinnvoll ist.<\/li>\n            <\/ul>\n        <\/div>\n    <\/div>\n\n    <div class=\"xbrele-section bg-light\">\n        <div class=\"xbrele-container\">\n            <h2>Den richtigen Hersteller f\u00fcr Vakuumsch\u00fctze finden<\/h2>\n            <p>\n                Bei der Auswahl eines Partners sollten Sie \u00fcber den Katalog hinausblicken. Ber\u00fccksichtigen Sie Folgendes:\n            <\/p>\n            <ul class=\"xbrele-list\">\n                <li><strong>Nenn-Einschaltdauer:<\/strong> Bewertet der Hersteller seine Produkte f\u00fcr den AC-4-Betrieb (Jogging\/Plugging)?<\/li>\n                <li><strong>Zuverl\u00e4ssigkeit der Spule:<\/strong> Bieten sie Spulen mit breitem Spannungsbereich an (z. B. 110\u2013220 V Universal)?<\/li>\n                <li><strong>Zertifizierung:<\/strong> Sind die Produkte von zertifizierten Labors typgepr\u00fcft?<\/li>\n                <li><strong>Ersatzteile:<\/strong> K\u00f6nnen sie Ersatz-Vakuumflaschen und -Spulen liefern?<\/li>\n            <\/ul>\n            <p>\n                XBRELE bietet transparente technische Daten und umfassenden Kundendienst, damit Ihre Motorsteuerungszentren ohne Unterbrechung laufen.\n            <\/p>\n        <\/div>\n    <\/div>\n\n    <div class=\"xbrele-container\">\n        <div class=\"xbrele-cta-box\">\n            <h2>Sind Sie bereit, von einer gepr\u00fcften Fabrik zu beziehen?<\/h2>\n            <p>Zahlen Sie keine H\u00e4ndlermargen mehr. Wenden Sie sich f\u00fcr Ihren Bedarf an Vakuumsch\u00fctzen direkt an das Ingenieurteam von XBRELE.<\/p>\n            <a href=\"https:\/\/xbrele.com\/de\/contact\/\" class=\"xbrele-cta-btn\">Fordern Sie ein Angebot vom Hersteller an<\/a>\n        <\/div>\n    <\/div>\n\n<\/div>\n<\/div><\/div><\/div>\n<\/div><\/div>\n\n\n\n<p><\/p>","protected":false},"excerpt":{"rendered":"<p>Vacuum Contactor Manufacturer &#038; OEM Solutions Vacuum Contactor manufacturing is a specialized field within electrical engineering focused on producing high-endurance switching devices for frequent operation applications. Unlike circuit breakers, which are designed for rare fault protection, Vacuum Contactors are the workhorses of the industry, engineered to switch motors, transformers, and capacitor banks hundreds of thousands [&hellip;]<\/p>\n","protected":false},"author":1,"featured_media":0,"parent":0,"menu_order":0,"comment_status":"closed","ping_status":"closed","template":"","meta":{"_gspb_post_css":"","footnotes":""},"class_list":["post-1963","page","type-page","status-publish","hentry"],"blocksy_meta":{"has_hero_section":"disabled","vertical_spacing_source":"custom","content_area_spacing":"top","styles_descriptor":{"styles":{"desktop":"","tablet":"","mobile":""},"google_fonts":[],"version":6}},"_links":{"self":[{"href":"https:\/\/xbrele.com\/de\/wp-json\/wp\/v2\/pages\/1963","targetHints":{"allow":["GET"]}}],"collection":[{"href":"https:\/\/xbrele.com\/de\/wp-json\/wp\/v2\/pages"}],"about":[{"href":"https:\/\/xbrele.com\/de\/wp-json\/wp\/v2\/types\/page"}],"author":[{"embeddable":true,"href":"https:\/\/xbrele.com\/de\/wp-json\/wp\/v2\/users\/1"}],"replies":[{"embeddable":true,"href":"https:\/\/xbrele.com\/de\/wp-json\/wp\/v2\/comments?post=1963"}],"version-history":[{"count":4,"href":"https:\/\/xbrele.com\/de\/wp-json\/wp\/v2\/pages\/1963\/revisions"}],"predecessor-version":[{"id":1997,"href":"https:\/\/xbrele.com\/de\/wp-json\/wp\/v2\/pages\/1963\/revisions\/1997"}],"wp:attachment":[{"href":"https:\/\/xbrele.com\/de\/wp-json\/wp\/v2\/media?parent=1963"}],"curies":[{"name":"wp","href":"https:\/\/api.w.org\/{rel}","templated":true}]}}