{"id":1967,"date":"2025-12-04T13:54:32","date_gmt":"2025-12-04T13:54:32","guid":{"rendered":"https:\/\/xbrele.com\/?page_id=1967"},"modified":"2025-12-04T15:07:56","modified_gmt":"2025-12-04T15:07:56","slug":"switchgear-component-manufacturer","status":"publish","type":"page","link":"https:\/\/xbrele.com\/de\/switchgear-component-manufacturer\/","title":{"rendered":"Hersteller von Schaltanlagenkomponenten"},"content":{"rendered":"<div class=\"wp-block-stackable-columns alignfull stk-block-columns stk-block stk-3a5b1c3\" data-block-id=\"3a5b1c3\"><div class=\"stk-row stk-inner-blocks stk-block-content stk-content-align stk-3a5b1c3-column alignfull\">\n<div class=\"wp-block-stackable-column stk-block-column stk-column stk-block stk-155ceae\" data-v=\"4\" data-block-id=\"155ceae\"><div class=\"stk-column-wrapper stk-block-column__content stk-container stk-155ceae-container stk--no-background stk--no-padding\"><div class=\"stk-block-content stk-inner-blocks stk-155ceae-inner-blocks\">\n<style>\n    \/* --- XBRELE PRO STYLE SYSTEM (v5.1 - Component Edition) --- *\/\n    \n    .xbrele-pro-page {\n        font-family: -apple-system, BlinkMacSystemFont, \"Segoe UI\", Roboto, \"Helvetica Neue\", Arial, sans-serif;\n        color: #111;\n        line-height: 1.7; \n        font-size: 18px; \n        font-weight: 400;\n        background-color: #fff;\n    }\n\n    .xbrele-container {\n        max-width: 1200px;\n        margin: 0 auto;\n        padding: 0 20px;\n    }\n\n    .xbrele-section {\n        padding: 60px 0;\n        border-bottom: 1px solid #f0f0f0;\n    }\n    .xbrele-section.bg-light {\n        background-color: #f8fbfb;\n    }\n\n    .xbrele-pro-page h1 {\n        font-size: 42px;\n        font-weight: 800;\n        text-align: center;\n        margin-bottom: 30px;\n        color: #000;\n        letter-spacing: -0.5px;\n    }\n    \n    .xbrele-pro-page h2 {\n        font-size: 30px;\n        color: #000;\n        margin-top: 50px;\n        margin-bottom: 25px;\n        position: relative;\n        padding-left: 20px;\n        border-left: 8px solid #009688; \/* XBRELE Teal *\/\n        font-weight: 700;\n        text-transform: uppercase;\n    }\n    \n    .xbrele-pro-page h3 {\n        font-size: 22px;\n        font-weight: 700;\n        margin-top: 35px;\n        margin-bottom: 15px;\n        color: #009688;\n    }\n\n    .xbrele-pro-page p {\n        margin-bottom: 25px;\n        color: #222;\n        text-align: justify;\n    }\n\n    \/* Hero \u56fe\u7247\u6837\u5f0f *\/\n    .xbrele-hero-img {\n        width: 100%;\n        height: auto;\n        border-radius: 6px;\n        margin-bottom: 40px;\n        box-shadow: 0 4px 12px rgba(0,0,0,0.1);\n        display: block;\n    }\n\n    .xbrele-list {\n        list-style: none;\n        padding: 0;\n        margin-bottom: 30px;\n    }\n    .xbrele-list li {\n        position: relative;\n        padding-left: 30px;\n        margin-bottom: 12px;\n        color: #222;\n    }\n    .xbrele-list li::before {\n        content: \"\u25a0\";\n        position: absolute;\n        left: 0;\n        color: #009688;\n        font-size: 14px;\n        top: 6px;\n    }\n\n    .xbrele-tech-table {\n        width: 100%;\n        border-collapse: collapse;\n        margin: 40px 0;\n        box-shadow: 0 5px 15px rgba(0,0,0,0.05);\n        font-size: 16px;\n    }\n    .xbrele-tech-table th, .xbrele-tech-table td {\n        padding: 18px;\n        border: 1px solid #ddd;\n    }\n    .xbrele-tech-table th {\n        background-color: #009688;\n        color: #fff;\n        font-weight: 700;\n        text-align: left;\n    }\n    .xbrele-tech-table tr:nth-child(even) {\n        background-color: #fcfcfc;\n    }\n\n    .xbrele-link {\n        color: #009688;\n        font-weight: 700;\n        text-decoration: none;\n        border-bottom: 2px solid rgba(0,150,136,0.2);\n        transition: all 0.2s;\n    }\n    .xbrele-link:hover {\n        background-color: rgba(0,150,136,0.1);\n        border-bottom-color: #009688;\n    }\n\n    .xbrele-ext-link {\n        color: #555;\n        text-decoration: underline;\n        font-style: italic;\n    }\n\n    .xbrele-cta-box {\n        background: linear-gradient(135deg, #009688 0%, #004d40 100%);\n        color: #fff;\n        padding: 60px;\n        border-radius: 8px;\n        text-align: center;\n        margin-top: 60px;\n    }\n    .xbrele-cta-btn {\n        display: inline-block;\n        background-color: #fff;\n        color: #009688 !important;\n        padding: 18px 45px;\n        font-weight: 800;\n        text-transform: uppercase;\n        border-radius: 4px;\n        text-decoration: none;\n        margin-top: 25px;\n        font-size: 18px;\n        box-shadow: 0 4px 6px rgba(0,0,0,0.2);\n    }\n    .xbrele-cta-btn:hover {\n        background-color: #f4f4f4;\n        transform: translateY(-2px);\n    }\n<\/style>\n\n<div class=\"xbrele-pro-page\">\n\n    <div class=\"xbrele-section\">\n        <div class=\"xbrele-container\">\n            <h1>Hersteller von Schaltanlagenkomponenten und OEM-L\u00f6sungen<\/h1>\n            \n            <img decoding=\"async\" src=\"https:\/\/xbrele.com\/wp-content\/uploads\/2025\/12\/switchgear-component-manufacturing-factory.webp\" \n                 alt=\"XBRELE Hersteller von Schaltanlagenkomponenten Fabrik f\u00fcr Kontaktk\u00e4sten und Isolatoren\" \n                 class=\"xbrele-hero-img\" \/>\n\n            <p>\n                Die Herstellung von Schaltanlagenkomponenten ist die grundlegende Industrie, die den Zusammenbau von Mittelspannungs- (MV) und Hochspannungs- (HV) Schalttafeln erm\u00f6glicht. Sie umfasst die Pr\u00e4zisionsfertigung kritischer \u201cpassiver\u201d Teile \u2013 wie Epoxidisolierungen, Erdungsschalter und mechanische Verriegelungen \u2013, die die Sicherheit und Funktionalit\u00e4t von KYN28-, XGN- und Ring Main Units (RMU) gew\u00e4hrleisten. Als spezialisiertes Unternehmen <strong>Hersteller von Schaltanlagenkomponenten<\/strong>, XBRELE ist das unsichtbare R\u00fcckgrat f\u00fcr Schaltschrankbauer weltweit. Von 12-kV-Anschlussdosen bis hin zu 40,5-kV-Wanddurchf\u00fchrungen bieten wir die wesentlichen Bausteine, mit denen OEMs zuverl\u00e4ssige, IEC-konforme Schaltanlagen effizient und sicher zusammenbauen k\u00f6nnen.\n            <\/p>\n        <\/div>\n    <\/div>\n\n    <div class=\"xbrele-section bg-light\">\n        <div class=\"xbrele-container\">\n            <h2>Fertigungsprozess f\u00fcr Schaltanlagenkomponenten<\/h2>\n            <p>\n                Der Herstellungsprozess f\u00fcr Schaltanlagenkomponenten ist vielf\u00e4ltig und erfordert Fachwissen sowohl in der Polymerchemie als auch in der Metallverarbeitung. Bei XBRELE sind unsere Produktionslinien so segmentiert, dass sie diese unterschiedlichen Disziplinen abdecken und gleichzeitig eine nahtlose Integration in die Endmontage gew\u00e4hrleisten.\n            <\/p>\n            <p>\n                <strong>Isolierformteil (APG-Verfahren):<\/strong> F\u00fcr <a href=\"https:\/\/xbrele.com\/de\/switchgear-parts\/contact-box\/\" class=\"xbrele-link\">Kontaktboxen (Ausl\u00e4ufe)<\/a> und Wanddurchf\u00fchrungen verwenden wir das automatische Druckgelierverfahren (APG). Dabei wird Epoxidharz mit Silikah\u00e4rtern unter Vakuum vorgemischt, um Luftblasen zu entfernen, und anschlie\u00dfend in erhitzte Stahlformen injiziert. Diese Technik gew\u00e4hrleistet eine hohe Ma\u00dfgenauigkeit und eine hervorragende Durchschlagfestigkeit, was f\u00fcr die Verhinderung von Teilentladungen unerl\u00e4sslich ist.\n            <\/p>\n            <p>\n                <strong>Metallverarbeitung und -bearbeitung:<\/strong> Komponenten wie die <a href=\"https:\/\/xbrele.com\/de\/switchgear-parts\/earthing-switch\/\" class=\"xbrele-link\">JN15 Erdungsschalter<\/a> und VCB-Chassis-Lkw erfordern robuste mechanische Strukturen. Wir verarbeiten hochfesten Stahl mit CNC-Stanz- und Biegemaschinen, um Rahmen herzustellen, die den elektrodynamischen Kr\u00e4ften eines Kurzschlusses (bis zu 40 kA) standhalten k\u00f6nnen. Die Kupferkontakte sind versilbert, um einen geringen Widerstand zu gew\u00e4hrleisten.\n            <\/p>\n            <p>\n                <strong>Montage und Integration:<\/strong> Die letzte Phase umfasst die Montage mehrteiliger Mechanismen, wie beispielsweise der <a href=\"https:\/\/xbrele.com\/de\/switchgear-parts\/switchgear-components\/\" class=\"xbrele-link\">F\u00fcnf-Punkte-Sicherheitssystem<\/a>. Techniker montieren Federn, Hebel und Sperrmagnete und testen die Logik, um sicherzustellen, dass ein Schaltanlagenbediener keinen gef\u00e4hrlichen Fehler machen kann (z. B. das Schlie\u00dfen des Erdungsschalters an einer unter Spannung stehenden Sammelschiene).\n            <\/p>\n        <\/div>\n    <\/div>\n\n    <div class=\"xbrele-section\">\n        <div class=\"xbrele-container\">\n            <h2>In der Komponentenfertigung verwendete Rohstoffe<\/h2>\n            <p>\n                Die Zuverl\u00e4ssigkeit einer Schaltanlage beginnt bei den Rohstoffen ihrer kleinsten Komponenten. XBRELE verwendet ausschlie\u00dflich zertifizierte Materialien, um Langlebigkeit und Sicherheit zu gew\u00e4hrleisten.\n            <\/p>\n            <ul class=\"xbrele-list\">\n                <li><strong>Epoxidharzsystem:<\/strong> Wir verwenden hochwertiges Bisphenol-A-Epoxidharz in Kombination mit hochreinem Siliziumdioxidpulver. Diese Zusammensetzung sorgt f\u00fcr eine hohe Glas\u00fcbergangstemperatur (Tg &gt; 110 \u00b0C) und gew\u00e4hrleistet, dass die Isolatoren auch in hei\u00dfen Umgebungen von Umspannwerken stabil bleiben.<\/li>\n                <li><strong>Elektrolytisches Kupfer (T2):<\/strong> F\u00fcr alle stromf\u00fchrenden Teile, wie beispielsweise die festen Kontakte in einem Kontaktkasten oder die Klingen eines Erdungsschalters, verwenden wir T2-Kupfer (Reinheit 99,91 TP3T) mit einer Versilberung (8\u201312 \u03bcm), um die Leitf\u00e4higkeit zu maximieren.<\/li>\n                <li><strong>Kaltgewalzter Stahl (SPCC):<\/strong> Wird f\u00fcr Fahrgestelle von Lastwagen und Verriegelungsmechanismen verwendet. Diese Teile werden zur Korrosionsbest\u00e4ndigkeit verzinkt oder vernickelt und bestehen den 72-st\u00fcndigen Salzspr\u00fchtest.<\/li>\n                <li><strong>Polycarbonat (PC) und Nylon:<\/strong> F\u00fcr Spannungsanzeiger und Sekund\u00e4rverkabelungsstecker verwenden wir flammhemmende Thermoplaste (UL94 V-0-Klasse), um die Brandsicherheit im Niederspannungsbereich zu gew\u00e4hrleisten.<\/li>\n            <\/ul>\n        <\/div>\n    <\/div>\n\n    <div class=\"xbrele-section bg-light\">\n        <div class=\"xbrele-container\">\n            <h2>Wesentliche Fertigungsanlagen<\/h2>\n            <p>\n                Die Herstellung vielf\u00e4ltiger Schaltanlagenkomponenten erfordert eine vielseitige Fertigungsanlage. XBRELE hat in Spezialmaschinen investiert, um die Qualit\u00e4t sowohl der Isolierung als auch der mechanischen Teile zu kontrollieren.\n            <\/p>\n            <p>\n                <strong>APG-Spannmaschinen:<\/strong> Unsere Isolierwerkstatt ist mit hydraulischen APG-Klemmenmaschinen ausgestattet. Diese erm\u00f6glichen es uns, komplexe Formen wie <a href=\"https:\/\/xbrele.com\/de\/switchgear-parts\/post-insulator\/\" class=\"xbrele-link\">Mastisolatoren<\/a> mit eingebetteten Gewindeeins\u00e4tzen in einem einzigen Arbeitsgang, wodurch eine hohe mechanische Ausrei\u00dffestigkeit gew\u00e4hrleistet wird.\n            <\/p>\n            <p>\n                <strong>CNC-Revolverstanzmaschinen und Laser:<\/strong> Bei Erdungsschaltern und Geh\u00e4usen ist Pr\u00e4zision entscheidend f\u00fcr einen reibungslosen Ein- und Ausbau. Unsere CNC-Bearbeitungszentren schneiden Stahlplatten mit einer Toleranz von 0,1 mm, sodass jedes Ersatzteil ohne Feilen oder Schleifen perfekt in die Blende passt.\n            <\/p>\n            <p>\n                <strong>Oberfl\u00e4chenbehandlungslinien:<\/strong> W\u00e4hrend kleinere Werkst\u00e4tten diese Arbeiten h\u00e4ufig auslagern, unterzieht XBRELE seine Partner f\u00fcr die Versilberung und Verzinkung strengen Kontrollen, um sicherzustellen, dass die Dicke und Haftung den IEC-Normen f\u00fcr feuchte tropische Umgebungen entsprechen.\n            <\/p>\n        <\/div>\n    <\/div>\n\n    <div class=\"xbrele-section\">\n        <div class=\"xbrele-container\">\n            <h2>Pr\u00fcfverfahren f\u00fcr Schaltanlagenkomponenten<\/h2>\n            <p>\n                Selbst ein einziger defekter Isolator kann zu einem Totalausfall der Schaltanlage f\u00fchren. Daher setzt XBRELE eine \u201cNull-Fehler\u201d-Pr\u00fcfpolitik f\u00fcr alle Komponenten durch, die den Normen IEC 60694 und IEC 62271-102 entsprechen.\n            <\/p>\n            \n            <table class=\"xbrele-tech-table\">\n                <tr>\n                    <th>Testname<\/th>\n                    <th>Komponente Ziel<\/th>\n                    <th>Zweck<\/th>\n                <\/tr>\n                <tr>\n                    <td><strong>R\u00f6ntgenfehlererkennung<\/strong><\/td>\n                    <td>Isolatoren, Ausl\u00e4ufe<\/td>\n                    <td>Scant die innere Struktur, um Luftblasen oder Risse im Epoxidharz zu erkennen.<\/td>\n                <\/tr>\n                <tr>\n                    <td><strong>Spannungsfestigkeit bei Netzfrequenz<\/strong><\/td>\n                    <td>Isolierteile<\/td>\n                    <td>Wendet 42 kV\/1 min an, um sicherzustellen, dass die Durchschlagfestigkeit die Anforderungen von 12 kV erf\u00fcllt.<\/td>\n                <\/tr>\n                <tr>\n                    <td><strong>Schleifenwiderstandstest<\/strong><\/td>\n                    <td>Erdungsschalter<\/td>\n                    <td>Stellt sicher, dass der Kontaktwiderstand niedrig genug ist, um Kurzschlussstr\u00f6me zu \u00fcbertragen.<\/td>\n                <\/tr>\n                <tr>\n                    <td><strong>Mechanische Belastbarkeit<\/strong><\/td>\n                    <td>Erdungsschalter, Geh\u00e4use<\/td>\n                    <td>2.000 Betriebszyklen zur \u00dcberpr\u00fcfung der Federlebensdauer und der Haltbarkeit des Mechanismus.<\/td>\n                <\/tr>\n                <tr>\n                    <td><strong>Glas\u00fcbergang (Tg)<\/strong><\/td>\n                    <td>Epoxidmaterial<\/td>\n                    <td>Labortest zur \u00dcberpr\u00fcfung der thermischen Stabilit\u00e4t der ausgeh\u00e4rteten Harzcharge.<\/td>\n                <\/tr>\n            <\/table>\n            \n            <p>\n                F\u00fcr unsere JN15-Erdungsschalter f\u00fchren wir au\u00dferdem Kurzzeit-Stromfestigkeitstests (Typpr\u00fcfung) durch, um nachzuweisen, dass sie einen Fehlerstrom von 31,5 kA oder 40 kA 4 Sekunden lang sicher erden k\u00f6nnen, ohne zu verschwei\u00dfen oder zu zerfallen.\n            <\/p>\n        <\/div>\n    <\/div>\n\n    <div class=\"xbrele-section bg-light\">\n        <div class=\"xbrele-container\">\n            <h2>Warum Sie mit einem Hersteller von kundenspezifischen Komponenten zusammenarbeiten sollten<\/h2>\n            <p>\n                Standardkomponenten passen nicht immer zu jedem Projekt. Schalttafelbauer stehen oft vor Herausforderungen bei der Nachr\u00fcstung oder m\u00fcssen spezifische Anforderungen von Versorgungsunternehmen erf\u00fcllen. Ein Hersteller von kundenspezifischen Schaltkomponenten wie XBRELE fungiert als Ihr Engineering-Partner.\n            <\/p>\n            <p>\n                Wir bieten umfassende Anpassungsm\u00f6glichkeiten f\u00fcr <strong>Isolierteile<\/strong>. Wenn Ihre Sammelschienenanordnung eine nicht standardm\u00e4\u00dfige Biegebelastung oder einen bestimmten Kriechweg f\u00fcr eine K\u00fcsteninstallation erfordert, k\u00f6nnen wir die APG-Form modifizieren, um einen kundenspezifischen St\u00fctzisolator oder eine Wanddurchf\u00fchrung herzustellen.\n            <\/p>\n            <p>\n                F\u00fcr <strong>Mechanische Teile<\/strong>, Wir k\u00f6nnen die Breite und den Strich des VCB-Chassis-Trucks an nicht standardm\u00e4\u00dfige Schr\u00e4nke (z. B. 650 mm schmale Platten) anpassen. Diese Flexibilit\u00e4t erm\u00f6glicht es OEMs, kompakte Schaltanlagen zu entwickeln, ohne durch die starren Kataloge gro\u00dfer Konzerne eingeschr\u00e4nkt zu sein.\n            <\/p>\n        <\/div>\n    <\/div>\n\n    <div class=\"xbrele-section\">\n        <div class=\"xbrele-container\">\n            <h2>Hersteller von Schaltanlagenkomponenten sind erfahren<\/h2>\n            <p>\n                Die Herstellung von Komponenten erfordert eine andere Denkweise als die Montage ganzer Paneele. Sie erfordert einen Fokus auf Materialwissenschaft und Konsistenz in der Massenproduktion. XBRELE bringt jahrzehntelange Erfahrung in dieser Nische mit. Wir verstehen die \u201cF\u00fcnf-Punkte-Pr\u00e4ventionslogik\u201d genau, da wir die Schl\u00f6sser selbst herstellen.\n            <\/p>\n            <p>\n                Unsere Erfahrung erstreckt sich auf internationale Normen. Wir wissen, dass sich eine Wanddurchf\u00fchrung f\u00fcr ein Projekt in Russland (GOST-Norm) von einer in S\u00fcdostasien (IEC-Norm) unterscheiden kann. Erfahrene Hersteller ber\u00fccksichtigen diese Nuancen und stellen sicher, dass die von Ihnen gekauften Komponenten die Endabnahmepr\u00fcfung Ihrer kompletten Schaltanlage bestehen.\n            <\/p>\n        <\/div>\n    <\/div>\n\n    <div class=\"xbrele-section bg-light\">\n        <div class=\"xbrele-container\">\n            <h2>Kosteneffiziente Lieferkettenl\u00f6sungen<\/h2>\n            <p>\n                Die Beschaffung von Schaltanlagenkomponenten von einem spezialisierten Hersteller in China bietet einen erheblichen Kostenvorteil. Durch den Direktkauf bei XBRELE umgehen Schaltanlagenbauer die Aufschl\u00e4ge lokaler H\u00e4ndler. Unser Standort in Yueqing bietet Zugang zur weltweit effizientesten Lieferkette f\u00fcr Kupfer und Epoxidharz.\n            <\/p>\n            <p>\n                Wir bieten auch <strong>CKD (Komplette Demontage)<\/strong> und <strong>SKD<\/strong> Baus\u00e4tze. Anstatt sperrige, fertig montierte Erdungsschalter zu versenden, k\u00f6nnen wir Ihnen die Teile in kompakten Verpackungen zusenden, die Sie vor Ort zusammenbauen k\u00f6nnen. Dadurch werden die Seefrachtkosten und Einfuhrz\u00f6lle drastisch reduziert, sodass Ihre Endpreise f\u00fcr Schaltanlagen in Ihren lokalen Ausschreibungen wesentlich wettbewerbsf\u00e4higer sind.\n            <\/p>\n        <\/div>\n    <\/div>\n\n    <div class=\"xbrele-section\">\n        <div class=\"xbrele-container\">\n            <h2>Anpassungsf\u00e4hige Produktionskapazit\u00e4ten<\/h2>\n            <p>\n                XBRELE zeichnet sich durch bemerkenswerte Flexibilit\u00e4t aus. Wir k\u00f6nnen sowohl hochgradig gemischte Auftr\u00e4ge mit geringen St\u00fcckzahlen f\u00fcr Reparatur- und Wartungsprojekte (z. B. 5 Ersatzkontaktk\u00e4sten) als auch OEM-Auftr\u00e4ge mit hohen St\u00fcckzahlen (z. B. 5.000 St\u00fctzisolatoren f\u00fcr eine Fabrikproduktion) gleicherma\u00dfen effizient bearbeiten.\n            <\/p>\n            <p>\n                Unser Produktangebot deckt das gesamte \u00d6kosystem der KYN28- und XGN-Schr\u00e4nke ab. Vom robusten Erdungsschalter am unteren Ende der Schalttafel bis hin zum winzigen Heizger\u00e4t und Feuchtigkeitsregler im Niederspannungsfach bietet XBRELE alles aus einer Hand. Diese Anpassungsf\u00e4higkeit vereinfacht Ihren Beschaffungsprozess und reduziert den Verwaltungsaufwand f\u00fcr die Verwaltung Dutzender kleiner Lieferanten.\n            <\/p>\n        <\/div>\n    <\/div>\n\n    <div class=\"xbrele-section bg-light\">\n        <div class=\"xbrele-container\">\n            <h2>Nachhaltige Fertigungspraktiken<\/h2>\n            <p>\n                Nachhaltigkeit in der Komponentenfertigung konzentriert sich auf Materialeffizienz und Abfallreduzierung. XBRELE nutzt fortschrittliche APG-Maschinen mit optimierten Heizzyklen, um den Energieverbrauch w\u00e4hrend des Aush\u00e4rtungsprozesses zu reduzieren.\n            <\/p>\n            <p>\n                Wir wenden au\u00dferdem strenge Recyclingvorschriften f\u00fcr unsere Metallabf\u00e4lle an. Die Kupferabf\u00e4lle aus unserem Bearbeitungsprozess werden gesammelt und recycelt, wodurch nur minimale Materialabf\u00e4lle entstehen. Dar\u00fcber hinaus sind alle unsere Isoliermaterialien und Beschichtungsverfahren RoHS-konform, sodass Ihre fertige Schaltanlage den globalen Umweltstandards entspricht.\n            <\/p>\n        <\/div>\n    <\/div>\n\n    <div class=\"xbrele-section\">\n        <div class=\"xbrele-container\">\n            <h2>Vorteile der chinesischen Komponentenfertigung<\/h2>\n            <p>\n                China ist weltweit f\u00fchrend bei Mittelspannungskomponenten. Die Hersteller hier haben eine Produktionsgr\u00f6\u00dfe erreicht, die ein un\u00fcbertroffenes Preis-Leistungs-Verh\u00e4ltnis erm\u00f6glicht. XBRELE nutzt dieses \u00d6kosystem, um Folgendes anzubieten:\n            <\/p>\n            <ul class=\"xbrele-list\">\n                <li><strong>Geschwindigkeit:<\/strong> Die Entwicklung einer neuen Form f\u00fcr einen kundenspezifischen Isolator kann in nur 15 Tagen abgeschlossen werden.<\/li>\n                <li><strong>Kapazit\u00e4t:<\/strong> Unsere t\u00e4gliche Produktionsleistung an Epoxidteilen \u00fcbersteigt 2.000 Einheiten, sodass wir auch einen pl\u00f6tzlichen Anstieg der Nachfrage problemlos bew\u00e4ltigen k\u00f6nnen.<\/li>\n                <li><strong>Integration:<\/strong> Durch unsere N\u00e4he zu VCB-Herstellern stellen wir sicher, dass unsere Komponenten (wie Geh\u00e4use und Ausl\u00e4ufe) eine perfekte mechanische Kompatibilit\u00e4t mit branchen\u00fcblichen Leistungsschaltern wie VS1 und VD4 aufweisen.<\/li>\n            <\/ul>\n        <\/div>\n    <\/div>\n\n    <div class=\"xbrele-section bg-light\">\n        <div class=\"xbrele-container\">\n            <h2>Den richtigen Komponentenhersteller finden<\/h2>\n            <p>\n                Um den besten Lieferanten f\u00fcr Ihre Schaltanlagen-Montagelinie auszuw\u00e4hlen, sollten Sie Folgendes ber\u00fccksichtigen:\n            <\/p>\n            <ul class=\"xbrele-list\">\n                <li><strong>Materialtransparenz:<\/strong> Gibt der Lieferant die Kupferreinheit und die Epoxidqualit\u00e4t an?<\/li>\n                <li><strong>Pr\u00fcfeinrichtungen:<\/strong> Verf\u00fcgen sie \u00fcber eigene R\u00f6ntgen- und Hochspannungslabore?<\/li>\n                <li><strong>Produktbreite:<\/strong> K\u00f6nnen sie das komplette Set (Isolatoren + Sensoren + Schalter) liefern oder nur einen Teil davon?<\/li>\n                <li><strong>Exporterfahrung:<\/strong> Verstehen sie, wie Exportverpackungen funktionieren, um Bruch von zerbrechlichen Epoxidteilen w\u00e4hrend des Transports zu verhindern?<\/li>\n            <\/ul>\n            <p>\n                XBRELE erf\u00fcllt all diese Anforderungen und positioniert uns als idealen strategischen Partner f\u00fcr Ihre Lieferkette.\n            <\/p>\n        <\/div>\n    <\/div>\n\n    <div class=\"xbrele-container\">\n        <div class=\"xbrele-cta-box\">\n            <h2>Bessere Schaltanlagen mit XBRELE-Komponenten bauen<\/h2>\n            <p>Optimieren Sie Ihre Lieferkette mit direkt ab Werk gelieferten Isolierungen und mechanischen Teilen.<\/p>\n            <a href=\"https:\/\/xbrele.com\/de\/contact\/\" class=\"xbrele-cta-btn\">Komponentenkatalog anfordern<\/a>\n        <\/div>\n    <\/div>\n\n<\/div>\n<\/div><\/div><\/div>\n<\/div><\/div>","protected":false},"excerpt":{"rendered":"<p>Switchgear Component Manufacturer &#038; OEM Solutions Switchgear Component manufacturing is the foundational industry that powers the assembly of Medium Voltage (MV) and High Voltage (HV) electrical panels. It involves the precision engineering of critical &#8220;passive&#8221; parts\u2014such as epoxy insulation, earthing switches, and mechanical interlocks\u2014that ensure the safety and functionality of KYN28, XGN, and Ring Main [&hellip;]<\/p>\n","protected":false},"author":1,"featured_media":0,"parent":0,"menu_order":0,"comment_status":"closed","ping_status":"closed","template":"","meta":{"_gspb_post_css":"","footnotes":""},"class_list":["post-1967","page","type-page","status-publish","hentry"],"blocksy_meta":{"has_hero_section":"disabled","vertical_spacing_source":"custom","content_area_spacing":"top","styles_descriptor":{"styles":{"desktop":"","tablet":"","mobile":""},"google_fonts":[],"version":6}},"_links":{"self":[{"href":"https:\/\/xbrele.com\/de\/wp-json\/wp\/v2\/pages\/1967","targetHints":{"allow":["GET"]}}],"collection":[{"href":"https:\/\/xbrele.com\/de\/wp-json\/wp\/v2\/pages"}],"about":[{"href":"https:\/\/xbrele.com\/de\/wp-json\/wp\/v2\/types\/page"}],"author":[{"embeddable":true,"href":"https:\/\/xbrele.com\/de\/wp-json\/wp\/v2\/users\/1"}],"replies":[{"embeddable":true,"href":"https:\/\/xbrele.com\/de\/wp-json\/wp\/v2\/comments?post=1967"}],"version-history":[{"count":3,"href":"https:\/\/xbrele.com\/de\/wp-json\/wp\/v2\/pages\/1967\/revisions"}],"predecessor-version":[{"id":1993,"href":"https:\/\/xbrele.com\/de\/wp-json\/wp\/v2\/pages\/1967\/revisions\/1993"}],"wp:attachment":[{"href":"https:\/\/xbrele.com\/de\/wp-json\/wp\/v2\/media?parent=1967"}],"curies":[{"name":"wp","href":"https:\/\/api.w.org\/{rel}","templated":true}]}}