{"id":786,"date":"2025-03-04T07:26:21","date_gmt":"2025-03-04T07:26:21","guid":{"rendered":"https:\/\/startersites.io\/blocksy\/investboost\/?page_id=3"},"modified":"2025-12-03T16:41:51","modified_gmt":"2025-12-03T16:41:51","slug":"privacy-policy","status":"publish","type":"page","link":"https:\/\/xbrele.com\/de\/privacy-policy\/","title":{"rendered":"Datenschutzerkl\u00e4rung"},"content":{"rendered":"<h2 class=\"wp-block-heading\" id=\"who-we-are\"><strong>Datenschutzerkl\u00e4rung<\/strong><\/h2>\n\n\n\n<p><strong>Zuletzt aktualisiert:<\/strong> 3. Dezember 2025<\/p>\n\n\n\n<p><strong>1. Einleitung<\/strong> Willkommen bei <strong>XBRELE<\/strong> (\u201cwir\u201d, \u201cunser\u201d oder \u201cuns\u201d). Wir sind auf die Herstellung von Hochleistungs-MV\/HV-Schaltanlagenkomponenten spezialisiert und ein nach ISO 9001 zertifizierter Partner f\u00fcr globale \u00dcbertragungs- und Verteilungsprojekte. Wir verpflichten uns, Ihre personenbezogenen Daten und Ihr Recht auf Privatsph\u00e4re zu sch\u00fctzen.<\/p>\n\n\n\n<p>Diese Datenschutzerkl\u00e4rung erl\u00e4utert, wie wir Ihre Daten erfassen, verwenden, weitergeben und sch\u00fctzen, wenn Sie unsere Website besuchen. <strong><a target=\"_blank\" rel=\"noreferrer noopener\" href=\"https:\/\/xbrele.com\/de\/\">https:\/\/xbrele.com<\/a><\/strong> (die \u201cWebsite\u201d) oder mit uns gesch\u00e4ftlich in Kontakt treten.<\/p>\n\n\n\n<p><strong>2. Von uns erfasste Informationen<\/strong> Wir erfassen Informationen, die Sie uns freiwillig zur Verf\u00fcgung stellen, wenn Sie Interesse an Informationen \u00fcber uns oder unsere Produkte bekunden (z. B. durch Anforderung eines Angebots) oder wenn Sie anderweitig mit uns in Kontakt treten.<\/p>\n\n\n\n<ul class=\"wp-block-list\">\n<li><strong>Pers\u00f6nliche Identit\u00e4tsdaten:<\/strong> Name, Berufsbezeichnung, Firmenname.<\/li>\n\n\n\n<li><strong>Kontaktdaten:<\/strong> E-Mail-Adresse, Telefonnummer, Postanschrift, Lieferadresse.<\/li>\n\n\n\n<li><strong>Gesch\u00e4ftsdaten:<\/strong> Projektdetails, Einliniendiagramme (SLD), technische Spezifikationen in den Angebotsformularen.<\/li>\n\n\n\n<li><strong>Technische Daten:<\/strong> IP-Adresse, Browsertyp, Betriebssystem und Zugriffszeiten (werden automatisch \u00fcber Cookies erfasst).<\/li>\n<\/ul>\n\n\n\n<p><strong>3. Wie wir Ihre Daten verwenden<\/strong> Wir verwenden die von uns erfassten oder erhaltenen Informationen f\u00fcr bestimmte gesch\u00e4ftliche Zwecke:<\/p>\n\n\n\n<ul class=\"wp-block-list\">\n<li>Zur Erf\u00fcllung und Verwaltung Ihrer Bestellungen, Rechnungen und Versandlogistik.<\/li>\n\n\n\n<li>Um Ihre technischen Anfragen zu Schaltanlagenkomponenten zu beantworten.<\/li>\n\n\n\n<li>Um die Funktionalit\u00e4t unserer Website und die Benutzererfahrung zu verbessern.<\/li>\n\n\n\n<li>Zum Versenden von administrativen Informationen zu Bestellaktualisierungen oder \u00c4nderungen der Richtlinien.<\/li>\n<\/ul>\n\n\n\n<p><strong>4. Weitergabe Ihrer Daten<\/strong> Wir verkaufen, tauschen oder vermieten Ihre personenbezogenen Daten unter keinen Umst\u00e4nden zu Marketingzwecken an Dritte. Wir geben Informationen nur weiter an:<\/p>\n\n\n\n<ul class=\"wp-block-list\">\n<li><strong>Logistikpartner:<\/strong> Um Produkte an die von Ihnen angegebene Adresse zu liefern (z. B. DHL, FedEx, Spediteure).<\/li>\n\n\n\n<li><strong>Website-Analyse:<\/strong> Tools wie Google Analytics helfen uns dabei, die Nutzung der Website besser zu verstehen.<\/li>\n\n\n\n<li><strong>Gesetzliche Verpflichtungen:<\/strong> Wenn dies gesetzlich vorgeschrieben ist, um einem Gerichtsverfahren, einer gerichtlichen Anordnung oder einem Rechtsverfahren nachzukommen.<\/li>\n<\/ul>\n\n\n\n<p><strong>5. Cookies und Tracking<\/strong> Wir verwenden Cookies, um die Funktionalit\u00e4t der Website zu verbessern. Sie k\u00f6nnen Ihre Browsereinstellungen \u00e4ndern, um Cookies abzulehnen, wenn Sie dies bevorzugen, obwohl dies dazu f\u00fchren kann, dass Sie die Website nicht in vollem Umfang nutzen k\u00f6nnen.<\/p>\n\n\n\n<p><strong>6. Datensicherheit<\/strong> Wir haben geeignete technische und organisatorische Sicherheitsma\u00dfnahmen, einschlie\u00dflich SSL-Verschl\u00fcsselung, implementiert, um Ihre personenbezogenen Daten zu sch\u00fctzen. Bitte beachten Sie jedoch, dass keine \u00dcbertragung \u00fcber das Internet zu 100 % sicher ist.<\/p>\n\n\n\n<p><strong>7. Ihre Datenschutzrechte<\/strong> Je nach Ihrem Standort haben Sie m\u00f6glicherweise das Recht, Zugriff auf Ihre personenbezogenen Daten zu beantragen, diese zu korrigieren oder zu l\u00f6schen. Um diese Rechte auszu\u00fcben, kontaktieren Sie uns bitte unter Verwendung der unten angegebenen Informationen.<\/p>\n\n\n\n<p><strong>8. Kontaktieren Sie uns<\/strong> Wenn Sie Fragen oder Anmerkungen zu dieser Richtlinie haben, wenden Sie sich bitte an:<\/p>\n\n\n\n<p><strong>XBRELE<\/strong> <em>Hersteller von Hochleistungs-MV\/HV-Schaltanlagenkomponenten<\/em><\/p>\n\n\n\n<p><strong>Telefon:<\/strong> +86 138 1977 6763<\/p>\n\n\n\n<p><strong>Adresse:<\/strong> Nr. 196-28, Wei 12 Road, Wirtschaftsentwicklungszone Yueqing, Stadt Yueqing, Provinz Zhejiang, China 325600<\/p>\n\n\n\n<p><strong>E-Mail:<\/strong> sale@xbrele.com<\/p>","protected":false},"excerpt":{"rendered":"<p>Privacy Policy Last Updated: December 3, 2025 1. Introduction Welcome to XBRELE (&#8220;we,&#8221; &#8220;our,&#8221; or &#8220;us&#8221;). We specialize in manufacturing high-performance MV\/HV switchgear components and are an ISO9001 certified partner for global transmission and distribution projects. We are committed to protecting your personal information and your right to privacy. This Privacy Policy explains how we [&hellip;]<\/p>\n","protected":false},"author":1,"featured_media":0,"parent":0,"menu_order":0,"comment_status":"closed","ping_status":"closed","template":"","meta":{"_gspb_post_css":"","footnotes":""},"class_list":["post-786","page","type-page","status-publish","hentry"],"blocksy_meta":{"has_hero_section":"disabled","content_style_source":"inherit","vertical_spacing_source":"custom","content_area_spacing":"bottom","styles_descriptor":{"styles":{"desktop":"","tablet":"","mobile":""},"google_fonts":[],"version":6}},"_links":{"self":[{"href":"https:\/\/xbrele.com\/de\/wp-json\/wp\/v2\/pages\/786","targetHints":{"allow":["GET"]}}],"collection":[{"href":"https:\/\/xbrele.com\/de\/wp-json\/wp\/v2\/pages"}],"about":[{"href":"https:\/\/xbrele.com\/de\/wp-json\/wp\/v2\/types\/page"}],"author":[{"embeddable":true,"href":"https:\/\/xbrele.com\/de\/wp-json\/wp\/v2\/users\/1"}],"replies":[{"embeddable":true,"href":"https:\/\/xbrele.com\/de\/wp-json\/wp\/v2\/comments?post=786"}],"version-history":[{"count":3,"href":"https:\/\/xbrele.com\/de\/wp-json\/wp\/v2\/pages\/786\/revisions"}],"predecessor-version":[{"id":1942,"href":"https:\/\/xbrele.com\/de\/wp-json\/wp\/v2\/pages\/786\/revisions\/1942"}],"wp:attachment":[{"href":"https:\/\/xbrele.com\/de\/wp-json\/wp\/v2\/media?parent=786"}],"curies":[{"name":"wp","href":"https:\/\/api.w.org\/{rel}","templated":true}]}}