{"id":786,"date":"2025-03-04T07:26:21","date_gmt":"2025-03-04T07:26:21","guid":{"rendered":"https:\/\/startersites.io\/blocksy\/investboost\/?page_id=3"},"modified":"2025-12-03T16:41:51","modified_gmt":"2025-12-03T16:41:51","slug":"privacy-policy","status":"publish","type":"page","link":"https:\/\/xbrele.com\/es\/privacy-policy\/","title":{"rendered":"Pol\u00edtica de privacidad"},"content":{"rendered":"<h2 class=\"wp-block-heading\" id=\"who-we-are\"><strong>Pol\u00edtica de privacidad<\/strong><\/h2>\n\n\n\n<p><strong>\u00daltima actualizaci\u00f3n:<\/strong> 3 de diciembre de 2025<\/p>\n\n\n\n<p><strong>1. Introducci\u00f3n<\/strong> Bienvenido a <strong>XBRELE<\/strong> (\u201cnosotros\u201d, \u201cnuestro\u201d o \u201cnos\u201d). Nos especializamos en la fabricaci\u00f3n de componentes de conmutaci\u00f3n MV\/HV de alto rendimiento y somos un socio con certificaci\u00f3n ISO9001 para proyectos globales de transmisi\u00f3n y distribuci\u00f3n. Nos comprometemos a proteger su informaci\u00f3n personal y su derecho a la privacidad.<\/p>\n\n\n\n<p>Esta Pol\u00edtica de privacidad explica c\u00f3mo recopilamos, utilizamos, divulgamos y protegemos su informaci\u00f3n cuando visita nuestro sitio web. <strong><a target=\"_blank\" rel=\"noreferrer noopener\" href=\"https:\/\/xbrele.com\/es\/\">https:\/\/xbrele.com<\/a><\/strong> (el \u201cSitio\u201d) o interactuar con nosotros por motivos comerciales.<\/p>\n\n\n\n<p><strong>2. Informaci\u00f3n que recopilamos<\/strong> Recopilamos la informaci\u00f3n que usted nos proporciona voluntariamente cuando muestra inter\u00e9s en obtener informaci\u00f3n sobre nosotros o nuestros productos (por ejemplo, al solicitar un presupuesto) o cuando se pone en contacto con nosotros.<\/p>\n\n\n\n<ul class=\"wp-block-list\">\n<li><strong>Informaci\u00f3n de identidad personal:<\/strong> Nombre, cargo, nombre de la empresa.<\/li>\n\n\n\n<li><strong>Datos de contacto:<\/strong> Direcci\u00f3n de correo electr\u00f3nico, n\u00famero de tel\u00e9fono, direcci\u00f3n postal, direcci\u00f3n de env\u00edo.<\/li>\n\n\n\n<li><strong>Datos comerciales:<\/strong> Detalles del proyecto, diagramas unifilares (SLD) y especificaciones t\u00e9cnicas proporcionadas en los formularios de solicitud de presupuesto.<\/li>\n\n\n\n<li><strong>Datos t\u00e9cnicos:<\/strong> Direcci\u00f3n IP, tipo de navegador, sistema operativo y horas de acceso (recogidos autom\u00e1ticamente a trav\u00e9s de cookies).<\/li>\n<\/ul>\n\n\n\n<p><strong>3. C\u00f3mo utilizamos su informaci\u00f3n<\/strong> Utilizamos la informaci\u00f3n que recopilamos o recibimos para fines comerciales espec\u00edficos:<\/p>\n\n\n\n<ul class=\"wp-block-list\">\n<li>Para cumplir y gestionar sus pedidos, facturas y log\u00edstica de env\u00edo.<\/li>\n\n\n\n<li>Para responder a sus consultas t\u00e9cnicas sobre componentes de aparatos de conexi\u00f3n.<\/li>\n\n\n\n<li>Para mejorar la funcionalidad de nuestro sitio web y la experiencia del usuario.<\/li>\n\n\n\n<li>Para enviar informaci\u00f3n administrativa relacionada con actualizaciones de pedidos o cambios en las pol\u00edticas.<\/li>\n<\/ul>\n\n\n\n<p><strong>4. Compartir su informaci\u00f3n<\/strong> No vendemos, intercambiamos ni alquilamos su informaci\u00f3n personal a terceros con fines comerciales. Solo compartimos informaci\u00f3n con:<\/p>\n\n\n\n<ul class=\"wp-block-list\">\n<li><strong>Socios log\u00edsticos:<\/strong> Para entregar los productos en la direcci\u00f3n que nos indique (por ejemplo, DHL, FedEx, transportistas).<\/li>\n\n\n\n<li><strong>An\u00e1lisis de sitios web:<\/strong> Herramientas como Google Analytics nos ayudan a comprender el uso del sitio web.<\/li>\n\n\n\n<li><strong>Obligaciones legales:<\/strong> Cuando lo exija la ley para cumplir con un procedimiento judicial, una orden judicial o un proceso legal.<\/li>\n<\/ul>\n\n\n\n<p><strong>5. Cookies y seguimiento<\/strong> Utilizamos cookies para mejorar la funcionalidad del sitio web. Si lo prefiere, puede modificar la configuraci\u00f3n de su navegador para rechazar las cookies, aunque esto puede impedirle aprovechar al m\u00e1ximo el sitio web.<\/p>\n\n\n\n<p><strong>6. Seguridad de los datos<\/strong> Hemos implementado medidas de seguridad t\u00e9cnicas y organizativas adecuadas, incluido el cifrado SSL, para proteger su informaci\u00f3n personal. Sin embargo, recuerde que ninguna transmisi\u00f3n por Internet es 100 % segura.<\/p>\n\n\n\n<p><strong>7. Sus derechos de privacidad<\/strong> Dependiendo de su ubicaci\u00f3n, es posible que tenga derecho a solicitar el acceso, la rectificaci\u00f3n o la supresi\u00f3n de sus datos personales. Para ejercer estos derechos, p\u00f3ngase en contacto con nosotros utilizando la informaci\u00f3n que se indica a continuaci\u00f3n.<\/p>\n\n\n\n<p><strong>8. Cont\u00e1ctenos<\/strong> Si tiene alguna pregunta o comentario sobre esta pol\u00edtica, p\u00f3ngase en contacto con nosotros en:<\/p>\n\n\n\n<p><strong>XBRELE<\/strong> <em>Fabricante de componentes de aparatos de conexi\u00f3n de media y alta tensi\u00f3n de alto rendimiento<\/em><\/p>\n\n\n\n<p><strong>Tel\u00e9fono:<\/strong> +86 138 1977 6763<\/p>\n\n\n\n<p><strong>Direcci\u00f3n:<\/strong> N.\u00ba 196-28, Wei 12 Road, Zona de Desarrollo Econ\u00f3mico de Yueqing, ciudad de Yueqing, provincia de Zhejiang, China 325600<\/p>\n\n\n\n<p><strong>Correo electr\u00f3nico:<\/strong> sale@xbrele.com<\/p>","protected":false},"excerpt":{"rendered":"<p>Privacy Policy Last Updated: December 3, 2025 1. Introduction Welcome to XBRELE (&#8220;we,&#8221; &#8220;our,&#8221; or &#8220;us&#8221;). We specialize in manufacturing high-performance MV\/HV switchgear components and are an ISO9001 certified partner for global transmission and distribution projects. We are committed to protecting your personal information and your right to privacy. This Privacy Policy explains how we [&hellip;]<\/p>\n","protected":false},"author":1,"featured_media":0,"parent":0,"menu_order":0,"comment_status":"closed","ping_status":"closed","template":"","meta":{"_gspb_post_css":"","footnotes":""},"class_list":["post-786","page","type-page","status-publish","hentry"],"blocksy_meta":{"has_hero_section":"disabled","content_style_source":"inherit","vertical_spacing_source":"custom","content_area_spacing":"bottom","styles_descriptor":{"styles":{"desktop":"","tablet":"","mobile":""},"google_fonts":[],"version":6}},"_links":{"self":[{"href":"https:\/\/xbrele.com\/es\/wp-json\/wp\/v2\/pages\/786","targetHints":{"allow":["GET"]}}],"collection":[{"href":"https:\/\/xbrele.com\/es\/wp-json\/wp\/v2\/pages"}],"about":[{"href":"https:\/\/xbrele.com\/es\/wp-json\/wp\/v2\/types\/page"}],"author":[{"embeddable":true,"href":"https:\/\/xbrele.com\/es\/wp-json\/wp\/v2\/users\/1"}],"replies":[{"embeddable":true,"href":"https:\/\/xbrele.com\/es\/wp-json\/wp\/v2\/comments?post=786"}],"version-history":[{"count":3,"href":"https:\/\/xbrele.com\/es\/wp-json\/wp\/v2\/pages\/786\/revisions"}],"predecessor-version":[{"id":1942,"href":"https:\/\/xbrele.com\/es\/wp-json\/wp\/v2\/pages\/786\/revisions\/1942"}],"wp:attachment":[{"href":"https:\/\/xbrele.com\/es\/wp-json\/wp\/v2\/media?parent=786"}],"curies":[{"name":"wp","href":"https:\/\/api.w.org\/{rel}","templated":true}]}}