{"id":1943,"date":"2025-12-03T16:42:33","date_gmt":"2025-12-03T16:42:33","guid":{"rendered":"https:\/\/xbrele.com\/?page_id=1943"},"modified":"2025-12-03T16:43:45","modified_gmt":"2025-12-03T16:43:45","slug":"terms-conditions","status":"publish","type":"page","link":"https:\/\/xbrele.com\/fr\/terms-conditions\/","title":{"rendered":"Conditions g\u00e9n\u00e9rales"},"content":{"rendered":"<p><strong>Derni\u00e8re mise \u00e0 jour :<\/strong> 3 d\u00e9cembre 2025<\/p>\n\n\n\n<p><strong>1. Acceptation des conditions g\u00e9n\u00e9rales<\/strong> Bienvenue \u00e0 <strong>XBRELE<\/strong> (\u201c nous \u201d, \u201c notre \u201d ou \u201c nos \u201d). Les pr\u00e9sentes conditions g\u00e9n\u00e9rales r\u00e9gissent la vente de composants d'appareillage de commutation, de transformateurs et de produits connexes par <strong>Yueqing XBRELE Electric Co., Ltd.<\/strong> \u00e0 vous (\u201c acheteur \u201d ou \u201c client \u201d). En passant une commande, en demandant un devis ou en utilisant notre site Web <strong><a target=\"_blank\" rel=\"noreferrer noopener\" href=\"https:\/\/xbrele.com\/fr\/\">https:\/\/xbrele.com<\/a><\/strong>, vous acceptez d'\u00eatre li\u00e9 par ces conditions.<\/p>\n\n\n\n<p><strong>2. Produits et sp\u00e9cifications<\/strong> Toutes les descriptions, images et sp\u00e9cifications techniques fournies sur notre site Web ou dans nos catalogues sont uniquement \u00e0 titre indicatif.<\/p>\n\n\n\n<ul class=\"wp-block-list\">\n<li><strong>Personnalisation :<\/strong> En tant que fabricant OEM, nous produisons des composants sur la base des dessins techniques et des param\u00e8tres sp\u00e9cifiques confirm\u00e9s dans la facture pro forma (PI) ou l'accord technique.<\/li>\n\n\n\n<li><strong>Modifications :<\/strong> Nous nous r\u00e9servons le droit d'apporter des modifications techniques mineures afin d'am\u00e9liorer les performances du produit sans pr\u00e9avis, \u00e0 condition que ces modifications n'affectent pas la forme, l'ajustement ou la fonction des marchandises.<\/li>\n<\/ul>\n\n\n\n<p><strong>3. Devis et commandes<\/strong><\/p>\n\n\n\n<ul class=\"wp-block-list\">\n<li><strong>Citations :<\/strong> Les devis sont valables pendant 30 jours \u00e0 compter de la date d'\u00e9mission, sauf indication contraire. Les prix sont g\u00e9n\u00e9ralement indiqu\u00e9s en USD (dollars am\u00e9ricains) sur une base <strong>EXW<\/strong> (d\u00e9part usine) ou <strong>FOB<\/strong> (Franco \u00e0 bord), sauf accord contraire.<\/li>\n\n\n\n<li><strong>Acceptation de la commande :<\/strong> Une commande pass\u00e9e par l'Acheteur est consid\u00e9r\u00e9e comme une offre d'achat. Le contrat n'est conclu que lorsque XBRELE \u00e9met une confirmation de commande ou une facture pro forma \u00e9crite.<\/li>\n<\/ul>\n\n\n\n<p><strong>4. Conditions de paiement<\/strong> Sauf accord \u00e9crit contraire, nos conditions de paiement standard pour les commandes internationales sont les suivantes :<\/p>\n\n\n\n<ul class=\"wp-block-list\">\n<li><strong>Virement t\u00e9l\u00e9graphique (T\/T) :<\/strong> 30% d'acompte \u00e0 la confirmation de la commande, et le solde restant de 70% avant l'exp\u00e9dition.<\/li>\n\n\n\n<li><strong>Lettre de cr\u00e9dit (L\/C) :<\/strong> Une lettre de cr\u00e9dit irr\u00e9vocable \u00e0 vue peut \u00eatre accept\u00e9e pour les commandes d\u00e9passant une certaine valeur (sous r\u00e9serve de n\u00e9gociation).<\/li>\n\n\n\n<li>Tous les frais bancaires et frais de transfert encourus en dehors de la Chine sont \u00e0 la charge de l'acheteur.<\/li>\n<\/ul>\n\n\n\n<p><strong>5. Exp\u00e9dition et livraison<\/strong><\/p>\n\n\n\n<ul class=\"wp-block-list\">\n<li><strong>Incoterms :<\/strong> Les exp\u00e9ditions sont r\u00e9gies par <strong>Incoterms 2020<\/strong>. Le risque de perte ou d'endommagement des produits est transf\u00e9r\u00e9 \u00e0 l'acheteur d\u00e8s la remise au transporteur (pour les conditions FOB\/CIF) ou d\u00e8s leur mise \u00e0 disposition dans notre usine (pour les conditions EXW).<\/li>\n\n\n\n<li><strong>D\u00e9lai de livraison :<\/strong> Les d\u00e9lais estim\u00e9s (par exemple, 15 \u00e0 30 jours) commencent \u00e0 compter de la date de r\u00e9ception de l'acompte. Nous ne sommes pas responsables des retards caus\u00e9s par des cas de force majeure, le d\u00e9douanement ou les retards des transporteurs.<\/li>\n<\/ul>\n\n\n\n<p><strong>6. Garantie et d\u00e9fauts<\/strong> XBRELE garantit que les produits seront exempts de d\u00e9fauts de mat\u00e9riaux et de fabrication dans des conditions normales d'utilisation.<\/p>\n\n\n\n<ul class=\"wp-block-list\">\n<li><strong>P\u00e9riode de garantie :<\/strong> La p\u00e9riode de garantie standard est de <strong>12 mois<\/strong> \u00e0 compter de la date du connaissement (B\/L), sauf si une autre p\u00e9riode est sp\u00e9cifi\u00e9e dans le contrat.<\/li>\n\n\n\n<li><strong>Rem\u00e8de :<\/strong> Si un produit s'av\u00e8re d\u00e9fectueux pendant la p\u00e9riode de garantie, notre seule obligation est de r\u00e9parer ou de remplacer gratuitement la pi\u00e8ce d\u00e9fectueuse. Cette garantie ne couvre pas les dommages caus\u00e9s par une installation incorrecte, une mauvaise utilisation, une modification non autoris\u00e9e ou l'usure normale.<\/li>\n<\/ul>\n\n\n\n<p><strong>7. Limitation de responsabilit\u00e9<\/strong> Dans la mesure maximale permise par la loi, XBRELE ne saurait \u00eatre tenu responsable des dommages indirects, accessoires, sp\u00e9ciaux ou cons\u00e9cutifs (y compris la perte de profits, les temps d'arr\u00eat ou l'interruption d'activit\u00e9) r\u00e9sultant de la vente ou de l'utilisation des produits. Notre responsabilit\u00e9 totale ne saurait d\u00e9passer le prix d'achat du produit sp\u00e9cifique donnant lieu \u00e0 la r\u00e9clamation.<\/p>\n\n\n\n<p><strong>8. Propri\u00e9t\u00e9 intellectuelle<\/strong> Tous les dessins techniques, conceptions et sp\u00e9cifications fournis par XBRELE restent notre propri\u00e9t\u00e9 intellectuelle. L'acheteur ne doit pas reproduire ou divulguer ces informations \u00e0 des tiers sans notre consentement \u00e9crit pr\u00e9alable. Si nous fabriquons des produits bas\u00e9s sur les conceptions de l'acheteur, celui-ci garantit que ces conceptions ne portent pas atteinte aux droits de propri\u00e9t\u00e9 intellectuelle d'un tiers.<\/p>\n\n\n\n<p><strong>9. Droit applicable<\/strong> Les pr\u00e9sentes conditions g\u00e9n\u00e9rales sont r\u00e9gies et interpr\u00e9t\u00e9es conform\u00e9ment aux lois du <strong>R\u00e9publique populaire de Chine<\/strong>. Tout litige d\u00e9coulant des pr\u00e9sentes conditions sera r\u00e9gl\u00e9 \u00e0 l'amiable ; \u00e0 d\u00e9faut, il sera soumis au tribunal comp\u00e9tent de <strong>Ville de Yueqing, province du Zhejiang<\/strong>.<\/p>\n\n\n\n<p><strong>10. Coordonn\u00e9es<\/strong> Si vous avez des questions concernant les pr\u00e9sentes conditions g\u00e9n\u00e9rales, veuillez nous contacter :<\/p>\n\n\n\n<p><strong>XBRELE<\/strong><\/p>\n\n\n\n<ul class=\"wp-block-list\">\n<li><strong>Adresse :<\/strong> N\u00b0 196-28, route Wei 12, zone de d\u00e9veloppement \u00e9conomique de Yueqing, ville de Yueqing, province du Zhejiang, Chine 325600<\/li>\n\n\n\n<li><strong>Courriel :<\/strong> sale@xbrele.com<\/li>\n\n\n\n<li><strong>T\u00e9l\u00e9phone :<\/strong> +86 138 1977 6763<\/li>\n<\/ul>","protected":false},"excerpt":{"rendered":"<p>Last Updated: December 3, 2025 1. Acceptance of Terms Welcome to XBRELE (&#8220;we,&#8221; &#8220;our,&#8221; or &#8220;us&#8221;). These Terms and Conditions govern the sale of switchgear components, transformers, and related products by Yueqing XBRELE Electric Co., Ltd. to you (&#8220;Buyer&#8221; or &#8220;Customer&#8221;). By placing an order, requesting a quote, or using our website https:\/\/xbrele.com, you agree [&hellip;]<\/p>\n","protected":false},"author":1,"featured_media":0,"parent":0,"menu_order":0,"comment_status":"closed","ping_status":"closed","template":"","meta":{"_gspb_post_css":"","footnotes":""},"class_list":["post-1943","page","type-page","status-publish","hentry"],"blocksy_meta":{"has_hero_section":"disabled","vertical_spacing_source":"custom","content_area_spacing":"bottom","styles_descriptor":{"styles":{"desktop":"","tablet":"","mobile":""},"google_fonts":[],"version":6}},"_links":{"self":[{"href":"https:\/\/xbrele.com\/fr\/wp-json\/wp\/v2\/pages\/1943","targetHints":{"allow":["GET"]}}],"collection":[{"href":"https:\/\/xbrele.com\/fr\/wp-json\/wp\/v2\/pages"}],"about":[{"href":"https:\/\/xbrele.com\/fr\/wp-json\/wp\/v2\/types\/page"}],"author":[{"embeddable":true,"href":"https:\/\/xbrele.com\/fr\/wp-json\/wp\/v2\/users\/1"}],"replies":[{"embeddable":true,"href":"https:\/\/xbrele.com\/fr\/wp-json\/wp\/v2\/comments?post=1943"}],"version-history":[{"count":1,"href":"https:\/\/xbrele.com\/fr\/wp-json\/wp\/v2\/pages\/1943\/revisions"}],"predecessor-version":[{"id":1944,"href":"https:\/\/xbrele.com\/fr\/wp-json\/wp\/v2\/pages\/1943\/revisions\/1944"}],"wp:attachment":[{"href":"https:\/\/xbrele.com\/fr\/wp-json\/wp\/v2\/media?parent=1943"}],"curies":[{"name":"wp","href":"https:\/\/api.w.org\/{rel}","templated":true}]}}