{"id":1963,"date":"2025-12-04T13:53:51","date_gmt":"2025-12-04T13:53:51","guid":{"rendered":"https:\/\/xbrele.com\/?page_id=1963"},"modified":"2025-12-04T15:16:51","modified_gmt":"2025-12-04T15:16:51","slug":"vacuum-contactor-manufacturer","status":"publish","type":"page","link":"https:\/\/xbrele.com\/fr\/vacuum-contactor-manufacturer\/","title":{"rendered":"Fabricant de contacteurs \u00e0 vide"},"content":{"rendered":"<div class=\"wp-block-stackable-columns alignfull stk-block-columns stk-block stk-e0fd90d\" data-block-id=\"e0fd90d\"><div class=\"stk-row stk-inner-blocks stk-block-content stk-content-align stk-e0fd90d-column alignfull\">\n<div class=\"wp-block-stackable-column stk-block-column stk-column stk-block stk-3f3b46e\" data-v=\"4\" data-block-id=\"3f3b46e\"><div class=\"stk-column-wrapper stk-block-column__content stk-container stk-3f3b46e-container stk--no-background stk--no-padding\"><div class=\"stk-block-content stk-inner-blocks stk-3f3b46e-inner-blocks\">\n<style>\n    \/* --- XBRELE PRO STYLE SYSTEM (v5.1 - Contactor Edition) --- *\/\n    \n    .xbrele-pro-page {\n        font-family: -apple-system, BlinkMacSystemFont, \"Segoe UI\", Roboto, \"Helvetica Neue\", Arial, sans-serif;\n        color: #111;\n        line-height: 1.7; \n        font-size: 18px; \n        font-weight: 400;\n        background-color: #fff;\n    }\n\n    .xbrele-container {\n        max-width: 1200px;\n        margin: 0 auto;\n        padding: 0 20px;\n    }\n\n    .xbrele-section {\n        padding: 60px 0;\n        border-bottom: 1px solid #f0f0f0;\n    }\n    .xbrele-section.bg-light {\n        background-color: #f8fbfb;\n    }\n\n    .xbrele-pro-page h1 {\n        font-size: 42px;\n        font-weight: 800;\n        text-align: center;\n        margin-bottom: 30px;\n        color: #000;\n        letter-spacing: -0.5px;\n    }\n    \n    .xbrele-pro-page h2 {\n        font-size: 30px;\n        color: #000;\n        margin-top: 50px;\n        margin-bottom: 25px;\n        position: relative;\n        padding-left: 20px;\n        border-left: 8px solid #009688; \/* XBRELE Teal *\/\n        font-weight: 700;\n        text-transform: uppercase;\n    }\n    \n    .xbrele-pro-page h3 {\n        font-size: 22px;\n        font-weight: 700;\n        margin-top: 35px;\n        margin-bottom: 15px;\n        color: #009688;\n    }\n\n    .xbrele-pro-page p {\n        margin-bottom: 25px;\n        color: #222;\n        text-align: justify;\n    }\n\n    \/* Hero \u56fe\u7247\u6837\u5f0f *\/\n    .xbrele-hero-img {\n        width: 100%;\n        height: auto;\n        border-radius: 6px;\n        margin-bottom: 40px;\n        box-shadow: 0 4px 12px rgba(0,0,0,0.1);\n        display: block;\n    }\n\n    .xbrele-list {\n        list-style: none;\n        padding: 0;\n        margin-bottom: 30px;\n    }\n    .xbrele-list li {\n        position: relative;\n        padding-left: 30px;\n        margin-bottom: 12px;\n        color: #222;\n    }\n    .xbrele-list li::before {\n        content: \"\u25a0\";\n        position: absolute;\n        left: 0;\n        color: #009688;\n        font-size: 14px;\n        top: 6px;\n    }\n\n    .xbrele-tech-table {\n        width: 100%;\n        border-collapse: collapse;\n        margin: 40px 0;\n        box-shadow: 0 5px 15px rgba(0,0,0,0.05);\n        font-size: 16px;\n    }\n    .xbrele-tech-table th, .xbrele-tech-table td {\n        padding: 18px;\n        border: 1px solid #ddd;\n    }\n    .xbrele-tech-table th {\n        background-color: #009688;\n        color: #fff;\n        font-weight: 700;\n        text-align: left;\n    }\n    .xbrele-tech-table tr:nth-child(even) {\n        background-color: #fcfcfc;\n    }\n\n    .xbrele-link {\n        color: #009688;\n        font-weight: 700;\n        text-decoration: none;\n        border-bottom: 2px solid rgba(0,150,136,0.2);\n        transition: all 0.2s;\n    }\n    .xbrele-link:hover {\n        background-color: rgba(0,150,136,0.1);\n        border-bottom-color: #009688;\n    }\n\n    .xbrele-ext-link {\n        color: #555;\n        text-decoration: underline;\n        font-style: italic;\n    }\n\n    .xbrele-cta-box {\n        background: linear-gradient(135deg, #009688 0%, #004d40 100%);\n        color: #fff;\n        padding: 60px;\n        border-radius: 8px;\n        text-align: center;\n        margin-top: 60px;\n    }\n    .xbrele-cta-btn {\n        display: inline-block;\n        background-color: #fff;\n        color: #009688 !important;\n        padding: 18px 45px;\n        font-weight: 800;\n        text-transform: uppercase;\n        border-radius: 4px;\n        text-decoration: none;\n        margin-top: 25px;\n        font-size: 18px;\n        box-shadow: 0 4px 6px rgba(0,0,0,0.2);\n    }\n    .xbrele-cta-btn:hover {\n        background-color: #f4f4f4;\n        transform: translateY(-2px);\n    }\n<\/style>\n\n<div class=\"xbrele-pro-page\">\n\n    <div class=\"xbrele-section\">\n        <div class=\"xbrele-container\">\n            <h1>Fabricant de contacteurs \u00e0 vide et solutions OEM<\/h1>\n            \n            <img decoding=\"async\" src=\"https:\/\/xbrele.com\/wp-content\/uploads\/2025\/12\/vacuum-contactor-factory-production-line.webp\" \n                 alt=\"Usine de fabrication de contacteurs \u00e0 vide XBRELE pour contacteurs haute tension et miniers\" \n                 class=\"xbrele-hero-img\" \/>\n\n            <p>\n                La fabrication de contacteurs \u00e0 vide est un domaine sp\u00e9cialis\u00e9 de l'ing\u00e9nierie \u00e9lectrique qui se concentre sur la production de dispositifs de commutation \u00e0 haute endurance destin\u00e9s \u00e0 des applications \u00e0 fonctionnement fr\u00e9quent. Contrairement aux disjoncteurs, qui sont con\u00e7us pour prot\u00e9ger contre les d\u00e9fauts rares, les contacteurs \u00e0 vide sont les chevaux de bataille de l'industrie, con\u00e7us pour commuter des moteurs, des transformateurs et des batteries de condensateurs des centaines de milliers de fois. En tant que premier <strong>Fabricant de contacteurs \u00e0 vide<\/strong>, XBRELE produit une gamme compl\u00e8te d'unit\u00e9s basse tension (1,14 kV) et haute tension (7,2 kV \u2013 40,5 kV). Notre usine int\u00e8gre une technologie d'entra\u00eenement \u00e9lectromagn\u00e9tique avanc\u00e9e \u00e0 des interrupteurs \u00e0 vide haut de gamme, offrant des solutions de contr\u00f4le fiables pour les secteurs minier, m\u00e9tallurgique et industriel lourd \u00e0 travers le monde.\n            <\/p>\n        <\/div>\n    <\/div>\n\n    <div class=\"xbrele-section bg-light\">\n        <div class=\"xbrele-container\">\n            <h2>Proc\u00e9d\u00e9 de fabrication d'un contacteur \u00e0 vide<\/h2>\n            <p>\n                Le processus de fabrication des contacteurs \u00e0 vide privil\u00e9gie la r\u00e9sistance m\u00e9canique et la coh\u00e9rence \u00e9lectrique. Alors qu'un disjoncteur peut fonctionner 10 000 fois, un contacteur doit fonctionner de mani\u00e8re fiable jusqu'\u00e0 <strong>1 000 000 op\u00e9rations m\u00e9caniques<\/strong>. Cela exige une approche diff\u00e9rente en mati\u00e8re de fabrication.\n            <\/p>\n            <p>\n                <strong>Assemblage du syst\u00e8me \u00e9lectromagn\u00e9tique :<\/strong> Le c\u0153ur d'un contacteur est son entra\u00eenement \u00e0 sol\u00e9no\u00efde. XBRELE enroule ses propres bobines en cuivre de haute qualit\u00e9 et assemble la culasse magn\u00e9tique avec des pi\u00e8ces estamp\u00e9es de pr\u00e9cision. Nous utilisons un circuit sp\u00e9cialement con\u00e7u \u00e0 \u201c double bobine \u201d ou \u00e0 \u201c commande PWM \u201d afin de minimiser la consommation d'\u00e9nergie de maintien et de r\u00e9duire la g\u00e9n\u00e9ration de chaleur pendant le fonctionnement continu.\n            <\/p>\n            <p>\n                <strong>Alignement de l'interrupteur \u00e0 vide :<\/strong> Pour le <a href=\"https:\/\/xbrele.com\/fr\/vacuum-contactor\/jcz-vacuum-contactor\/\" class=\"xbrele-link\">S\u00e9rie haute tension JCZ<\/a>, l'alignement de l'interrupteur \u00e0 vide est essentiel. Nous utilisons des dispositifs automatis\u00e9s pour r\u00e9gler l'\u00e9cartement des contacts et la surcourse avec une pr\u00e9cision de 0,1 mm. Cette pr\u00e9cision garantit la fermeture simultan\u00e9e des trois phases, emp\u00eachant ainsi le \u201c monophasage \u201d qui peut d\u00e9truire les moteurs sensibles.\n            <\/p>\n            <p>\n                <strong>Moulure d'isolation :<\/strong> Pour nos s\u00e9ries destin\u00e9es \u00e0 l'exploitation mini\u00e8re et \u00e0 isolation solide, nous moulons les ch\u00e2ssis \u00e0 l'aide de DMC (Dough Molding Compound) ou de r\u00e9sine \u00e9poxy \u00e0 haute r\u00e9sistance. Cette structure robuste emp\u00eache les d\u00e9faillances dues aux vibrations, une exigence courante pour les \u00e9quipements miniers souterrains.\n            <\/p>\n        <\/div>\n    <\/div>\n\n    <div class=\"xbrele-section\">\n        <div class=\"xbrele-container\">\n            <h2>Mati\u00e8res premi\u00e8res utilis\u00e9es dans la production de contacteurs \u00e0 vide<\/h2>\n            <p>\n                Pour atteindre une fr\u00e9quence de commutation \u00e9lev\u00e9e (jusqu'\u00e0 1 200 fois\/heure), les mat\u00e9riaux utilis\u00e9s dans les contacteurs \u00e0 vide doivent r\u00e9sister \u00e0 des contraintes extr\u00eames. XBRELE s\u00e9lectionne des mat\u00e9riaux pour leur durabilit\u00e9.\n            <\/p>\n            <ul class=\"xbrele-list\">\n                <li><strong>Mat\u00e9riau de contact (WCu vs CuCr) :<\/strong> \u00c0 l'int\u00e9rieur de la bouteille sous vide, nous s\u00e9lectionnons des alliages sp\u00e9cifiques en fonction de la charge. Pour la commutation des condensateurs, nous utilisons des mat\u00e9riaux de contact \u00e0 faible surtension afin d'\u00e9viter les r\u00e9amor\u00e7ages. Pour le d\u00e9marrage de moteurs lourds (service AC-4), nous utilisons des alliages durables de tungst\u00e8ne-cuivre (WCu) ou de CuCr qui r\u00e9sistent \u00e0 l'\u00e9rosion \u00e9lectrique.<\/li>\n                <li><strong>Fil de cuivre \u00e9maill\u00e9 :<\/strong> Nos bobines de commande utilisent du fil de cuivre \u00e9maill\u00e9 de classe H (180 \u00b0C), garantissant la r\u00e9sistance du moteur \u00e9lectromagn\u00e9tique m\u00eame si la temp\u00e9rature ambiante dans la salle des commutateurs augmente consid\u00e9rablement.<\/li>\n                <li><strong>Mat\u00e9riaux isolants :<\/strong> Pour le <a href=\"https:\/\/xbrele.com\/fr\/vacuum-contactor\/low-voltage-vacuum-contactor-solid-series\/\" class=\"xbrele-link\">S\u00e9rie de poteaux encastr\u00e9s solides (LZNJ)<\/a>, nous utilisons une r\u00e9sine \u00e9poxy cycloaliphatique hydrophobe, qui offre une r\u00e9sistance sup\u00e9rieure aux tra\u00een\u00e9es dans les environnements ext\u00e9rieurs ou humides.<\/li>\n            <\/ul>\n        <\/div>\n    <\/div>\n\n    <div class=\"xbrele-section bg-light\">\n        <div class=\"xbrele-container\">\n            <h2>\u00c9quipement de fabrication essentiel<\/h2>\n            <p>\n                La production de contacteurs haute performance repose sur des machines d'assemblage et d'essai sp\u00e9cialis\u00e9es. XBRELE a investi dans une ligne de production enti\u00e8rement \u00e9quip\u00e9e afin de garantir la coh\u00e9rence.\n            <\/p>\n            <p>\n                <strong>Machines \u00e0 remontoir automatique :<\/strong> Afin de garantir la coh\u00e9rence des tensions d'enclenchement et de d\u00e9clenchement dans chaque lot, nos bobines sol\u00e9no\u00efdes sont enroul\u00e9es sur des bobineuses automatiques \u00e0 grande vitesse avec contr\u00f4le de tension.\n            <\/p>\n            <p>\n                <strong>Bancs d'essai de rodage :<\/strong> Contrairement \u00e0 certains fournisseurs qui exp\u00e9dient imm\u00e9diatement apr\u00e8s l'assemblage, XBRELE utilise des bancs d'essai \u201c Mechanical Run-In \u201d. Chaque contacteur subit plus de 300 op\u00e9rations \u00e0 vide afin de stabiliser les ressorts m\u00e9caniques et les loquets avant l'\u00e9talonnage final.\n            <\/p>\n            <p>\n                <strong>Brasage sous vide (contr\u00f4le externalis\u00e9) :<\/strong> Bien que nous nous approvisionnions en bouteilles sous vide aupr\u00e8s de sp\u00e9cialistes de premier plan, nous utilisons des \u00e9quipements IQC rigoureux pour v\u00e9rifier la qualit\u00e9 du brasage et l'int\u00e9grit\u00e9 du vide de chaque lot avant qu'ils n'entrent dans notre cha\u00eene de montage.\n            <\/p>\n        <\/div>\n    <\/div>\n\n    <div class=\"xbrele-section\">\n        <div class=\"xbrele-container\">\n            <h2>Proc\u00e9dures d'essai pour les contacteurs \u00e0 vide<\/h2>\n            <p>\n                Les proc\u00e9dures d'essai des contacteurs \u00e0 vide sont ax\u00e9es sur l'endurance et la fiabilit\u00e9 dans des conditions de cycles fr\u00e9quents. XBRELE applique des crit\u00e8res de qualit\u00e9 stricts conformes aux normes CEI 60470 et GB\/T 14808.\n            <\/p>\n            \n            <table class=\"xbrele-tech-table\">\n                <tr>\n                    <th>Nom du test<\/th>\n                    <th>Standard \/ Limite<\/th>\n                    <th>Objectif<\/th>\n                <\/tr>\n                <tr>\n                    <td><strong>Tension de d\u00e9clenchement et de coupure<\/strong><\/td>\n                    <td>85% \u2013 110% Nous<\/td>\n                    <td>Garantit la fermeture fiable du contacteur m\u00eame en cas de chutes de tension.<\/td>\n                <\/tr>\n                <tr>\n                    <td><strong>R\u00e9sistance \u00e0 la fr\u00e9quence industrielle<\/strong><\/td>\n                    <td>32 kV \/ 42 kV (pour 7,2\/12 kV)<\/td>\n                    <td>V\u00e9rifie la rigidit\u00e9 di\u00e9lectrique entre les contacts ouverts et la terre.<\/td>\n                <\/tr>\n                <tr>\n                    <td><strong>R\u00e9sistance du circuit principal<\/strong><\/td>\n                    <td>&lt; 60-80 \u03bc\u03a9<\/td>\n                    <td>V\u00e9rifie que la pression de contact est correcte afin d'\u00e9viter toute surchauffe.<\/td>\n                <\/tr>\n                <tr>\n                    <td><strong>Test de synchronisation<\/strong><\/td>\n                    <td>Diff\u00e9rence inf\u00e9rieure \u00e0 2 ms<\/td>\n                    <td>Garantit que les trois phases entrent en contact simultan\u00e9ment.<\/td>\n                <\/tr>\n                <tr>\n                    <td><strong>Contr\u00f4le du degr\u00e9 de vide<\/strong><\/td>\n                    <td>Test \u00e0 l'\u00e9tincelle \/ Magn\u00e9tron<\/td>\n                    <td>Confirme que la bouteille isotherme n'a pas fui pendant l'assemblage.<\/td>\n                <\/tr>\n            <\/table>\n            \n            <p>\n                Pour nos mod\u00e8les \u00e0 \u201c verrouillage m\u00e9canique \u201d (utilis\u00e9s lorsque la consommation \u00e9lectrique doit \u00eatre nulle pendant le maintien), nous effectuons des tests de fiabilit\u00e9 suppl\u00e9mentaires afin de garantir que le dispositif reste ferm\u00e9 m\u00eame en cas de fortes vibrations.\n            <\/p>\n        <\/div>\n    <\/div>\n\n    <div class=\"xbrele-section bg-light\">\n        <div class=\"xbrele-container\">\n            <h2>Pourquoi vous devriez travailler avec un fabricant de contacteurs sur mesure<\/h2>\n            <p>\n                Les contacteurs \u00e0 vide ne sont pas des produits \u201c pr\u00eats \u00e0 l'emploi \u201d ; ils doivent souvent s'adapter \u00e0 des d\u00e9marreurs de moteurs existants ou \u00e0 des machines sp\u00e9cialis\u00e9es. Un fabricant sur mesure comme XBRELE vous permet d'adapter l'appareil \u00e0 votre application.\n            <\/p>\n            <p>\n                Nous proposons des solutions personnalis\u00e9es dans les domaines suivants : <strong>Type de maintien<\/strong>. Nous pouvons fabriquer <strong>Tenue \u00e9lectrique<\/strong> types (standard) ou <strong>Verrouillage m\u00e9canique<\/strong> types (qui restent ferm\u00e9s sans alimentation \u00e9lectrique, id\u00e9aux pour les r\u00e9seaux instables).\n            <\/p>\n            <p>\n                Pour l'industrie mini\u00e8re, nous personnalisons le <a href=\"https:\/\/xbrele.com\/fr\/vacuum-contactor\/low-voltage-vacuum-contactor-solid-series\/\" class=\"xbrele-link\">S\u00e9rie CKJ (1,14 kV)<\/a> avec des cadres renforc\u00e9s et des tensions de commande sp\u00e9ciales (par exemple, 36 V CA, 127 V CA) couramment utilis\u00e9es dans les syst\u00e8mes \u00e9lectriques souterrains. Nous pouvons \u00e9galement ajuster la disposition des bornes pour qu'elle corresponde aux configurations de barres omnibus existantes, ce qui vous permet de r\u00e9aliser d'importantes \u00e9conomies sur les co\u00fbts de modernisation.\n            <\/p>\n        <\/div>\n    <\/div>\n\n    <div class=\"xbrele-section\">\n        <div class=\"xbrele-container\">\n            <h2>Les fabricants de contacteurs \u00e0 vide sont exp\u00e9riment\u00e9s<\/h2>\n            <p>\n                La fabrication de contacteurs n\u00e9cessite une connaissance approfondie des \u201c cat\u00e9gories d'utilisation \u201d (AC-3, AC-4). Les ing\u00e9nieurs de XBRELE comprennent que la commutation d'un moteur (charge inductive) est physiquement diff\u00e9rente de la commutation d'un banc de condensateurs (charge capacitive).\n            <\/p>\n            <p>\n                Notre exp\u00e9rience nous permet de recommander le produit adapt\u00e9. Par exemple, pour les applications de commutation de condensateurs, nous recommandons notre <a href=\"https:\/\/xbrele.com\/fr\/vacuum-contactor\/ckg-vacuum-contactor\/\" class=\"xbrele-link\">S\u00e9rie CKG<\/a> \u00e9quip\u00e9s de r\u00e9sistances sp\u00e9cialis\u00e9es pr\u00e9-ins\u00e9r\u00e9es ou de bouteilles sous vide haut de gamme con\u00e7ues pour r\u00e9sister aux courants d'appel \u00e9lev\u00e9s et \u00e0 la tension de r\u00e9cup\u00e9ration transitoire (TRV) associ\u00e9s aux batteries de condensateurs.\n            <\/p>\n        <\/div>\n    <\/div>\n\n    <div class=\"xbrele-section bg-light\">\n        <div class=\"xbrele-container\">\n            <h2>Solutions de fabrication rentables<\/h2>\n            <p>\n                En s'approvisionnant directement aupr\u00e8s de XBRELE en Chine, les \u00e9quipementiers et distributeurs mondiaux acqui\u00e8rent un avantage concurrentiel. Nous fabriquons les entra\u00eenements \u00e0 sol\u00e9no\u00efde et les cadres isolants en interne, ce qui nous permet d'\u00e9viter la marge des assembleurs qui ach\u00e8tent leurs composants \u00e0 l'ext\u00e9rieur.\n            <\/p>\n            <p>\n                Notre <a href=\"https:\/\/xbrele.com\/fr\/vacuum-contactor\/low-voltage-vacuum-contactor-solid-series\/\" class=\"xbrele-link\">Contacteurs \u00e0 vide basse tension (1140 V)<\/a> sont largement utilis\u00e9s comme substituts \u00e9conomiques aux contacteurs \u00e0 coupure dans l'air co\u00fbteux dans les applications lourdes. Ils offrent une dur\u00e9e de vie \u00e9lectrique 10 fois sup\u00e9rieure \u00e0 un prix comparable, ce qui r\u00e9duit consid\u00e9rablement le co\u00fbt total de possession (TCO) pour les utilisateurs finaux dans les cimenteries, les aci\u00e9ries et les mines.\n            <\/p>\n        <\/div>\n    <\/div>\n\n    <div class=\"xbrele-section\">\n        <div class=\"xbrele-container\">\n            <h2>Capacit\u00e9s de production adaptables<\/h2>\n            <p>\n                Les lignes de production de XBRELE sont con\u00e7ues pour \u00eatre polyvalentes. Nous produisons \u00e0 la fois des produits standard <strong>Contacteurs \u00e0 3 p\u00f4les<\/strong> (JCZ5) et sp\u00e9cialis\u00e9 <strong>Contacteurs unipolaires<\/strong> (JCZ1) utilis\u00e9 dans les locomotives \u00e9lectriques et les syst\u00e8mes de chauffage par induction.\n            <\/p>\n            <p>\n                Notre adaptabilit\u00e9 s'\u00e9tend aux styles d'installation. Nous proposons des unit\u00e9s fixes pour les panneaux standard et des unit\u00e9s de type chariot compatibles avec l'appareillage KYN28, permettant d'ins\u00e9rer et de retirer le contacteur comme un disjoncteur. Cette flexibilit\u00e9 fait de XBRELE le partenaire privil\u00e9gi\u00e9 des fabricants de panneaux confront\u00e9s \u00e0 des exigences de projet vari\u00e9es.\n            <\/p>\n        <\/div>\n    <\/div>\n\n    <div class=\"xbrele-section bg-light\">\n        <div class=\"xbrele-container\">\n            <h2>Pratiques de fabrication durables<\/h2>\n            <p>\n                Les contacteurs \u00e0 vide modernes sont intrins\u00e8quement \u00e9cologiques. Contrairement aux interrupteurs \u00e0 huile ou SF6, la technologie \u00e0 vide n'\u00e9met aucun gaz \u00e0 effet de serre et ne pr\u00e9sente aucun risque d'incendie. XBRELE va encore plus loin en optimisant ses circuits de commande.\n            <\/p>\n            <p>\n                Nos modules de commande \u00e9lectroniques utilisent la modulation de largeur d'impulsion (PWM) ou des bobines \u00e0 \u00e9conomie d'\u00e9nergie qui r\u00e9duisent la puissance de maintien jusqu'\u00e0 90% par rapport aux bobines CA traditionnelles. Cela permet non seulement de r\u00e9duire l'empreinte carbone de l'op\u00e9ration, mais aussi de diminuer la charge thermique \u00e0 l'int\u00e9rieur de l'armoire \u00e9lectrique, prolongeant ainsi la dur\u00e9e de vie des autres composants.\n            <\/p>\n        <\/div>\n    <\/div>\n\n    <div class=\"xbrele-section\">\n        <div class=\"xbrele-container\">\n            <h2>Avantages de la fabrication chinoise de contacteurs \u00e0 vide<\/h2>\n            <p>\n                La Chine est le leader mondial en termes de volume de production de technologies de commutation sous vide. XBRELE tire parti de la cha\u00eene d'approvisionnement mature de Wenzhou pour proposer :\n            <\/p>\n            <ul class=\"xbrele-list\">\n                <li><strong>Prototypage rapide :<\/strong> Nous pouvons d\u00e9velopper des plaques de montage ou des adaptateurs de barres omnibus personnalis\u00e9s en moins de 10 jours.<\/li>\n                <li><strong>Gamme vari\u00e9e :<\/strong> Des unit\u00e9s BT 80 A aux unit\u00e9s HT 630 A, nous couvrons toute la gamme.<\/li>\n                <li><strong>Ing\u00e9nierie de la valeur :<\/strong> Fournir des produits hautement performants conformes aux normes CEI \u00e0 un prix abordable pour les march\u00e9s \u00e9mergents.<\/li>\n            <\/ul>\n        <\/div>\n    <\/div>\n\n    <div class=\"xbrele-section bg-light\">\n        <div class=\"xbrele-container\">\n            <h2>Trouver le bon fabricant de contacteurs \u00e0 vide<\/h2>\n            <p>\n                Lorsque vous choisissez un partenaire, ne vous limitez pas au catalogue. Tenez compte des \u00e9l\u00e9ments suivants :\n            <\/p>\n            <ul class=\"xbrele-list\">\n                <li><strong>Cotes du cycle de service :<\/strong> Le fabricant \u00e9value-t-il ses produits pour une utilisation AC-4 (marche\/arr\u00eat) ?<\/li>\n                <li><strong>Fiabilit\u00e9 des bobines :<\/strong> Proposent-ils des bobines \u00e0 large plage de tension (par exemple, universelles 110-220 V) ?<\/li>\n                <li><strong>Certification :<\/strong> Les produits sont-ils test\u00e9s par des laboratoires certifi\u00e9s ?<\/li>\n                <li><strong>Pi\u00e8ces de rechange :<\/strong> Peuvent-ils fournir des bouteilles sous vide et des serpentins de rechange ?<\/li>\n            <\/ul>\n            <p>\n                XBRELE fournit des donn\u00e9es techniques transparentes et une assistance apr\u00e8s-vente compl\u00e8te, garantissant le fonctionnement ininterrompu de vos centres de commande moteur.\n            <\/p>\n        <\/div>\n    <\/div>\n\n    <div class=\"xbrele-container\">\n        <div class=\"xbrele-cta-box\">\n            <h2>Pr\u00eat \u00e0 vous approvisionner aupr\u00e8s d'une usine certifi\u00e9e ?<\/h2>\n            <p>Ne payez plus de marges aux n\u00e9gociants. Contactez directement l'\u00e9quipe d'ing\u00e9nieurs de XBRELE pour vos besoins en contacteurs \u00e0 vide.<\/p>\n            <a href=\"https:\/\/xbrele.com\/fr\/contact\/\" class=\"xbrele-cta-btn\">Obtenir un devis d'usine<\/a>\n        <\/div>\n    <\/div>\n\n<\/div>\n<\/div><\/div><\/div>\n<\/div><\/div>\n\n\n\n<p><\/p>","protected":false},"excerpt":{"rendered":"<p>Vacuum Contactor Manufacturer &#038; OEM Solutions Vacuum Contactor manufacturing is a specialized field within electrical engineering focused on producing high-endurance switching devices for frequent operation applications. Unlike circuit breakers, which are designed for rare fault protection, Vacuum Contactors are the workhorses of the industry, engineered to switch motors, transformers, and capacitor banks hundreds of thousands [&hellip;]<\/p>\n","protected":false},"author":1,"featured_media":0,"parent":0,"menu_order":0,"comment_status":"closed","ping_status":"closed","template":"","meta":{"_gspb_post_css":"","footnotes":""},"class_list":["post-1963","page","type-page","status-publish","hentry"],"blocksy_meta":{"has_hero_section":"disabled","vertical_spacing_source":"custom","content_area_spacing":"top","styles_descriptor":{"styles":{"desktop":"","tablet":"","mobile":""},"google_fonts":[],"version":6}},"_links":{"self":[{"href":"https:\/\/xbrele.com\/fr\/wp-json\/wp\/v2\/pages\/1963","targetHints":{"allow":["GET"]}}],"collection":[{"href":"https:\/\/xbrele.com\/fr\/wp-json\/wp\/v2\/pages"}],"about":[{"href":"https:\/\/xbrele.com\/fr\/wp-json\/wp\/v2\/types\/page"}],"author":[{"embeddable":true,"href":"https:\/\/xbrele.com\/fr\/wp-json\/wp\/v2\/users\/1"}],"replies":[{"embeddable":true,"href":"https:\/\/xbrele.com\/fr\/wp-json\/wp\/v2\/comments?post=1963"}],"version-history":[{"count":4,"href":"https:\/\/xbrele.com\/fr\/wp-json\/wp\/v2\/pages\/1963\/revisions"}],"predecessor-version":[{"id":1997,"href":"https:\/\/xbrele.com\/fr\/wp-json\/wp\/v2\/pages\/1963\/revisions\/1997"}],"wp:attachment":[{"href":"https:\/\/xbrele.com\/fr\/wp-json\/wp\/v2\/media?parent=1963"}],"curies":[{"name":"wp","href":"https:\/\/api.w.org\/{rel}","templated":true}]}}