{"id":1965,"date":"2025-12-04T13:54:12","date_gmt":"2025-12-04T13:54:12","guid":{"rendered":"https:\/\/xbrele.com\/?page_id=1965"},"modified":"2025-12-04T15:31:46","modified_gmt":"2025-12-04T15:31:46","slug":"distribution-transformer-manufacturer","status":"publish","type":"page","link":"https:\/\/xbrele.com\/fr\/distribution-transformer-manufacturer\/","title":{"rendered":"Fabricant de transformateurs de distribution"},"content":{"rendered":"<div class=\"wp-block-stackable-columns alignfull stk-block-columns stk-block stk-8c2e1dd\" data-block-id=\"8c2e1dd\"><div class=\"stk-row stk-inner-blocks stk-block-content stk-content-align stk-8c2e1dd-column alignfull\">\n<div class=\"wp-block-stackable-column stk-block-column stk-column stk-block stk-c9c3a9e\" data-v=\"4\" data-block-id=\"c9c3a9e\"><div class=\"stk-column-wrapper stk-block-column__content stk-container stk-c9c3a9e-container stk--no-background stk--no-padding\"><div class=\"stk-block-content stk-inner-blocks stk-c9c3a9e-inner-blocks\">\n<style>\n    \/* --- XBRELE PRO STYLE SYSTEM (v5.1 - Transformer Edition) --- *\/\n    \n    .xbrele-pro-page {\n        font-family: -apple-system, BlinkMacSystemFont, \"Segoe UI\", Roboto, \"Helvetica Neue\", Arial, sans-serif;\n        color: #111;\n        line-height: 1.7; \n        font-size: 18px; \n        font-weight: 400;\n        background-color: #fff;\n    }\n\n    .xbrele-container {\n        max-width: 1200px;\n        margin: 0 auto;\n        padding: 0 20px;\n    }\n\n    .xbrele-section {\n        padding: 60px 0;\n        border-bottom: 1px solid #f0f0f0;\n    }\n    .xbrele-section.bg-light {\n        background-color: #f8fbfb;\n    }\n\n    .xbrele-pro-page h1 {\n        font-size: 42px;\n        font-weight: 800;\n        text-align: center;\n        margin-bottom: 30px;\n        color: #000;\n        letter-spacing: -0.5px;\n    }\n    \n    .xbrele-pro-page h2 {\n        font-size: 30px;\n        color: #000;\n        margin-top: 50px;\n        margin-bottom: 25px;\n        position: relative;\n        padding-left: 20px;\n        border-left: 8px solid #009688; \/* XBRELE Teal *\/\n        font-weight: 700;\n        text-transform: uppercase;\n    }\n    \n    .xbrele-pro-page h3 {\n        font-size: 22px;\n        font-weight: 700;\n        margin-top: 35px;\n        margin-bottom: 15px;\n        color: #009688;\n    }\n\n    .xbrele-pro-page p {\n        margin-bottom: 25px;\n        color: #222;\n        text-align: justify;\n    }\n\n    \/* Hero \u56fe\u7247\u6837\u5f0f *\/\n    .xbrele-hero-img {\n        width: 100%;\n        height: auto;\n        border-radius: 6px;\n        margin-bottom: 40px;\n        box-shadow: 0 4px 12px rgba(0,0,0,0.1);\n        display: block;\n    }\n\n    .xbrele-list {\n        list-style: none;\n        padding: 0;\n        margin-bottom: 30px;\n    }\n    .xbrele-list li {\n        position: relative;\n        padding-left: 30px;\n        margin-bottom: 12px;\n        color: #222;\n    }\n    .xbrele-list li::before {\n        content: \"\u25a0\";\n        position: absolute;\n        left: 0;\n        color: #009688;\n        font-size: 14px;\n        top: 6px;\n    }\n\n    .xbrele-tech-table {\n        width: 100%;\n        border-collapse: collapse;\n        margin: 40px 0;\n        box-shadow: 0 5px 15px rgba(0,0,0,0.05);\n        font-size: 16px;\n    }\n    .xbrele-tech-table th, .xbrele-tech-table td {\n        padding: 18px;\n        border: 1px solid #ddd;\n    }\n    .xbrele-tech-table th {\n        background-color: #009688;\n        color: #fff;\n        font-weight: 700;\n        text-align: left;\n    }\n    .xbrele-tech-table tr:nth-child(even) {\n        background-color: #fcfcfc;\n    }\n\n    .xbrele-link {\n        color: #009688;\n        font-weight: 700;\n        text-decoration: none;\n        border-bottom: 2px solid rgba(0,150,136,0.2);\n        transition: all 0.2s;\n    }\n    .xbrele-link:hover {\n        background-color: rgba(0,150,136,0.1);\n        border-bottom-color: #009688;\n    }\n\n    .xbrele-ext-link {\n        color: #555;\n        text-decoration: underline;\n        font-style: italic;\n    }\n\n    .xbrele-cta-box {\n        background: linear-gradient(135deg, #009688 0%, #004d40 100%);\n        color: #fff;\n        padding: 60px;\n        border-radius: 8px;\n        text-align: center;\n        margin-top: 60px;\n    }\n    .xbrele-cta-btn {\n        display: inline-block;\n        background-color: #fff;\n        color: #009688 !important;\n        padding: 18px 45px;\n        font-weight: 800;\n        text-transform: uppercase;\n        border-radius: 4px;\n        text-decoration: none;\n        margin-top: 25px;\n        font-size: 18px;\n        box-shadow: 0 4px 6px rgba(0,0,0,0.2);\n    }\n    .xbrele-cta-btn:hover {\n        background-color: #f4f4f4;\n        transform: translateY(-2px);\n    }\n<\/style>\n\n<div class=\"xbrele-pro-page\">\n\n    <div class=\"xbrele-section\">\n        <div class=\"xbrele-container\">\n            <h1>Fabricant de transformateurs de distribution et solutions OEM<\/h1>\n            \n            <img decoding=\"async\" src=\"https:\/\/xbrele.com\/wp-content\/uploads\/2025\/12\/transformer-manufacturing-factory-workshop.webp\" \n                 alt=\"Fabricant de transformateurs de distribution XBRELE Usine produisant des transformateurs de type sec et \u00e0 bain d&#039;huile\" \n                 class=\"xbrele-hero-img\" \/>\n\n            <p>\n                La fabrication de transformateurs de distribution est la colonne vert\u00e9brale du r\u00e9seau \u00e9lectrique, charg\u00e9e de r\u00e9duire la moyenne tension (6 kV-35 kV) \u00e0 des niveaux de basse tension utilisables. Elle fait appel \u00e0 deux technologies distinctes : <strong>Immersion dans l'huile<\/strong> transformateurs (remplis de liquide) destin\u00e9s \u00e0 \u00eatre utilis\u00e9s \u00e0 l'ext\u00e9rieur par les services publics et <strong>Type sec<\/strong> (r\u00e9sine moul\u00e9e) pour la s\u00e9curit\u00e9 commerciale en int\u00e9rieur. En tant que sp\u00e9cialiste <strong>Fabricant de transformateurs de distribution<\/strong>, XBRELE exploite une double usine de production capable de fabriquer des unit\u00e9s \u00e0 haut rendement conformes aux normes IEC 60076. Que vous ayez besoin d'un mod\u00e8le robuste <a href=\"https:\/\/xbrele.com\/fr\/power-distribution-transformers\/oil-immersed-transformer\/\" class=\"xbrele-link\">Transformateur \u00e0 huile S13<\/a> pour un r\u00e9seau rural ou un syst\u00e8me de s\u00e9curit\u00e9 incendie <a href=\"https:\/\/xbrele.com\/fr\/power-distribution-transformers\/dry-type-transformer\/\" class=\"xbrele-link\">Transformateur en r\u00e9sine moul\u00e9e SCB<\/a> Pour les immeubles de grande hauteur, XBRELE propose une fabrication OEM ax\u00e9e sur de faibles pertes et une longue dur\u00e9e de vie.\n            <\/p>\n        <\/div>\n    <\/div>\n\n    <div class=\"xbrele-section bg-light\">\n        <div class=\"xbrele-container\">\n            <h2>Processus de fabrication des transformateurs<\/h2>\n            <p>\n                Le processus de fabrication des transformateurs est complexe et n\u00e9cessite une conception \u00e9lectromagn\u00e9tique et une ing\u00e9nierie d'isolation pr\u00e9cises. Chez XBRELE, nous suivons un protocole de qualit\u00e9 strict pour nos gammes de produits secs et \u00e0 huile.\n            <\/p>\n            <p>\n                <strong>Empilement central (technologie Step-Lap) :<\/strong> Le c\u0153ur du transformateur est le noyau en fer. Nous utilisons de l'acier \u00e9lectrique \u00e0 grains orient\u00e9s (GOES) \u00e0 haute perm\u00e9abilit\u00e9. Nos noyaux sont d\u00e9coup\u00e9s et empil\u00e9s \u00e0 l'aide de la technologie \u201c Step-Lap \u201d, qui r\u00e9duit l'\u00e9cart de flux magn\u00e9tique au niveau des joints. Cela permet de r\u00e9duire consid\u00e9rablement les pertes \u00e0 vide et les niveaux de bruit, un facteur essentiel pour les r\u00e9seaux \u00e9cologiques modernes.\n            <\/p>\n            <p>\n                <strong>Enroulement (technologie \u00e0 feuille) :<\/strong> Pour les bobines basse tension (BT), XBRELE utilise <strong>Enroulement automatique de feuilles<\/strong> au lieu du bobinage traditionnel. Cette technique utilise des feuilles de cuivre ou d'aluminium, ce qui \u00e9limine l'angle d'h\u00e9lice et r\u00e9duit les forces axiales de court-circuit. Cela garantit que le transformateur peut r\u00e9sister \u00e0 des courants de d\u00e9faut soudains sans d\u00e9formation m\u00e9canique.\n            <\/p>\n            <p>\n                <strong>Moulage sous vide (type sec) :<\/strong> Pour notre s\u00e9rie SCB, les bobines sont plac\u00e9es dans un r\u00e9servoir de coul\u00e9e sous vide. La r\u00e9sine \u00e9poxy est coul\u00e9e sous vide afin d'assurer une impr\u00e9gnation en profondeur. Cela \u00e9limine les bulles d'air qui pourraient provoquer des d\u00e9charges partielles (PD), garantissant ainsi une isolation durable pendant des d\u00e9cennies.\n            <\/p>\n            <p>\n                <strong>S\u00e9chage sous vide et remplissage d'huile (type huile) :<\/strong> Pour notre s\u00e9rie S13, la partie active est s\u00e9ch\u00e9e dans une installation de s\u00e9chage en phase vapeur au k\u00e9ros\u00e8ne afin d'\u00e9liminer toute trace d'humidit\u00e9. Le r\u00e9servoir est ensuite rempli d'huile min\u00e9rale d\u00e9gaz\u00e9e sous vide, ce qui garantit une r\u00e9sistance d'isolation parfaite.\n            <\/p>\n        <\/div>\n    <\/div>\n\n    <div class=\"xbrele-section\">\n        <div class=\"xbrele-container\">\n            <h2>Mati\u00e8res premi\u00e8res utilis\u00e9es dans la production de transformateurs<\/h2>\n            <p>\n                La qualit\u00e9 d'un transformateur d\u00e9pend de celle de ses mat\u00e9riaux. XBRELE s'approvisionne en mati\u00e8res premi\u00e8res de premi\u00e8re qualit\u00e9 afin de garantir un rendement \u00e9lev\u00e9 (faibles pertes I\u00b2R et d'hyst\u00e9r\u00e9sis).\n            <\/p>\n            <ul class=\"xbrele-list\">\n                <li><strong>Feuilles d'acier au silicium :<\/strong> Nous nous approvisionnons en acier au silicium \u00e0 grains orient\u00e9s de qualit\u00e9 Hi-B aupr\u00e8s des meilleurs laminoirs (tels que Baosteel). Pour nos <a href=\"https:\/\/xbrele.com\/fr\/power-distribution-transformers\/amorphous-alloy-transformer\/\" class=\"xbrele-link\">Transformateurs en alliage amorphe<\/a>, nous utilisons des rubans m\u00e9talliques amorphes avanc\u00e9s qui r\u00e9duisent les pertes \u00e0 vide jusqu'\u00e0 75% par rapport \u00e0 l'acier traditionnel.<\/li>\n                <li><strong>Mat\u00e9riaux conducteurs :<\/strong> Nous utilisons du cuivre sans oxyg\u00e8ne (OFC) ou de l'aluminium de qualit\u00e9 \u00e9lectrique pour les enroulements, selon les sp\u00e9cifications du client. La puret\u00e9 garantit une faible r\u00e9sistance et une g\u00e9n\u00e9ration de chaleur minimale.<\/li>\n                <li><strong>R\u00e9sine \u00e9poxy (classe F\/H) :<\/strong> Pour les unit\u00e9s de type sec, nous utilisons un m\u00e9lange \u00e9poxy sp\u00e9cialis\u00e9 avec une charge de silice qui offre une excellente dissipation thermique et une excellente r\u00e9sistance au feu (auto-extinguible).<\/li>\n                <li><strong>Huile min\u00e9rale :<\/strong> Pour les unit\u00e9s immerg\u00e9es dans l'huile, nous utilisons une huile pour transformateurs napht\u00e9nique ou paraffinique de haute qualit\u00e9, pr\u00e9sentant une rigidit\u00e9 di\u00e9lectrique \u00e9lev\u00e9e (&gt;60 kV) et une excellente stabilit\u00e9 \u00e0 l'oxydation.<\/li>\n            <\/ul>\n        <\/div>\n    <\/div>\n\n    <div class=\"xbrele-section bg-light\">\n        <div class=\"xbrele-container\">\n            <h2>\u00c9quipement de fabrication essentiel<\/h2>\n            <p>\n                L'usine de XBRELE est \u00e9quip\u00e9e de machines modernes con\u00e7ues pour garantir la coh\u00e9rence de milliers d'unit\u00e9s.\n            <\/p>\n            <p>\n                <strong>Enrouleuses automatiques de feuilles :<\/strong> Ces machines contr\u00f4lent automatiquement la tension et l'alignement, enroulant simultan\u00e9ment le papier isolant et la feuille conductrice. Cela \u00e9limine les erreurs humaines et permet d'obtenir une bobine pr\u00e9sentant une r\u00e9sistance m\u00e9canique \u00e9lev\u00e9e.\n            <\/p>\n            <p>\n                <strong>Usine de moulage sous vide :<\/strong> Nos chambres de m\u00e9lange et de coul\u00e9e statiques permettent un contr\u00f4le pr\u00e9cis de la temp\u00e9rature de la r\u00e9sine et des niveaux de vide, essentiels pour produire des produits \u201c sans PD \u201d.\u201d <a href=\"https:\/\/xbrele.com\/fr\/power-distribution-transformers\/dry-type-transformer\/\" class=\"xbrele-link\">Transformateurs de type sec<\/a>.\n            <\/p>\n            <p>\n                <strong>Ligne de production de r\u00e9servoirs ondul\u00e9s :<\/strong> Pour les transformateurs \u00e0 huile herm\u00e9tiques, nous fabriquons en interne les r\u00e9servoirs \u00e0 ailettes ondul\u00e9es. Ces ailettes se dilatent et se contractent en fonction des variations de temp\u00e9rature de l'huile, ce qui \u00e9limine le besoin d'un r\u00e9servoir de conservation et emp\u00eache l'air d'entrer en contact avec l'huile.\n            <\/p>\n        <\/div>\n    <\/div>\n\n    <div class=\"xbrele-section\">\n        <div class=\"xbrele-container\">\n            <h2>Proc\u00e9dures d'essai pour les transformateurs de distribution<\/h2>\n            <p>\n                Les tests sont essentiels pour v\u00e9rifier l'efficacit\u00e9 et la s\u00e9curit\u00e9 d'un transformateur. Chaque unit\u00e9 XBRELE est soumise \u00e0 des tests de routine conform\u00e9ment \u00e0 la norme CEI 60076 avant son exp\u00e9dition.\n            <\/p>\n            \n            <table class=\"xbrele-tech-table\">\n                <tr>\n                    <th>Nom du test<\/th>\n                    <th>Type de produit<\/th>\n                    <th>Objectif<\/th>\n                <\/tr>\n                <tr>\n                    <td><strong>Test de groupe Ratio &amp; Vector<\/strong><\/td>\n                    <td>Tous<\/td>\n                    <td>V\u00e9rifie le rapport de transformation de tension et la relation de phase (par exemple, Dyn11).<\/td>\n                <\/tr>\n                <tr>\n                    <td><strong>R\u00e9sistance au bobinage<\/strong><\/td>\n                    <td>Tous<\/td>\n                    <td>V\u00e9rifie les connexions desserr\u00e9es et contr\u00f4le la qualit\u00e9 du cuivre\/aluminium.<\/td>\n                <\/tr>\n                <tr>\n                    <td><strong>Perte de charge et tension d'imp\u00e9dance<\/strong><\/td>\n                    <td>Tous<\/td>\n                    <td>Mesure l'efficacit\u00e9 sous charge et v\u00e9rifie l'imp\u00e9dance de court-circuit (Uk%).<\/td>\n                <\/tr>\n                <tr>\n                    <td><strong>Essai de tension appliqu\u00e9e<\/strong><\/td>\n                    <td>Tous<\/td>\n                    <td>V\u00e9rifie le niveau d'isolation entre les enroulements et la terre (r\u00e9sistance \u00e0 la fr\u00e9quence industrielle).<\/td>\n                <\/tr>\n                <tr>\n                    <td><strong>D\u00e9charge partielle (PD)<\/strong><\/td>\n                    <td>Type sec<\/td>\n                    <td>Garantit que l'isolation en r\u00e9sine moul\u00e9e est exempte de vides (&lt; 10 pC).<\/td>\n                <\/tr>\n                <tr>\n                    <td><strong>Essai de pression de fuite d'huile<\/strong><\/td>\n                    <td>Type d'huile<\/td>\n                    <td>Pressurise le r\u00e9servoir pour garantir l'\u00e9tanch\u00e9it\u00e9 et l'absence de fuites des joints.<\/td>\n                <\/tr>\n            <\/table>\n            \n            <p>\n                Nous effectuons \u00e9galement des essais de type (\u00e9l\u00e9vation de temp\u00e9rature, impulsion de foudre) sur des prototypes afin de valider les capacit\u00e9s thermiques et di\u00e9lectriques de la conception.\n            <\/p>\n        <\/div>\n    <\/div>\n\n    <div class=\"xbrele-section bg-light\">\n        <div class=\"xbrele-container\">\n            <h2>Pourquoi vous devriez travailler avec un fabricant de transformateurs sur mesure<\/h2>\n            <p>\n                Les exigences en mati\u00e8re de r\u00e9seau varient \u00e0 l'\u00e9chelle mondiale. Un transformateur standard de 11 kV\/400 V pour la Chine peut ne pas convenir \u00e0 un projet aux Philippines (13,2 kV) ou en Afrique du Sud (11 kV\/415 V). XBRELE est sp\u00e9cialis\u00e9 dans <strong>Fabrication de tension personnalis\u00e9e<\/strong>.\n            <\/p>\n            <p>\n                Nous pouvons personnaliser le <strong>Plage de tapotement<\/strong> (par exemple, \u00b12\u00d72,5% ou \u00b15%) et le <strong>Groupe Vector<\/strong> (Dyn11, Yyn0 ou groupes industriels sp\u00e9ciaux). Pour <a href=\"https:\/\/xbrele.com\/fr\/power-distribution-transformers\/dry-type-transformer\/\" class=\"xbrele-link\">Transformateurs de type sec<\/a>, nous proposons des indices IP personnalis\u00e9s (IP20, IP23, IP44) pour le bo\u00eetier, permettant une installation dans des environnements poussi\u00e9reux ou semi-ext\u00e9rieurs.\n            <\/p>\n            <p>\n                Notre \u00e9quipe d'ing\u00e9nieurs con\u00e7oit \u00e9galement des transformateurs avec des tensions d'imp\u00e9dance sp\u00e9cifiques (Uk%) afin de les adapter aux unit\u00e9s existantes pour un fonctionnement en parall\u00e8le, une exigence cruciale pour les extensions d'usines.\n            <\/p>\n        <\/div>\n    <\/div>\n\n    <div class=\"xbrele-section\">\n        <div class=\"xbrele-container\">\n            <h2>Les fabricants de transformateurs de distribution sont exp\u00e9riment\u00e9s<\/h2>\n            <p>\n                La fabrication de transformateurs est un secteur mature o\u00f9 l'exp\u00e9rience compte. XBRELE poss\u00e8de des d\u00e9cennies d'exp\u00e9rience dans l'optimisation des conceptions de noyaux afin d'\u00e9quilibrer les co\u00fbts et l'efficacit\u00e9. Nous comprenons les compromis entre les \u201c pertes \u00e0 vide \u201d (pertes dans le fer) et les \u201c pertes en charge \u201d (pertes dans le cuivre).\n            <\/p>\n            <p>\n                Notre exp\u00e9rience avec <a href=\"https:\/\/xbrele.com\/fr\/power-distribution-transformers\/amorphous-alloy-transformer\/\" class=\"xbrele-link\">Technologie des alliages amorphes<\/a> nous permet de produire des unit\u00e9s \u00e0 tr\u00e8s haut rendement pour les projets modernes d'\u00e9nergie verte (parcs solaires\/\u00e9oliens), aidant ainsi nos clients \u00e0 respecter les directives strictes en mati\u00e8re d'efficacit\u00e9 \u00e9nerg\u00e9tique (telles que les normes Tier 2 de l'UE).\n            <\/p>\n        <\/div>\n    <\/div>\n\n    <div class=\"xbrele-section bg-light\">\n        <div class=\"xbrele-container\">\n            <h2>Solutions de fabrication rentables<\/h2>\n            <p>\n                XBRELE offre un avantage financier significatif aux EPC et aux services publics internationaux. Implant\u00e9s en Chine, nous avons acc\u00e8s \u00e0 une cha\u00eene d'approvisionnement massive en acier \u00e9lectrique et en cuivre.\n            <\/p>\n            <p>\n                Notre mod\u00e8le \u201c Direct-from-Factory \u201d (directement depuis l'usine) \u00e9limine les marges des distributeurs. De plus, notre processus efficace d'enroulement de feuilles r\u00e9duit le temps de travail et le gaspillage de mat\u00e9riaux par rapport aux anciennes m\u00e9thodes d'enroulement de fils. Cela nous permet de proposer des unit\u00e9s hautement performantes (par exemple, des transformateurs class\u00e9s K-Factor) \u00e0 des prix tr\u00e8s comp\u00e9titifs dans les appels d'offres internationaux.\n            <\/p>\n        <\/div>\n    <\/div>\n\n    <div class=\"xbrele-section\">\n        <div class=\"xbrele-container\">\n            <h2>Capacit\u00e9s de production adaptables<\/h2>\n            <p>\n                XBRELE propose une gamme de produits diversifi\u00e9e sous un m\u00eame toit. Nous fabriquons des produits standard <strong>Transformateurs mont\u00e9s sur poteau<\/strong> pour la distribution a\u00e9rienne et <strong>Mont\u00e9 sur socle<\/strong> unit\u00e9s pour syst\u00e8mes souterrains.\n            <\/p>\n            <p>\n                Nous sommes capables de nous adapter \u00e0 des applications sp\u00e9ciales. Nous produisons <strong>Transformateurs redresseurs<\/strong> pour l'\u00e9lectrolyse industrielle, <strong>Transformateurs pour fours<\/strong> pour les aci\u00e9ries, et <strong>Transformateurs d'isolement<\/strong> pour les centres de donn\u00e9es sensibles. Cette polyvalence permet \u00e0 XBRELE d'\u00eatre un partenaire complet en mati\u00e8re de solutions d'alimentation \u00e9lectrique.\n            <\/p>\n        <\/div>\n    <\/div>\n\n    <div class=\"xbrele-section bg-light\">\n        <div class=\"xbrele-container\">\n            <h2>Pratiques de fabrication durables<\/h2>\n            <p>\n                Les transformateurs sont des actifs \u00e0 longue dur\u00e9e de vie (20 \u00e0 30 ans), leur durabilit\u00e9 est donc essentielle. XBRELE se concentre sur la production de transformateurs \u201c \u00e9co-con\u00e7us \u201d \u00e0 pertes r\u00e9duites. Notre <a href=\"https:\/\/xbrele.com\/fr\/power-distribution-transformers\/amorphous-alloy-transformer\/\" class=\"xbrele-link\">S\u00e9rie d'alliages amorphes<\/a> en est un excellent exemple, r\u00e9duisant la consommation d'\u00e9nergie en veille jusqu'\u00e0 75%.\n            <\/p>\n            <p>\n                Dans le domaine de la fabrication, nous utilisons des syst\u00e8mes de traitement des huiles en circuit ferm\u00e9 afin d'\u00e9viter tout d\u00e9versement et de recycler les d\u00e9chets de cuivre et d'acier. Nos transformateurs de type sec sont intrins\u00e8quement \u00e9cologiques, car ils ne contiennent pas d'huile et ne pr\u00e9sentent aucun risque de contamination des sols, ce qui en fait le choix privil\u00e9gi\u00e9 pour les certifications de b\u00e2timents durables (LEED\/BREEAM).\n            <\/p>\n        <\/div>\n    <\/div>\n\n    <div class=\"xbrele-section\">\n        <div class=\"xbrele-container\">\n            <h2>Avantages de la fabrication chinoise de transformateurs<\/h2>\n            <p>\n                La Chine est le plus grand producteur mondial de transformateurs de puissance. XBRELE tire parti de cet \u00e9cosyst\u00e8me pour proposer :\n            <\/p>\n            <ul class=\"xbrele-list\">\n                <li><strong>\u00c9chelle :<\/strong> Nous pouvons produire des centaines d'unit\u00e9s par mois, ce qui nous permet de soutenir des projets d'\u00e9lectrification rurale \u00e0 grande \u00e9chelle.<\/li>\n                <li><strong>Vitesse :<\/strong> Les transformateurs de distribution standard de 11 kV peuvent souvent \u00eatre fabriqu\u00e9s en 15 \u00e0 20 jours.<\/li>\n                <li><strong>Logistique :<\/strong> Nous avons une grande exp\u00e9rience dans le transport de transformateurs lourds, utilisant des enregistreurs d'impacts et des emballages r\u00e9sistants \u00e0 l'humidit\u00e9 afin de garantir leur arriv\u00e9e en toute s\u00e9curit\u00e9 partout dans le monde.<\/li>\n            <\/ul>\n        <\/div>\n    <\/div>\n\n    <div class=\"xbrele-section bg-light\">\n        <div class=\"xbrele-container\">\n            <h2>Trouver le bon fabricant de transformateurs<\/h2>\n            <p>\n                Lorsque vous s\u00e9lectionnez un fournisseur, tenez compte des facteurs essentiels suivants :\n            <\/p>\n            <ul class=\"xbrele-list\">\n                <li><strong>Laboratoire d'essai :<\/strong> L'usine dispose-t-elle d'une capacit\u00e9 de test v\u00e9rifi\u00e9e pour les surtensions induites et la DP ?<\/li>\n                <li><strong>Capacit\u00e9 de conception :<\/strong> Peuvent-ils fournir des dessins CAO d\u00e9taill\u00e9s et des calculs thermiques avant la production ?<\/li>\n                <li><strong>Garantie :<\/strong> Recherchez des fabricants qui offrent une garantie d'au moins 24 mois, signe de leur confiance dans la qualit\u00e9 de fabrication de leurs produits.<\/li>\n                <li><strong>R\u00e9f\u00e9rences :<\/strong> Demandez une liste de r\u00e9f\u00e9rences de projets r\u00e9alis\u00e9s dans des zones climatiques similaires (par exemple, tropicale ou d\u00e9sertique).<\/li>\n            <\/ul>\n            <p>\n                XBRELE vous invite \u00e0 visiter nos installations ou \u00e0 demander une visite virtuelle pour d\u00e9couvrir notre contr\u00f4le qualit\u00e9 en action.\n            <\/p>\n        <\/div>\n    <\/div>\n\n    <div class=\"xbrele-container\">\n        <div class=\"xbrele-cta-box\">\n            <h2>Alimentez votre projet avec les transformateurs XBRELE<\/h2>\n            <p>Obtenez d\u00e8s aujourd'hui un devis direct pour des transformateurs de type sec, \u00e0 bain d'huile ou en alliage amorphe.<\/p>\n            <a href=\"https:\/\/xbrele.com\/fr\/contact\/\" class=\"xbrele-cta-btn\">Obtenir un devis d'usine<\/a>\n        <\/div>\n    <\/div>\n\n<\/div>\n<\/div><\/div><\/div>\n<\/div><\/div>","protected":false},"excerpt":{"rendered":"<p>Distribution Transformer Manufacturer &#038; OEM Solutions Distribution Transformer manufacturing is the backbone of the power grid, responsible for stepping down medium voltage (6kV-35kV) to usable low voltage levels. It involves two distinct technologies: Oil-Immersed (liquid-filled) transformers for outdoor utility use and Dry-Type (cast resin) transformers for indoor commercial safety. As a specialized Distribution Transformer Manufacturer, [&hellip;]<\/p>\n","protected":false},"author":1,"featured_media":0,"parent":0,"menu_order":0,"comment_status":"closed","ping_status":"closed","template":"","meta":{"_gspb_post_css":"","footnotes":""},"class_list":["post-1965","page","type-page","status-publish","hentry"],"blocksy_meta":{"has_hero_section":"disabled","content_style_source":"custom","vertical_spacing_source":"custom","content_area_spacing":"top","styles_descriptor":{"styles":{"desktop":"[data-prefix=\"single_page\"] [class*=\"ct-container\"] > article[class*=\"post\"] {--has-boxed:var(--false);--has-wide:var(--true);}","tablet":"","mobile":""},"google_fonts":[],"version":6}},"_links":{"self":[{"href":"https:\/\/xbrele.com\/fr\/wp-json\/wp\/v2\/pages\/1965","targetHints":{"allow":["GET"]}}],"collection":[{"href":"https:\/\/xbrele.com\/fr\/wp-json\/wp\/v2\/pages"}],"about":[{"href":"https:\/\/xbrele.com\/fr\/wp-json\/wp\/v2\/types\/page"}],"author":[{"embeddable":true,"href":"https:\/\/xbrele.com\/fr\/wp-json\/wp\/v2\/users\/1"}],"replies":[{"embeddable":true,"href":"https:\/\/xbrele.com\/fr\/wp-json\/wp\/v2\/comments?post=1965"}],"version-history":[{"count":2,"href":"https:\/\/xbrele.com\/fr\/wp-json\/wp\/v2\/pages\/1965\/revisions"}],"predecessor-version":[{"id":2002,"href":"https:\/\/xbrele.com\/fr\/wp-json\/wp\/v2\/pages\/1965\/revisions\/2002"}],"wp:attachment":[{"href":"https:\/\/xbrele.com\/fr\/wp-json\/wp\/v2\/media?parent=1965"}],"curies":[{"name":"wp","href":"https:\/\/api.w.org\/{rel}","templated":true}]}}