{"id":786,"date":"2025-03-04T07:26:21","date_gmt":"2025-03-04T07:26:21","guid":{"rendered":"https:\/\/startersites.io\/blocksy\/investboost\/?page_id=3"},"modified":"2025-12-03T16:41:51","modified_gmt":"2025-12-03T16:41:51","slug":"privacy-policy","status":"publish","type":"page","link":"https:\/\/xbrele.com\/fr\/privacy-policy\/","title":{"rendered":"Politique de confidentialit\u00e9"},"content":{"rendered":"<h2 class=\"wp-block-heading\" id=\"who-we-are\"><strong>Politique de confidentialit\u00e9<\/strong><\/h2>\n\n\n\n<p><strong>Derni\u00e8re mise \u00e0 jour :<\/strong> 3 d\u00e9cembre 2025<\/p>\n\n\n\n<p><strong>1. Introduction<\/strong> Bienvenue \u00e0 <strong>XBRELE<\/strong> (\u201c nous \u201d, \u201c notre \u201d ou \u201c nos \u201d). Nous sommes sp\u00e9cialis\u00e9s dans la fabrication de composants de commutation MT\/HT haute performance et sommes un partenaire certifi\u00e9 ISO9001 pour les projets mondiaux de transport et de distribution d'\u00e9lectricit\u00e9. Nous nous engageons \u00e0 prot\u00e9ger vos informations personnelles et votre droit \u00e0 la vie priv\u00e9e.<\/p>\n\n\n\n<p>La pr\u00e9sente politique de confidentialit\u00e9 explique comment nous collectons, utilisons, divulguons et prot\u00e9geons vos informations lorsque vous visitez notre site web. <strong><a target=\"_blank\" rel=\"noreferrer noopener\" href=\"https:\/\/xbrele.com\/fr\/\">https:\/\/xbrele.com<\/a><\/strong> (le \u201c Site \u201d) ou pour faire affaire avec nous.<\/p>\n\n\n\n<p><strong>2. Informations que nous recueillons<\/strong> Nous recueillons les informations que vous nous fournissez volontairement lorsque vous manifestez votre int\u00e9r\u00eat pour obtenir des informations sur notre entreprise ou nos produits (par exemple, en demandant un devis) ou lorsque vous nous contactez.<\/p>\n\n\n\n<ul class=\"wp-block-list\">\n<li><strong>Informations d'identit\u00e9 personnelle :<\/strong> Nom, fonction, nom de l'entreprise.<\/li>\n\n\n\n<li><strong>Coordonn\u00e9es :<\/strong> Adresse e-mail, num\u00e9ro de t\u00e9l\u00e9phone, adresse postale, adresse de livraison.<\/li>\n\n\n\n<li><strong>Donn\u00e9es commerciales :<\/strong> D\u00e9tails du projet, sch\u00e9mas unifilaires (SLD), sp\u00e9cifications techniques fournis dans les formulaires de demande de devis.<\/li>\n\n\n\n<li><strong>Donn\u00e9es techniques :<\/strong> Adresse IP, type de navigateur, syst\u00e8me d'exploitation et heures d'acc\u00e8s (collect\u00e9es automatiquement via des cookies).<\/li>\n<\/ul>\n\n\n\n<p><strong>3. Comment nous utilisons vos informations<\/strong> Nous utilisons les informations que nous collectons ou recevons \u00e0 des fins commerciales sp\u00e9cifiques :<\/p>\n\n\n\n<ul class=\"wp-block-list\">\n<li>Pour traiter et g\u00e9rer vos commandes, vos factures et la logistique d'exp\u00e9dition.<\/li>\n\n\n\n<li>Pour r\u00e9pondre \u00e0 vos questions techniques concernant les composants des appareillages de commutation.<\/li>\n\n\n\n<li>Pour am\u00e9liorer la fonctionnalit\u00e9 de notre site Web et l'exp\u00e9rience utilisateur.<\/li>\n\n\n\n<li>Pour envoyer des informations administratives concernant les mises \u00e0 jour des commandes ou les changements de politique.<\/li>\n<\/ul>\n\n\n\n<p><strong>4. Partage de vos informations<\/strong> Nous ne vendons, n'\u00e9changeons ni ne louons vos informations personnelles \u00e0 des tiers \u00e0 des fins marketing. Nous partageons uniquement ces informations avec :<\/p>\n\n\n\n<ul class=\"wp-block-list\">\n<li><strong>Partenaires logistiques :<\/strong> Pour livrer les produits \u00e0 l'adresse que vous avez indiqu\u00e9e (par exemple, DHL, FedEx, transitaires).<\/li>\n\n\n\n<li><strong>Analyse du site Web :<\/strong> Des outils tels que Google Analytics nous aident \u00e0 comprendre l'utilisation du site.<\/li>\n\n\n\n<li><strong>Obligations l\u00e9gales :<\/strong> Lorsque la loi l'exige pour se conformer \u00e0 une proc\u00e9dure judiciaire, une ordonnance d'un tribunal ou une proc\u00e9dure l\u00e9gale.<\/li>\n<\/ul>\n\n\n\n<p><strong>5. Cookies et suivi<\/strong> Nous utilisons des cookies pour am\u00e9liorer les fonctionnalit\u00e9s du site. Vous pouvez modifier les param\u00e8tres de votre navigateur pour refuser les cookies si vous le souhaitez, mais cela pourrait vous emp\u00eacher de profiter pleinement du site web.<\/p>\n\n\n\n<p><strong>6. S\u00e9curit\u00e9 des donn\u00e9es<\/strong> Nous avons mis en place des mesures de s\u00e9curit\u00e9 techniques et organisationnelles appropri\u00e9es, notamment le cryptage SSL, afin de prot\u00e9ger vos informations personnelles. Cependant, veuillez garder \u00e0 l'esprit qu'aucune transmission sur Internet n'est s\u00e9curis\u00e9e \u00e0 100 %.<\/p>\n\n\n\n<p><strong>7. Vos droits en mati\u00e8re de confidentialit\u00e9<\/strong> Selon votre lieu de r\u00e9sidence, vous pouvez avoir le droit de demander l'acc\u00e8s, la correction ou la suppression de vos donn\u00e9es personnelles. Pour exercer ces droits, veuillez nous contacter en utilisant les coordonn\u00e9es ci-dessous.<\/p>\n\n\n\n<p><strong>8. Contactez-nous<\/strong> Si vous avez des questions ou des commentaires concernant cette politique, veuillez nous contacter \u00e0 l'adresse suivante :<\/p>\n\n\n\n<p><strong>XBRELE<\/strong> <em>Fabricant de composants de commutation moyenne et haute tension haute performance<\/em><\/p>\n\n\n\n<p><strong>T\u00e9l\u00e9phone :<\/strong> +86 138 1977 6763<\/p>\n\n\n\n<p><strong>Adresse :<\/strong> N\u00b0 196-28, route Wei 12, zone de d\u00e9veloppement \u00e9conomique de Yueqing, ville de Yueqing, province du Zhejiang, Chine 325600<\/p>\n\n\n\n<p><strong>Courriel :<\/strong> sale@xbrele.com<\/p>","protected":false},"excerpt":{"rendered":"<p>Privacy Policy Last Updated: December 3, 2025 1. Introduction Welcome to XBRELE (&#8220;we,&#8221; &#8220;our,&#8221; or &#8220;us&#8221;). We specialize in manufacturing high-performance MV\/HV switchgear components and are an ISO9001 certified partner for global transmission and distribution projects. We are committed to protecting your personal information and your right to privacy. This Privacy Policy explains how we [&hellip;]<\/p>\n","protected":false},"author":1,"featured_media":0,"parent":0,"menu_order":0,"comment_status":"closed","ping_status":"closed","template":"","meta":{"_gspb_post_css":"","footnotes":""},"class_list":["post-786","page","type-page","status-publish","hentry"],"blocksy_meta":{"has_hero_section":"disabled","content_style_source":"inherit","vertical_spacing_source":"custom","content_area_spacing":"bottom","styles_descriptor":{"styles":{"desktop":"","tablet":"","mobile":""},"google_fonts":[],"version":6}},"_links":{"self":[{"href":"https:\/\/xbrele.com\/fr\/wp-json\/wp\/v2\/pages\/786","targetHints":{"allow":["GET"]}}],"collection":[{"href":"https:\/\/xbrele.com\/fr\/wp-json\/wp\/v2\/pages"}],"about":[{"href":"https:\/\/xbrele.com\/fr\/wp-json\/wp\/v2\/types\/page"}],"author":[{"embeddable":true,"href":"https:\/\/xbrele.com\/fr\/wp-json\/wp\/v2\/users\/1"}],"replies":[{"embeddable":true,"href":"https:\/\/xbrele.com\/fr\/wp-json\/wp\/v2\/comments?post=786"}],"version-history":[{"count":3,"href":"https:\/\/xbrele.com\/fr\/wp-json\/wp\/v2\/pages\/786\/revisions"}],"predecessor-version":[{"id":1942,"href":"https:\/\/xbrele.com\/fr\/wp-json\/wp\/v2\/pages\/786\/revisions\/1942"}],"wp:attachment":[{"href":"https:\/\/xbrele.com\/fr\/wp-json\/wp\/v2\/media?parent=786"}],"curies":[{"name":"wp","href":"https:\/\/api.w.org\/{rel}","templated":true}]}}