{"id":1967,"date":"2025-12-04T13:54:32","date_gmt":"2025-12-04T13:54:32","guid":{"rendered":"https:\/\/xbrele.com\/?page_id=1967"},"modified":"2025-12-04T15:07:56","modified_gmt":"2025-12-04T15:07:56","slug":"switchgear-component-manufacturer","status":"publish","type":"page","link":"https:\/\/xbrele.com\/it\/switchgear-component-manufacturer\/","title":{"rendered":"Produttore di componenti per quadri elettrici"},"content":{"rendered":"<div class=\"wp-block-stackable-columns alignfull stk-block-columns stk-block stk-3a5b1c3\" data-block-id=\"3a5b1c3\"><div class=\"stk-row stk-inner-blocks stk-block-content stk-content-align stk-3a5b1c3-column alignfull\">\n<div class=\"wp-block-stackable-column stk-block-column stk-column stk-block stk-155ceae\" data-v=\"4\" data-block-id=\"155ceae\"><div class=\"stk-column-wrapper stk-block-column__content stk-container stk-155ceae-container stk--no-background stk--no-padding\"><div class=\"stk-block-content stk-inner-blocks stk-155ceae-inner-blocks\">\n<style>\n    \/* --- XBRELE PRO STYLE SYSTEM (v5.1 - Component Edition) --- *\/\n    \n    .xbrele-pro-page {\n        font-family: -apple-system, BlinkMacSystemFont, \"Segoe UI\", Roboto, \"Helvetica Neue\", Arial, sans-serif;\n        color: #111;\n        line-height: 1.7; \n        font-size: 18px; \n        font-weight: 400;\n        background-color: #fff;\n    }\n\n    .xbrele-container {\n        max-width: 1200px;\n        margin: 0 auto;\n        padding: 0 20px;\n    }\n\n    .xbrele-section {\n        padding: 60px 0;\n        border-bottom: 1px solid #f0f0f0;\n    }\n    .xbrele-section.bg-light {\n        background-color: #f8fbfb;\n    }\n\n    .xbrele-pro-page h1 {\n        font-size: 42px;\n        font-weight: 800;\n        text-align: center;\n        margin-bottom: 30px;\n        color: #000;\n        letter-spacing: -0.5px;\n    }\n    \n    .xbrele-pro-page h2 {\n        font-size: 30px;\n        color: #000;\n        margin-top: 50px;\n        margin-bottom: 25px;\n        position: relative;\n        padding-left: 20px;\n        border-left: 8px solid #009688; \/* XBRELE Teal *\/\n        font-weight: 700;\n        text-transform: uppercase;\n    }\n    \n    .xbrele-pro-page h3 {\n        font-size: 22px;\n        font-weight: 700;\n        margin-top: 35px;\n        margin-bottom: 15px;\n        color: #009688;\n    }\n\n    .xbrele-pro-page p {\n        margin-bottom: 25px;\n        color: #222;\n        text-align: justify;\n    }\n\n    \/* Hero \u56fe\u7247\u6837\u5f0f *\/\n    .xbrele-hero-img {\n        width: 100%;\n        height: auto;\n        border-radius: 6px;\n        margin-bottom: 40px;\n        box-shadow: 0 4px 12px rgba(0,0,0,0.1);\n        display: block;\n    }\n\n    .xbrele-list {\n        list-style: none;\n        padding: 0;\n        margin-bottom: 30px;\n    }\n    .xbrele-list li {\n        position: relative;\n        padding-left: 30px;\n        margin-bottom: 12px;\n        color: #222;\n    }\n    .xbrele-list li::before {\n        content: \"\u25a0\";\n        position: absolute;\n        left: 0;\n        color: #009688;\n        font-size: 14px;\n        top: 6px;\n    }\n\n    .xbrele-tech-table {\n        width: 100%;\n        border-collapse: collapse;\n        margin: 40px 0;\n        box-shadow: 0 5px 15px rgba(0,0,0,0.05);\n        font-size: 16px;\n    }\n    .xbrele-tech-table th, .xbrele-tech-table td {\n        padding: 18px;\n        border: 1px solid #ddd;\n    }\n    .xbrele-tech-table th {\n        background-color: #009688;\n        color: #fff;\n        font-weight: 700;\n        text-align: left;\n    }\n    .xbrele-tech-table tr:nth-child(even) {\n        background-color: #fcfcfc;\n    }\n\n    .xbrele-link {\n        color: #009688;\n        font-weight: 700;\n        text-decoration: none;\n        border-bottom: 2px solid rgba(0,150,136,0.2);\n        transition: all 0.2s;\n    }\n    .xbrele-link:hover {\n        background-color: rgba(0,150,136,0.1);\n        border-bottom-color: #009688;\n    }\n\n    .xbrele-ext-link {\n        color: #555;\n        text-decoration: underline;\n        font-style: italic;\n    }\n\n    .xbrele-cta-box {\n        background: linear-gradient(135deg, #009688 0%, #004d40 100%);\n        color: #fff;\n        padding: 60px;\n        border-radius: 8px;\n        text-align: center;\n        margin-top: 60px;\n    }\n    .xbrele-cta-btn {\n        display: inline-block;\n        background-color: #fff;\n        color: #009688 !important;\n        padding: 18px 45px;\n        font-weight: 800;\n        text-transform: uppercase;\n        border-radius: 4px;\n        text-decoration: none;\n        margin-top: 25px;\n        font-size: 18px;\n        box-shadow: 0 4px 6px rgba(0,0,0,0.2);\n    }\n    .xbrele-cta-btn:hover {\n        background-color: #f4f4f4;\n        transform: translateY(-2px);\n    }\n<\/style>\n\n<div class=\"xbrele-pro-page\">\n\n    <div class=\"xbrele-section\">\n        <div class=\"xbrele-container\">\n            <h1>Produttore di componenti per quadri elettrici e soluzioni OEM<\/h1>\n            \n            <img decoding=\"async\" src=\"https:\/\/xbrele.com\/wp-content\/uploads\/2025\/12\/switchgear-component-manufacturing-factory.webp\" \n                 alt=\"XBRELE Produttore di componenti per quadri elettrici Fabbrica di scatole di contatto e isolatori\" \n                 class=\"xbrele-hero-img\" \/>\n\n            <p>\n                La produzione di componenti per quadri elettrici \u00e8 il settore fondamentale che alimenta l'assemblaggio di quadri elettrici a media tensione (MT) e alta tensione (AT). Comprende la progettazione di precisione di parti \u201cpassive\u201d critiche, quali isolamento epossidico, interruttori di messa a terra e interblocchi meccanici, che garantiscono la sicurezza e la funzionalit\u00e0 di KYN28, XGN e Ring Main Units (RMU). In qualit\u00e0 di azienda specializzata <strong>Produttore di componenti per quadri elettrici<\/strong>, XBRELE funge da colonna portante invisibile per i costruttori di quadri elettrici di tutto il mondo. Dai quadri elettrici da 12 kV ai passanti da parete da 40,5 kV, forniamo i componenti essenziali che consentono agli OEM di assemblare quadri elettrici affidabili e conformi alle norme IEC con efficienza e sicurezza.\n            <\/p>\n        <\/div>\n    <\/div>\n\n    <div class=\"xbrele-section bg-light\">\n        <div class=\"xbrele-container\">\n            <h2>Processo di produzione dei componenti per quadri elettrici<\/h2>\n            <p>\n                Il processo di produzione dei componenti per quadri elettrici \u00e8 molto vario e richiede competenze sia nella chimica dei polimeri che nella lavorazione dei metalli. In XBRELE, le nostre linee di produzione sono suddivise in modo da gestire queste diverse discipline, garantendo al contempo una perfetta integrazione nell'assemblaggio finale.\n            <\/p>\n            <p>\n                <strong>Stampaggio con isolamento (processo APG):<\/strong> Per <a href=\"https:\/\/xbrele.com\/it\/switchgear-parts\/contact-box\/\" class=\"xbrele-link\">Scatole di contatto (beccucci)<\/a> e boccole a parete, utilizziamo il processo di gelificazione automatica sotto pressione (APG). Questo processo prevede la premiscelazione della resina epossidica con indurenti di silice sotto vuoto per rimuovere le bolle d'aria, quindi l'iniezione della miscela in stampi di acciaio riscaldati. Questa tecnica garantisce un'elevata precisione dimensionale e una resistenza dielettrica superiore, essenziali per prevenire scariche parziali.\n            <\/p>\n            <p>\n                <strong>Lavorazione e lavorazione dei metalli:<\/strong> Componenti come il <a href=\"https:\/\/xbrele.com\/it\/switchgear-parts\/earthing-switch\/\" class=\"xbrele-link\">JN15 Interruttore di messa a terra<\/a> e i camion con telaio VCB richiedono strutture meccaniche robuste. Lavoriamo acciaio ad alta resistenza utilizzando punzonatrici e piegatrici CNC per creare telai in grado di resistere alle forze elettrodinamiche di un cortocircuito (fino a 40 kA). I contatti in rame sono placcati in argento per garantire una bassa resistenza.\n            <\/p>\n            <p>\n                <strong>Assemblaggio e integrazione:<\/strong> La fase finale prevede l'assemblaggio di meccanismi composti da pi\u00f9 parti, come ad esempio il <a href=\"https:\/\/xbrele.com\/it\/switchgear-parts\/switchgear-components\/\" class=\"xbrele-link\">interblocchi meccanici a cinque livelli di prevenzione<\/a>. I tecnici assemblano molle, leve e magneti di blocco, testando la logica per garantire che un operatore di commutazione non possa commettere errori pericolosi (ad esempio, chiudere l'interruttore di messa a terra su una sbarra collettrice sotto tensione).\n            <\/p>\n        <\/div>\n    <\/div>\n\n    <div class=\"xbrele-section\">\n        <div class=\"xbrele-container\">\n            <h2>Materie prime utilizzate nella produzione dei componenti<\/h2>\n            <p>\n                L'affidabilit\u00e0 di un quadro elettrico inizia dalle materie prime dei suoi componenti pi\u00f9 piccoli. XBRELE utilizza solo materiali certificati per garantire longevit\u00e0 e sicurezza.\n            <\/p>\n            <ul class=\"xbrele-list\">\n                <li><strong>Sistema a base di resina epossidica:<\/strong> Utilizziamo resina epossidica bisfenolo-A di alta qualit\u00e0 combinata con polvere di silice ad alta purezza. Questa formulazione garantisce un'elevata temperatura di transizione vetrosa (Tg &gt; 110 \u00b0C), assicurando la stabilit\u00e0 degli isolanti anche negli ambienti caldi delle sottostazioni.<\/li>\n                <li><strong>Rame elettrolitico (T2):<\/strong> Per tutte le parti che trasportano corrente, come i contatti fissi all'interno di una scatola di contatto o le lame di un interruttore di messa a terra, utilizziamo rame T2 (purezza 99,9%) con placcatura in argento (8-12\u03bcm) per massimizzare la conduttivit\u00e0.<\/li>\n                <li><strong>Acciaio laminato a freddo (SPCC):<\/strong> Utilizzati per i telai dei camion e i meccanismi di interblocco. Questi componenti sono sottoposti a zincatura o nichelatura per garantire la resistenza alla corrosione, superando il test in nebbia salina di 72 ore.<\/li>\n                <li><strong>Policarbonato (PC) e nylon:<\/strong> Per gli indicatori di tensione e le spine dei cavi secondari utilizziamo materiali termoplastici ignifughi (classe UL94 V-0) per garantire la sicurezza antincendio all'interno del vano a bassa tensione.<\/li>\n            <\/ul>\n        <\/div>\n    <\/div>\n\n    <div class=\"xbrele-section bg-light\">\n        <div class=\"xbrele-container\">\n            <h2>Attrezzature essenziali per la produzione<\/h2>\n            <p>\n                La produzione di componenti diversificati per quadri elettrici richiede uno stabilimento versatile. XBRELE ha investito in macchinari specializzati per controllare la qualit\u00e0 sia delle parti isolanti che di quelle meccaniche.\n            <\/p>\n            <p>\n                <strong>Macchine di serraggio APG:<\/strong> La nostra officina di isolamento \u00e8 dotata di macchine di serraggio idrauliche APG. Queste ci consentono di modellare forme complesse come <a href=\"https:\/\/xbrele.com\/it\/switchgear-parts\/post-insulator\/\" class=\"xbrele-link\">Isolatori per pali<\/a> con inserti filettati incorporati in un unico ciclo, garantendo un'elevata resistenza meccanica allo sganciamento.\n            <\/p>\n            <p>\n                <strong>Punzonatrici e laser a torretta CNC:<\/strong> Per gli interruttori di messa a terra e gli chassis, la precisione \u00e8 fondamentale per garantire operazioni di inserimento\/estrazione dal rack senza intoppi. I nostri centri CNC tagliano le piastre in acciaio con una tolleranza di 0,1 mm, garantendo che ogni parte di ricambio si adatti perfettamente al pannello senza necessit\u00e0 di limatura o molatura.\n            <\/p>\n            <p>\n                <strong>Linee di trattamento superficiale:<\/strong> Sebbene spesso esternalizzato da officine pi\u00f9 piccole, XBRELE mantiene un controllo rigoroso sui propri partner che si occupano della placcatura in argento e zinco, al fine di garantire che lo spessore e l'adesione siano conformi agli standard IEC per gli ambienti tropicali umidi.\n            <\/p>\n        <\/div>\n    <\/div>\n\n    <div class=\"xbrele-section\">\n        <div class=\"xbrele-container\">\n            <h2>Procedure di collaudo per componenti di quadri elettrici<\/h2>\n            <p>\n                Anche un solo isolante difettoso pu\u00f2 causare un guasto totale del quadro elettrico. Pertanto, XBRELE applica una politica di collaudo \u201cZero Defect\u201d per tutti i componenti conformi alle norme IEC 60694 e IEC 62271-102.\n            <\/p>\n            \n            <table class=\"xbrele-tech-table\">\n                <tr>\n                    <th>Nome del test<\/th>\n                    <th>Componente Destinatario<\/th>\n                    <th>Scopo<\/th>\n                <\/tr>\n                <tr>\n                    <td><strong>Rilevamento dei difetti tramite raggi X<\/strong><\/td>\n                    <td>Isolatori, Beccucci<\/td>\n                    <td>Scansiona la struttura interna per rilevare vuoti d'aria o crepe all'interno della resina epossidica.<\/td>\n                <\/tr>\n                <tr>\n                    <td><strong>Resistenza alla frequenza di rete<\/strong><\/td>\n                    <td>Parti isolanti<\/td>\n                    <td>Applica 42 kV\/1 min per garantire che la rigidit\u00e0 dielettrica soddisfi i requisiti di 12 kV.<\/td>\n                <\/tr>\n                <tr>\n                    <td><strong>Test di resistenza al ciclo<\/strong><\/td>\n                    <td>Interruttori di messa a terra<\/td>\n                    <td>Assicura che la resistenza di contatto sia sufficientemente bassa da poter trasportare correnti di cortocircuito.<\/td>\n                <\/tr>\n                <tr>\n                    <td><strong>Resistenza meccanica<\/strong><\/td>\n                    <td>Interruttori di messa a terra, telaio<\/td>\n                    <td>2.000 cicli operativi per verificare la durata della molla e la resistenza del meccanismo.<\/td>\n                <\/tr>\n                <tr>\n                    <td><strong>Transizione vetrosa (Tg)<\/strong><\/td>\n                    <td>Materiale epossidico<\/td>\n                    <td>Test di laboratorio per verificare la stabilit\u00e0 termica del lotto di resina polimerizzata.<\/td>\n                <\/tr>\n            <\/table>\n            \n            <p>\n                Per i nostri interruttori di messa a terra JN15, conduciamo anche test di resistenza alla corrente di breve durata (test di tipo) per dimostrare che sono in grado di mettere a terra in modo sicuro un guasto da 31,5 kA o 40 kA per 4 secondi senza saldature o disintegrazione.\n            <\/p>\n        <\/div>\n    <\/div>\n\n    <div class=\"xbrele-section bg-light\">\n        <div class=\"xbrele-container\">\n            <h2>Perch\u00e9 dovresti lavorare con un produttore di componenti personalizzati<\/h2>\n            <p>\n                I componenti standard non sempre sono adatti a tutti i progetti. I costruttori di quadri elettrici spesso devono affrontare sfide di retrofitting o requisiti specifici di utilit\u00e0. Un produttore di componenti per quadri elettrici personalizzati come XBRELE funge da partner ingegneristico.\n            <\/p>\n            <p>\n                Offriamo una personalizzazione approfondita per <strong>Parti isolanti<\/strong>. Se la configurazione della vostra barra collettrice richiede un carico di flessione non standard o una distanza di dispersione specifica per un'installazione costiera, possiamo modificare lo stampo APG per produrre un isolatore a palo o una boccola da parete personalizzati.\n            <\/p>\n            <p>\n                Per <strong>Parti meccaniche<\/strong>, possiamo personalizzare la larghezza e lo spessore del telaio VCB Truck per adattarlo ad armadi non standard (ad esempio, pannelli stretti da 650 mm). Questa flessibilit\u00e0 consente agli OEM di progettare quadri elettrici compatti senza essere limitati dai rigidi cataloghi dei grandi conglomerati.\n            <\/p>\n        <\/div>\n    <\/div>\n\n    <div class=\"xbrele-section\">\n        <div class=\"xbrele-container\">\n            <h2>I produttori di componenti per quadri elettrici hanno una grande esperienza<\/h2>\n            <p>\n                La produzione di componenti richiede una mentalit\u00e0 diversa rispetto all'assemblaggio di pannelli interi. Richiede un'attenzione particolare alla scienza dei materiali e alla coerenza della produzione di massa. XBRELE vanta decenni di esperienza in questo settore di nicchia. Conosciamo bene la logica di interblocco \u201cFive Prevention\u201d perch\u00e9 produciamo noi stessi le serrature.\n            <\/p>\n            <p>\n                La nostra esperienza si estende agli standard internazionali. Sappiamo che una boccola a muro per un progetto in Russia (standard GOST) pu\u00f2 differire da una nel Sud-Est asiatico (standard IEC). I produttori esperti danno priorit\u00e0 a queste sfumature, garantendo che i componenti acquistati superino il test di accettazione finale del vostro gruppo di commutazione completo.\n            <\/p>\n        <\/div>\n    <\/div>\n\n    <div class=\"xbrele-section bg-light\">\n        <div class=\"xbrele-container\">\n            <h2>Soluzioni convenienti per la catena di fornitura<\/h2>\n            <p>\n                L'approvvigionamento di componenti per quadri elettrici da un produttore specializzato in Cina offre un notevole vantaggio in termini di costi. Acquistando direttamente da XBRELE, i costruttori di quadri elettrici evitano i ricarichi dei distributori locali. La nostra sede a Yueqing ci consente di accedere alla catena di fornitura pi\u00f9 efficiente al mondo per il rame e la resina epossidica.\n            <\/p>\n            <p>\n                Offriamo anche <strong>CKD (Completamento della demolizione)<\/strong> e <strong>SKD<\/strong> kit. Invece di spedire interruttori di messa a terra ingombranti e completamente assemblati, possiamo spedire i componenti in imballaggi compatti affinch\u00e9 possiate assemblarli localmente. Ci\u00f2 riduce drasticamente i costi di trasporto marittimo e i dazi doganali, rendendo il prezzo finale dei vostri interruttori molto pi\u00f9 competitivo nelle gare d'appalto locali.\n            <\/p>\n        <\/div>\n    <\/div>\n\n    <div class=\"xbrele-section\">\n        <div class=\"xbrele-container\">\n            <h2>Capacit\u00e0 produttive adattabili<\/h2>\n            <p>\n                XBRELE dimostra una notevole flessibilit\u00e0. Siamo in grado di gestire ordini molto diversificati e di piccolo volume per progetti di riparazione e manutenzione (ad esempio, 5 scatole di contatto di ricambio) con la stessa efficienza con cui gestiamo ordini OEM di grande volume (ad esempio, 5.000 isolatori per pali per la produzione di una fabbrica).\n            <\/p>\n            <p>\n                La nostra gamma di prodotti copre l'intero ecosistema degli armadi KYN28 e XGN. Dall'interruttore di messa a terra per impieghi gravosi nella parte inferiore del pannello al minuscolo riscaldatore e al regolatore di umidit\u00e0 nel vano a bassa tensione, XBRELE offre un'esperienza \u201cOne-Stop Shop\u201d. Questa adattabilit\u00e0 semplifica il processo di approvvigionamento, riducendo l'onere amministrativo legato alla gestione di decine di piccoli fornitori.\n            <\/p>\n        <\/div>\n    <\/div>\n\n    <div class=\"xbrele-section bg-light\">\n        <div class=\"xbrele-container\">\n            <h2>Pratiche di produzione sostenibili<\/h2>\n            <p>\n                La sostenibilit\u00e0 nella produzione dei componenti si concentra sull'efficienza dei materiali e sulla riduzione degli sprechi. XBRELE utilizza macchine APG avanzate con cicli di riscaldamento ottimizzati per ridurre il consumo energetico durante il processo di polimerizzazione.\n            <\/p>\n            <p>\n                Applichiamo inoltre rigorosi protocolli di riciclaggio per i nostri scarti metallici. Gli scarti di rame derivanti dal nostro processo di lavorazione vengono raccolti e riciclati, garantendo uno spreco minimo di materiale. Inoltre, tutti i nostri materiali isolanti e processi di placcatura sono conformi alla direttiva RoHS, garantendo che il vostro quadro elettrico finale soddisfi gli standard ambientali globali.\n            <\/p>\n        <\/div>\n    <\/div>\n\n    <div class=\"xbrele-section\">\n        <div class=\"xbrele-container\">\n            <h2>Vantaggi della produzione cinese di componenti<\/h2>\n            <p>\n                La Cina \u00e8 il motore globale per i componenti di media tensione. I produttori locali hanno raggiunto una scala di produzione che consente un rapporto qualit\u00e0-prezzo senza pari. XBRELE sfrutta questo ecosistema per offrire:\n            <\/p>\n            <ul class=\"xbrele-list\">\n                <li><strong>Velocit\u00e0:<\/strong> Lo sviluppo di un nuovo stampo per un isolante personalizzato pu\u00f2 essere completato in soli 15 giorni.<\/li>\n                <li><strong>Capacit\u00e0:<\/strong> La nostra produzione giornaliera di componenti epossidici supera le 2.000 unit\u00e0, garantendoci la possibilit\u00e0 di soddisfare picchi di domanda.<\/li>\n                <li><strong>Integrazione:<\/strong> Grazie alla nostra vicinanza ai produttori di VCB, garantiamo che i nostri componenti (come telai e bocchette) abbiano una perfetta compatibilit\u00e0 meccanica con interruttori standard del settore come VS1 e VD4.<\/li>\n            <\/ul>\n        <\/div>\n    <\/div>\n\n    <div class=\"xbrele-section bg-light\">\n        <div class=\"xbrele-container\">\n            <h2>Trovare il giusto produttore di componenti<\/h2>\n            <p>\n                Per selezionare il miglior fornitore per la vostra linea di assemblaggio di quadri elettrici, considerate quanto segue:\n            <\/p>\n            <ul class=\"xbrele-list\">\n                <li><strong>Trasparenza dei materiali:<\/strong> Il fornitore indica la purezza del rame e il grado di resina epossidica?<\/li>\n                <li><strong>Strutture di collaudo:<\/strong> Dispongono di laboratori interni per radiografie e alta tensione?<\/li>\n                <li><strong>Ampiezza della gamma di prodotti:<\/strong> Possono fornire il kit completo (isolatori + sensori + interruttori) o solo una parte?<\/li>\n                <li><strong>Esperienza nell'esportazione:<\/strong> Comprendono l'importanza dell'imballaggio per l'esportazione al fine di prevenire la rottura di parti fragili in resina epossidica durante il trasporto?<\/li>\n            <\/ul>\n            <p>\n                XBRELE soddisfa tutti questi requisiti, posizionandoci come il partner strategico ideale per la vostra catena di fornitura.\n            <\/p>\n        <\/div>\n    <\/div>\n\n    <div class=\"xbrele-container\">\n        <div class=\"xbrele-cta-box\">\n            <h2>Costruisci quadri elettrici migliori con i componenti XBRELE<\/h2>\n            <p>Ottimizza la tua catena di fornitura con isolanti e componenti meccanici provenienti direttamente dalla fabbrica.<\/p>\n            <a href=\"https:\/\/xbrele.com\/it\/contact\/\" class=\"xbrele-cta-btn\">Ottieni un catalogo dei componenti<\/a>\n        <\/div>\n    <\/div>\n\n<\/div>\n<\/div><\/div><\/div>\n<\/div><\/div>","protected":false},"excerpt":{"rendered":"<p>Switchgear Component Manufacturer &#038; OEM Solutions Switchgear Component manufacturing is the foundational industry that powers the assembly of Medium Voltage (MV) and High Voltage (HV) electrical panels. It involves the precision engineering of critical &#8220;passive&#8221; parts\u2014such as epoxy insulation, earthing switches, and mechanical interlocks\u2014that ensure the safety and functionality of KYN28, XGN, and Ring Main [&hellip;]<\/p>\n","protected":false},"author":1,"featured_media":0,"parent":0,"menu_order":0,"comment_status":"closed","ping_status":"closed","template":"","meta":{"_gspb_post_css":"","footnotes":""},"class_list":["post-1967","page","type-page","status-publish","hentry"],"blocksy_meta":{"has_hero_section":"disabled","vertical_spacing_source":"custom","content_area_spacing":"top","styles_descriptor":{"styles":{"desktop":"","tablet":"","mobile":""},"google_fonts":[],"version":6}},"_links":{"self":[{"href":"https:\/\/xbrele.com\/it\/wp-json\/wp\/v2\/pages\/1967","targetHints":{"allow":["GET"]}}],"collection":[{"href":"https:\/\/xbrele.com\/it\/wp-json\/wp\/v2\/pages"}],"about":[{"href":"https:\/\/xbrele.com\/it\/wp-json\/wp\/v2\/types\/page"}],"author":[{"embeddable":true,"href":"https:\/\/xbrele.com\/it\/wp-json\/wp\/v2\/users\/1"}],"replies":[{"embeddable":true,"href":"https:\/\/xbrele.com\/it\/wp-json\/wp\/v2\/comments?post=1967"}],"version-history":[{"count":3,"href":"https:\/\/xbrele.com\/it\/wp-json\/wp\/v2\/pages\/1967\/revisions"}],"predecessor-version":[{"id":1993,"href":"https:\/\/xbrele.com\/it\/wp-json\/wp\/v2\/pages\/1967\/revisions\/1993"}],"wp:attachment":[{"href":"https:\/\/xbrele.com\/it\/wp-json\/wp\/v2\/media?parent=1967"}],"curies":[{"name":"wp","href":"https:\/\/api.w.org\/{rel}","templated":true}]}}