{"id":1965,"date":"2025-12-04T13:54:12","date_gmt":"2025-12-04T13:54:12","guid":{"rendered":"https:\/\/xbrele.com\/?page_id=1965"},"modified":"2025-12-04T15:31:46","modified_gmt":"2025-12-04T15:31:46","slug":"distribution-transformer-manufacturer","status":"publish","type":"page","link":"https:\/\/xbrele.com\/pt\/distribution-transformer-manufacturer\/","title":{"rendered":"Fabricante de transformadores de distribui\u00e7\u00e3o"},"content":{"rendered":"<div class=\"wp-block-stackable-columns alignfull stk-block-columns stk-block stk-8c2e1dd\" data-block-id=\"8c2e1dd\"><div class=\"stk-row stk-inner-blocks stk-block-content stk-content-align stk-8c2e1dd-column alignfull\">\n<div class=\"wp-block-stackable-column stk-block-column stk-column stk-block stk-c9c3a9e\" data-v=\"4\" data-block-id=\"c9c3a9e\"><div class=\"stk-column-wrapper stk-block-column__content stk-container stk-c9c3a9e-container stk--no-background stk--no-padding\"><div class=\"stk-block-content stk-inner-blocks stk-c9c3a9e-inner-blocks\">\n<style>\n    \/* --- XBRELE PRO STYLE SYSTEM (v5.1 - Transformer Edition) --- *\/\n    \n    .xbrele-pro-page {\n        font-family: -apple-system, BlinkMacSystemFont, \"Segoe UI\", Roboto, \"Helvetica Neue\", Arial, sans-serif;\n        color: #111;\n        line-height: 1.7; \n        font-size: 18px; \n        font-weight: 400;\n        background-color: #fff;\n    }\n\n    .xbrele-container {\n        max-width: 1200px;\n        margin: 0 auto;\n        padding: 0 20px;\n    }\n\n    .xbrele-section {\n        padding: 60px 0;\n        border-bottom: 1px solid #f0f0f0;\n    }\n    .xbrele-section.bg-light {\n        background-color: #f8fbfb;\n    }\n\n    .xbrele-pro-page h1 {\n        font-size: 42px;\n        font-weight: 800;\n        text-align: center;\n        margin-bottom: 30px;\n        color: #000;\n        letter-spacing: -0.5px;\n    }\n    \n    .xbrele-pro-page h2 {\n        font-size: 30px;\n        color: #000;\n        margin-top: 50px;\n        margin-bottom: 25px;\n        position: relative;\n        padding-left: 20px;\n        border-left: 8px solid #009688; \/* XBRELE Teal *\/\n        font-weight: 700;\n        text-transform: uppercase;\n    }\n    \n    .xbrele-pro-page h3 {\n        font-size: 22px;\n        font-weight: 700;\n        margin-top: 35px;\n        margin-bottom: 15px;\n        color: #009688;\n    }\n\n    .xbrele-pro-page p {\n        margin-bottom: 25px;\n        color: #222;\n        text-align: justify;\n    }\n\n    \/* Hero \u56fe\u7247\u6837\u5f0f *\/\n    .xbrele-hero-img {\n        width: 100%;\n        height: auto;\n        border-radius: 6px;\n        margin-bottom: 40px;\n        box-shadow: 0 4px 12px rgba(0,0,0,0.1);\n        display: block;\n    }\n\n    .xbrele-list {\n        list-style: none;\n        padding: 0;\n        margin-bottom: 30px;\n    }\n    .xbrele-list li {\n        position: relative;\n        padding-left: 30px;\n        margin-bottom: 12px;\n        color: #222;\n    }\n    .xbrele-list li::before {\n        content: \"\u25a0\";\n        position: absolute;\n        left: 0;\n        color: #009688;\n        font-size: 14px;\n        top: 6px;\n    }\n\n    .xbrele-tech-table {\n        width: 100%;\n        border-collapse: collapse;\n        margin: 40px 0;\n        box-shadow: 0 5px 15px rgba(0,0,0,0.05);\n        font-size: 16px;\n    }\n    .xbrele-tech-table th, .xbrele-tech-table td {\n        padding: 18px;\n        border: 1px solid #ddd;\n    }\n    .xbrele-tech-table th {\n        background-color: #009688;\n        color: #fff;\n        font-weight: 700;\n        text-align: left;\n    }\n    .xbrele-tech-table tr:nth-child(even) {\n        background-color: #fcfcfc;\n    }\n\n    .xbrele-link {\n        color: #009688;\n        font-weight: 700;\n        text-decoration: none;\n        border-bottom: 2px solid rgba(0,150,136,0.2);\n        transition: all 0.2s;\n    }\n    .xbrele-link:hover {\n        background-color: rgba(0,150,136,0.1);\n        border-bottom-color: #009688;\n    }\n\n    .xbrele-ext-link {\n        color: #555;\n        text-decoration: underline;\n        font-style: italic;\n    }\n\n    .xbrele-cta-box {\n        background: linear-gradient(135deg, #009688 0%, #004d40 100%);\n        color: #fff;\n        padding: 60px;\n        border-radius: 8px;\n        text-align: center;\n        margin-top: 60px;\n    }\n    .xbrele-cta-btn {\n        display: inline-block;\n        background-color: #fff;\n        color: #009688 !important;\n        padding: 18px 45px;\n        font-weight: 800;\n        text-transform: uppercase;\n        border-radius: 4px;\n        text-decoration: none;\n        margin-top: 25px;\n        font-size: 18px;\n        box-shadow: 0 4px 6px rgba(0,0,0,0.2);\n    }\n    .xbrele-cta-btn:hover {\n        background-color: #f4f4f4;\n        transform: translateY(-2px);\n    }\n<\/style>\n\n<div class=\"xbrele-pro-page\">\n\n    <div class=\"xbrele-section\">\n        <div class=\"xbrele-container\">\n            <h1>Fabricante de transformadores de distribui\u00e7\u00e3o e solu\u00e7\u00f5es OEM<\/h1>\n            \n            <img decoding=\"async\" src=\"https:\/\/xbrele.com\/wp-content\/uploads\/2025\/12\/transformer-manufacturing-factory-workshop.webp\" \n                 alt=\"Fabricante de transformadores de distribui\u00e7\u00e3o XBRELE F\u00e1brica que produz transformadores do tipo seco e imersos em \u00f3leo\" \n                 class=\"xbrele-hero-img\" \/>\n\n            <p>\n                A fabrica\u00e7\u00e3o de transformadores de distribui\u00e7\u00e3o \u00e9 a espinha dorsal da rede el\u00e9trica, respons\u00e1vel por reduzir a m\u00e9dia tens\u00e3o (6 kV-35 kV) para n\u00edveis de baixa tens\u00e3o utiliz\u00e1veis. Envolve duas tecnologias distintas: <strong>Imerso em \u00f3leo<\/strong> transformadores (cheios de l\u00edquido) para uso externo em servi\u00e7os p\u00fablicos e <strong>Tipo seco<\/strong> (resina fundida) transformadores para seguran\u00e7a comercial interna. Como especialista <strong>Fabricante de transformadores de distribui\u00e7\u00e3o<\/strong>, a XBRELE opera uma instala\u00e7\u00e3o de produ\u00e7\u00e3o dupla capaz de produzir unidades de alta efici\u00eancia que atendem \u00e0s normas IEC 60076. Se voc\u00ea precisa de um produto robusto <a href=\"https:\/\/xbrele.com\/pt\/power-distribution-transformers\/oil-immersed-transformer\/\" class=\"xbrele-link\">Transformador de \u00f3leo S13<\/a> para uma rede rural ou um sistema \u00e0 prova de inc\u00eandio <a href=\"https:\/\/xbrele.com\/pt\/power-distribution-transformers\/dry-type-transformer\/\" class=\"xbrele-link\">Transformador de resina fundida SCB<\/a> Para edif\u00edcios altos, a XBRELE fornece fabrica\u00e7\u00e3o OEM com foco em baixas perdas e longa vida \u00fatil.\n            <\/p>\n        <\/div>\n    <\/div>\n\n    <div class=\"xbrele-section bg-light\">\n        <div class=\"xbrele-container\">\n            <h2>Processo de fabrica\u00e7\u00e3o de transformadores<\/h2>\n            <p>\n                O processo de fabrica\u00e7\u00e3o de transformadores \u00e9 complexo, envolvendo um projeto eletromagn\u00e9tico preciso e engenharia de isolamento. Na XBRELE, seguimos um rigoroso protocolo de qualidade para nossas linhas de produtos secos e a \u00f3leo.\n            <\/p>\n            <p>\n                <strong>Empilhamento do n\u00facleo (tecnologia Step-Lap):<\/strong> O cora\u00e7\u00e3o do transformador \u00e9 o n\u00facleo de ferro. Utilizamos a\u00e7o el\u00e9trico de gr\u00e3os orientados (GOES) de alta permeabilidade. Nossos n\u00facleos s\u00e3o cortados e empilhados usando a tecnologia \u201cStep-Lap\u201d, que reduz a lacuna de fluxo magn\u00e9tico nas juntas. Isso reduz significativamente a perda sem carga e os n\u00edveis de ru\u00eddo, um fator cr\u00edtico para as redes ecol\u00f3gicas modernas.\n            <\/p>\n            <p>\n                <strong>Enrolamento (tecnologia de folha):<\/strong> Para as bobinas de baixa tens\u00e3o (LV), a XBRELE utiliza <strong>Enrolamento autom\u00e1tico de folha met\u00e1lica<\/strong> em vez do enrolamento tradicional com fio. Essa t\u00e9cnica utiliza folhas de cobre ou alum\u00ednio, o que elimina o \u00e2ngulo da h\u00e9lice e reduz as for\u00e7as axiais de curto-circuito. Isso garante que o transformador possa suportar correntes de falha repentinas sem deforma\u00e7\u00e3o mec\u00e2nica.\n            <\/p>\n            <p>\n                <strong>Fundi\u00e7\u00e3o a v\u00e1cuo (tipo seco):<\/strong> Para nossa s\u00e9rie SCB, as bobinas s\u00e3o colocadas em um tanque de fundi\u00e7\u00e3o a v\u00e1cuo. A resina ep\u00f3xi \u00e9 derramada sob v\u00e1cuo para garantir uma impregna\u00e7\u00e3o profunda. Isso elimina bolhas de ar que poderiam causar descarga parcial (PD), garantindo que o isolamento dure d\u00e9cadas.\n            <\/p>\n            <p>\n                <strong>Secagem a v\u00e1cuo e enchimento de \u00f3leo (tipo de \u00f3leo):<\/strong> Para nossa s\u00e9rie S13, a parte ativa \u00e9 seca em uma planta de secagem em fase de vapor de querosene para remover toda a umidade. O tanque \u00e9 ent\u00e3o enchido com \u00f3leo mineral desgaseificado sob v\u00e1cuo, garantindo uma resist\u00eancia de isolamento perfeita.\n            <\/p>\n        <\/div>\n    <\/div>\n\n    <div class=\"xbrele-section\">\n        <div class=\"xbrele-container\">\n            <h2>Mat\u00e9rias-primas utilizadas na produ\u00e7\u00e3o de transformadores<\/h2>\n            <p>\n                Um transformador \u00e9 t\u00e3o bom quanto os materiais com que \u00e9 fabricado. A XBRELE utiliza mat\u00e9rias-primas de alta qualidade para garantir alta efici\u00eancia (baixas perdas I\u00b2R e histerese).\n            <\/p>\n            <ul class=\"xbrele-list\">\n                <li><strong>Folhas de a\u00e7o de sil\u00edcio:<\/strong> Adquirimos a\u00e7o sil\u00edcio de gr\u00e3o orientado de grau Hi-B das melhores usinas (como a Baosteel). Para o nosso <a href=\"https:\/\/xbrele.com\/pt\/power-distribution-transformers\/amorphous-alloy-transformer\/\" class=\"xbrele-link\">Transformadores de liga amorfa<\/a>, Utilizamos fitas met\u00e1licas amorfas avan\u00e7adas que reduzem as perdas sem carga em at\u00e9 75% em compara\u00e7\u00e3o com o a\u00e7o tradicional.<\/li>\n                <li><strong>Materiais condutores:<\/strong> Utilizamos cobre sem oxig\u00eanio (OFC) ou alum\u00ednio de grau el\u00e9trico para enrolamentos, dependendo das especifica\u00e7\u00f5es do cliente. A pureza garante baixa resist\u00eancia e gera\u00e7\u00e3o m\u00ednima de calor.<\/li>\n                <li><strong>Resina ep\u00f3xi (Classe F\/H):<\/strong> Para unidades do tipo seco, utilizamos uma mistura ep\u00f3xi especializada com enchimento de s\u00edlica que proporciona excelente dissipa\u00e7\u00e3o de calor e resist\u00eancia ao fogo (autoextingu\u00edvel).<\/li>\n                <li><strong>\u00d3leo mineral:<\/strong> Para unidades imersas em \u00f3leo, utilizamos \u00f3leo transformador naft\u00eanico ou paraf\u00ednico de alta qualidade com alta rigidez diel\u00e9trica (&gt;60 kV) e excelente estabilidade \u00e0 oxida\u00e7\u00e3o.<\/li>\n            <\/ul>\n        <\/div>\n    <\/div>\n\n    <div class=\"xbrele-section bg-light\">\n        <div class=\"xbrele-container\">\n            <h2>Equipamentos essenciais de fabrica\u00e7\u00e3o<\/h2>\n            <p>\n                A f\u00e1brica da XBRELE est\u00e1 equipada com m\u00e1quinas modernas projetadas para garantir a consist\u00eancia em milhares de unidades.\n            <\/p>\n            <p>\n                <strong>M\u00e1quinas autom\u00e1ticas para enrolamento de folhas met\u00e1licas:<\/strong> Essas m\u00e1quinas controlam automaticamente a tens\u00e3o e o alinhamento, envolvendo simultaneamente o papel isolante e a folha condutora. Isso elimina o erro humano e cria uma bobina com alta resist\u00eancia mec\u00e2nica.\n            <\/p>\n            <p>\n                <strong>Planta de fundi\u00e7\u00e3o a v\u00e1cuo:<\/strong> Nossas c\u00e2maras est\u00e1ticas de mistura e moldagem permitem o controle preciso da temperatura da resina e dos n\u00edveis de v\u00e1cuo, essenciais para a produ\u00e7\u00e3o de produtos \u201csem PD\u201d.\u201d <a href=\"https:\/\/xbrele.com\/pt\/power-distribution-transformers\/dry-type-transformer\/\" class=\"xbrele-link\">Transformadores do tipo seco<\/a>.\n            <\/p>\n            <p>\n                <strong>Linha de produ\u00e7\u00e3o de tanques corrugados:<\/strong> Para transformadores de \u00f3leo hermeticamente fechados, fabricamos internamente os tanques com aletas corrugadas. Essas aletas expandem-se e contraem-se com as mudan\u00e7as de temperatura do \u00f3leo, eliminando a necessidade de um tanque conservador e impedindo que o ar entre em contato com o \u00f3leo.\n            <\/p>\n        <\/div>\n    <\/div>\n\n    <div class=\"xbrele-section\">\n        <div class=\"xbrele-container\">\n            <h2>Procedimentos de teste para transformadores de distribui\u00e7\u00e3o<\/h2>\n            <p>\n                Os testes s\u00e3o essenciais para verificar a efici\u00eancia e a seguran\u00e7a de um transformador. Todas as unidades XBRELE s\u00e3o submetidas a testes de rotina de acordo com a norma IEC 60076 antes do envio.\n            <\/p>\n            \n            <table class=\"xbrele-tech-table\">\n                <tr>\n                    <th>Nome do teste<\/th>\n                    <th>Tipo de produto<\/th>\n                    <th>Objetivo<\/th>\n                <\/tr>\n                <tr>\n                    <td><strong>Teste de grupo de raz\u00f5es e vetores<\/strong><\/td>\n                    <td>Todos<\/td>\n                    <td>Verifica a rela\u00e7\u00e3o de transforma\u00e7\u00e3o de tens\u00e3o e a rela\u00e7\u00e3o de fase (por exemplo, Dyn11).<\/td>\n                <\/tr>\n                <tr>\n                    <td><strong>Resist\u00eancia ao enrolamento<\/strong><\/td>\n                    <td>Todos<\/td>\n                    <td>Verifica se h\u00e1 conex\u00f5es soltas e verifica a qualidade do cobre\/alum\u00ednio.<\/td>\n                <\/tr>\n                <tr>\n                    <td><strong>Perda de carga e tens\u00e3o de imped\u00e2ncia<\/strong><\/td>\n                    <td>Todos<\/td>\n                    <td>Mede a efici\u00eancia sob carga e verifica a imped\u00e2ncia de curto-circuito (Uk%).<\/td>\n                <\/tr>\n                <tr>\n                    <td><strong>Teste de tens\u00e3o aplicada<\/strong><\/td>\n                    <td>Todos<\/td>\n                    <td>Verifica o n\u00edvel de isolamento entre os enrolamentos e o terra (resist\u00eancia \u00e0 frequ\u00eancia de alimenta\u00e7\u00e3o).<\/td>\n                <\/tr>\n                <tr>\n                    <td><strong>Descarga parcial (PD)<\/strong><\/td>\n                    <td>Tipo seco<\/td>\n                    <td>Garante que o isolamento de resina moldada n\u00e3o tenha espa\u00e7os vazios (&lt; 10 pC).<\/td>\n                <\/tr>\n                <tr>\n                    <td><strong>Teste de press\u00e3o de vazamento de \u00f3leo<\/strong><\/td>\n                    <td>Tipo de \u00f3leo<\/td>\n                    <td>Pressuriza o tanque para garantir que as veda\u00e7\u00f5es estejam firmes e \u00e0 prova de vazamentos.<\/td>\n                <\/tr>\n            <\/table>\n            \n            <p>\n                Tamb\u00e9m realizamos testes de tipo (aumento de temperatura, impulso de raio) em unidades prot\u00f3tipo para validar as capacidades t\u00e9rmicas e diel\u00e9tricas do projeto.\n            <\/p>\n        <\/div>\n    <\/div>\n\n    <div class=\"xbrele-section bg-light\">\n        <div class=\"xbrele-container\">\n            <h2>Por que voc\u00ea deve trabalhar com um fabricante de transformadores personalizados<\/h2>\n            <p>\n                Os requisitos da rede el\u00e9trica variam globalmente. Um transformador padr\u00e3o de 11 kV\/400 V para a China pode n\u00e3o funcionar para um projeto nas Filipinas (13,2 kV) ou na \u00c1frica do Sul (11 kV\/415 V). A XBRELE \u00e9 especializada em <strong>Fabrica\u00e7\u00e3o de tens\u00e3o personalizada<\/strong>.\n            <\/p>\n            <p>\n                Podemos personalizar o <strong>Faixa de batidas<\/strong> (por exemplo, \u00b12\u00d72,5% ou \u00b15%) e o <strong>Grupo Vector<\/strong> (Dyn11, Yyn0 ou grupos industriais especiais). Para <a href=\"https:\/\/xbrele.com\/pt\/power-distribution-transformers\/dry-type-transformer\/\" class=\"xbrele-link\">Transformadores do tipo seco<\/a>, Oferecemos classifica\u00e7\u00f5es IP personalizadas (IP20, IP23, IP44) para o inv\u00f3lucro, permitindo a instala\u00e7\u00e3o em ambientes empoeirados ou semi-externos.\n            <\/p>\n            <p>\n                Nossa equipe de engenharia tamb\u00e9m projeta transformadores com tens\u00f5es de imped\u00e2ncia espec\u00edficas (Uk%) para combinar com as unidades existentes para opera\u00e7\u00e3o paralela, um requisito crucial para expans\u00f5es de usinas.\n            <\/p>\n        <\/div>\n    <\/div>\n\n    <div class=\"xbrele-section\">\n        <div class=\"xbrele-container\">\n            <h2>Os fabricantes de transformadores de distribui\u00e7\u00e3o t\u00eam experi\u00eancia<\/h2>\n            <p>\n                A fabrica\u00e7\u00e3o de transformadores \u00e9 uma ind\u00fastria madura, onde a experi\u00eancia conta. A XBRELE tem d\u00e9cadas de experi\u00eancia na otimiza\u00e7\u00e3o de projetos de n\u00facleos para equilibrar custo e efici\u00eancia. Entendemos as compensa\u00e7\u00f5es entre \u201cPerda sem carga\u201d (perda de ferro) e \u201cPerda de carga\u201d (perda de cobre).\n            <\/p>\n            <p>\n                Nossa experi\u00eancia com <a href=\"https:\/\/xbrele.com\/pt\/power-distribution-transformers\/amorphous-alloy-transformer\/\" class=\"xbrele-link\">Tecnologia de Liga Amorfa<\/a> nos permite produzir unidades de efici\u00eancia ultra-alta para projetos modernos de energia verde (parques solares\/e\u00f3licos), ajudando os clientes a cumprir diretivas rigorosas de efici\u00eancia energ\u00e9tica (como as normas Tier 2 da UE).\n            <\/p>\n        <\/div>\n    <\/div>\n\n    <div class=\"xbrele-section bg-light\">\n        <div class=\"xbrele-container\">\n            <h2>Solu\u00e7\u00f5es de fabrica\u00e7\u00e3o econ\u00f4micas<\/h2>\n            <p>\n                A XBRELE oferece uma vantagem significativa em termos de custo para EPCs e concession\u00e1rias globais. Localizados na China, temos acesso a uma enorme cadeia de suprimentos de a\u00e7o el\u00e9trico e cobre.\n            <\/p>\n            <p>\n                Nosso modelo \u201cdireto da f\u00e1brica\u201d elimina as margens dos distribuidores. Al\u00e9m disso, nosso eficiente processo de enrolamento de folha reduz o tempo de trabalho e o desperd\u00edcio de material em compara\u00e7\u00e3o com os m\u00e9todos mais antigos de enrolamento de fios. Isso nos permite oferecer unidades de alta especifica\u00e7\u00e3o (por exemplo, transformadores com classifica\u00e7\u00e3o K-Factor) a pre\u00e7os altamente competitivos em licita\u00e7\u00f5es internacionais.\n            <\/p>\n        <\/div>\n    <\/div>\n\n    <div class=\"xbrele-section\">\n        <div class=\"xbrele-container\">\n            <h2>Capacidades de produ\u00e7\u00e3o adapt\u00e1veis<\/h2>\n            <p>\n                A XBRELE oferece um portf\u00f3lio diversificado de produtos sob o mesmo teto. Fabricamos produtos padr\u00e3o <strong>Transformadores montados em postes<\/strong> para distribui\u00e7\u00e3o a\u00e9rea e <strong>Montado em base<\/strong> unidades para sistemas subterr\u00e2neos.\n            <\/p>\n            <p>\n                Somos adapt\u00e1veis a aplica\u00e7\u00f5es especiais. Produzimos <strong>Transformadores retificadores<\/strong> para eletr\u00f3lise industrial, <strong>Transformadores para fornos<\/strong> para sider\u00fargicas e <strong>Transformadores de isolamento<\/strong> para centros de dados sens\u00edveis. Essa versatilidade permite que a XBRELE atue como um parceiro completo em solu\u00e7\u00f5es de energia.\n            <\/p>\n        <\/div>\n    <\/div>\n\n    <div class=\"xbrele-section bg-light\">\n        <div class=\"xbrele-container\">\n            <h2>Pr\u00e1ticas de fabrica\u00e7\u00e3o sustent\u00e1veis<\/h2>\n            <p>\n                Os transformadores s\u00e3o ativos de longa dura\u00e7\u00e3o (20 a 30 anos), por isso a sustentabilidade \u00e9 fundamental. A XBRELE concentra-se na produ\u00e7\u00e3o de transformadores \u201cEco-Design\u201d com perdas reduzidas. Nossa <a href=\"https:\/\/xbrele.com\/pt\/power-distribution-transformers\/amorphous-alloy-transformer\/\" class=\"xbrele-link\">S\u00e9rie de ligas amorfas<\/a> \u00e9 um excelente exemplo, reduzindo o consumo de energia em modo de espera em at\u00e9 751 TP3T.\n            <\/p>\n            <p>\n                Na fabrica\u00e7\u00e3o, utilizamos sistemas de manuseio de \u00f3leo em circuito fechado para evitar derramamentos e reciclar sucata de cobre e a\u00e7o. Nossos transformadores do tipo seco s\u00e3o inerentemente ecol\u00f3gicos, pois n\u00e3o cont\u00eam \u00f3leo e n\u00e3o apresentam risco de contamina\u00e7\u00e3o do solo, tornando-os a escolha preferida para certifica\u00e7\u00f5es de constru\u00e7\u00e3o sustent\u00e1vel (LEED\/BREEAM).\n            <\/p>\n        <\/div>\n    <\/div>\n\n    <div class=\"xbrele-section\">\n        <div class=\"xbrele-container\">\n            <h2>Vantagens da fabrica\u00e7\u00e3o chinesa de transformadores<\/h2>\n            <p>\n                A China \u00e9 o maior produtor mundial de transformadores de energia. A XBRELE aproveita esse ecossistema para oferecer:\n            <\/p>\n            <ul class=\"xbrele-list\">\n                <li><strong>Escala:<\/strong> Podemos produzir centenas de unidades por m\u00eas, apoiando projetos de eletrifica\u00e7\u00e3o rural em grande escala.<\/li>\n                <li><strong>Velocidade:<\/strong> Os transformadores de distribui\u00e7\u00e3o padr\u00e3o de 11 kV podem ser fabricados em 15 a 20 dias.<\/li>\n                <li><strong>Log\u00edstica:<\/strong> Temos experi\u00eancia no transporte de transformadores pesados, utilizando gravadores de impacto e embalagens \u00e0 prova de umidade para garantir que cheguem com seguran\u00e7a a qualquer lugar do mundo.<\/li>\n            <\/ul>\n        <\/div>\n    <\/div>\n\n    <div class=\"xbrele-section bg-light\">\n        <div class=\"xbrele-container\">\n            <h2>Encontrando o fabricante de transformadores certo<\/h2>\n            <p>\n                Ao selecionar um fornecedor, considere estes fatores cr\u00edticos:\n            <\/p>\n            <ul class=\"xbrele-list\">\n                <li><strong>Laborat\u00f3rio de testes:<\/strong> A f\u00e1brica possui capacidade de teste verificada para sobretens\u00e3o induzida e DP?<\/li>\n                <li><strong>Capacidade de design:<\/strong> Eles podem fornecer desenhos CAD detalhados e c\u00e1lculos t\u00e9rmicos antes da produ\u00e7\u00e3o?<\/li>\n                <li><strong>Garantia:<\/strong> Procure fabricantes que ofere\u00e7am pelo menos 24 meses de garantia, demonstrando confian\u00e7a na qualidade de seus produtos.<\/li>\n                <li><strong>Refer\u00eancias:<\/strong> Solicite uma lista de refer\u00eancia de projetos em zonas clim\u00e1ticas semelhantes (por exemplo, tropical ou des\u00e9rtica).<\/li>\n            <\/ul>\n            <p>\n                A XBRELE convida voc\u00ea a visitar nossas instala\u00e7\u00f5es ou solicitar um tour virtual para ver nosso controle de qualidade em a\u00e7\u00e3o.\n            <\/p>\n        <\/div>\n    <\/div>\n\n    <div class=\"xbrele-container\">\n        <div class=\"xbrele-cta-box\">\n            <h2>Alimente seu projeto com os transformadores XBRELE<\/h2>\n            <p>Obtenha hoje mesmo uma cota\u00e7\u00e3o direta para transformadores do tipo seco, imersos em \u00f3leo ou de liga amorfa.<\/p>\n            <a href=\"https:\/\/xbrele.com\/pt\/contact\/\" class=\"xbrele-cta-btn\">Obtenha uma cota\u00e7\u00e3o da f\u00e1brica<\/a>\n        <\/div>\n    <\/div>\n\n<\/div>\n<\/div><\/div><\/div>\n<\/div><\/div>","protected":false},"excerpt":{"rendered":"<p>Distribution Transformer Manufacturer &#038; OEM Solutions Distribution Transformer manufacturing is the backbone of the power grid, responsible for stepping down medium voltage (6kV-35kV) to usable low voltage levels. It involves two distinct technologies: Oil-Immersed (liquid-filled) transformers for outdoor utility use and Dry-Type (cast resin) transformers for indoor commercial safety. As a specialized Distribution Transformer Manufacturer, [&hellip;]<\/p>\n","protected":false},"author":1,"featured_media":0,"parent":0,"menu_order":0,"comment_status":"closed","ping_status":"closed","template":"","meta":{"_gspb_post_css":"","footnotes":""},"class_list":["post-1965","page","type-page","status-publish","hentry"],"blocksy_meta":{"has_hero_section":"disabled","content_style_source":"custom","vertical_spacing_source":"custom","content_area_spacing":"top","styles_descriptor":{"styles":{"desktop":"[data-prefix=\"single_page\"] [class*=\"ct-container\"] > article[class*=\"post\"] {--has-boxed:var(--false);--has-wide:var(--true);}","tablet":"","mobile":""},"google_fonts":[],"version":6}},"_links":{"self":[{"href":"https:\/\/xbrele.com\/pt\/wp-json\/wp\/v2\/pages\/1965","targetHints":{"allow":["GET"]}}],"collection":[{"href":"https:\/\/xbrele.com\/pt\/wp-json\/wp\/v2\/pages"}],"about":[{"href":"https:\/\/xbrele.com\/pt\/wp-json\/wp\/v2\/types\/page"}],"author":[{"embeddable":true,"href":"https:\/\/xbrele.com\/pt\/wp-json\/wp\/v2\/users\/1"}],"replies":[{"embeddable":true,"href":"https:\/\/xbrele.com\/pt\/wp-json\/wp\/v2\/comments?post=1965"}],"version-history":[{"count":2,"href":"https:\/\/xbrele.com\/pt\/wp-json\/wp\/v2\/pages\/1965\/revisions"}],"predecessor-version":[{"id":2002,"href":"https:\/\/xbrele.com\/pt\/wp-json\/wp\/v2\/pages\/1965\/revisions\/2002"}],"wp:attachment":[{"href":"https:\/\/xbrele.com\/pt\/wp-json\/wp\/v2\/media?parent=1965"}],"curies":[{"name":"wp","href":"https:\/\/api.w.org\/{rel}","templated":true}]}}