{"id":786,"date":"2025-03-04T07:26:21","date_gmt":"2025-03-04T07:26:21","guid":{"rendered":"https:\/\/startersites.io\/blocksy\/investboost\/?page_id=3"},"modified":"2025-12-03T16:41:51","modified_gmt":"2025-12-03T16:41:51","slug":"privacy-policy","status":"publish","type":"page","link":"https:\/\/xbrele.com\/pt\/privacy-policy\/","title":{"rendered":"Pol\u00edtica de Privacidade"},"content":{"rendered":"<h2 class=\"wp-block-heading\" id=\"who-we-are\"><strong>Pol\u00edtica de Privacidade<\/strong><\/h2>\n\n\n\n<p><strong>\u00daltima atualiza\u00e7\u00e3o:<\/strong> 3 de dezembro de 2025<\/p>\n\n\n\n<p><strong>1. Introdu\u00e7\u00e3o<\/strong> Bem-vindo a <strong>XBRELE<\/strong> (\u201cn\u00f3s\u201d, \u201cnosso\u201d ou \u201cnossa\u201d). Somos especializados na fabrica\u00e7\u00e3o de componentes de comuta\u00e7\u00e3o MV\/HV de alto desempenho e somos um parceiro certificado pela ISO9001 para projetos globais de transmiss\u00e3o e distribui\u00e7\u00e3o. Estamos comprometidos em proteger suas informa\u00e7\u00f5es pessoais e seu direito \u00e0 privacidade.<\/p>\n\n\n\n<p>Esta Pol\u00edtica de Privacidade explica como coletamos, usamos, divulgamos e protegemos suas informa\u00e7\u00f5es quando voc\u00ea visita nosso site. <strong><a target=\"_blank\" rel=\"noreferrer noopener\" href=\"https:\/\/xbrele.com\/pt\/\">https:\/\/xbrele.com<\/a><\/strong> (o \u201cSite\u201d) ou interagir conosco para fins comerciais.<\/p>\n\n\n\n<p><strong>2. Informa\u00e7\u00f5es que coletamos<\/strong> Coletamos informa\u00e7\u00f5es que voc\u00ea nos fornece voluntariamente quando manifesta interesse em obter informa\u00e7\u00f5es sobre n\u00f3s ou nossos produtos (como solicitar um or\u00e7amento) ou quando entra em contato conosco.<\/p>\n\n\n\n<ul class=\"wp-block-list\">\n<li><strong>Informa\u00e7\u00f5es de identidade pessoal:<\/strong> Nome, cargo, nome da empresa.<\/li>\n\n\n\n<li><strong>Dados de contato:<\/strong> Endere\u00e7o de e-mail, n\u00famero de telefone, endere\u00e7o postal, endere\u00e7o de entrega.<\/li>\n\n\n\n<li><strong>Dados comerciais:<\/strong> Detalhes do projeto, diagramas de linha \u00fanica (SLD), especifica\u00e7\u00f5es t\u00e9cnicas fornecidas nos formul\u00e1rios de solicita\u00e7\u00e3o de cota\u00e7\u00e3o.<\/li>\n\n\n\n<li><strong>Dados t\u00e9cnicos:<\/strong> Endere\u00e7o IP, tipo de navegador, sistema operacional e hor\u00e1rios de acesso (coletados automaticamente por meio de cookies).<\/li>\n<\/ul>\n\n\n\n<p><strong>3. Como usamos suas informa\u00e7\u00f5es<\/strong> Utilizamos as informa\u00e7\u00f5es que coletamos ou recebemos para fins comerciais espec\u00edficos:<\/p>\n\n\n\n<ul class=\"wp-block-list\">\n<li>Para atender e gerenciar seus pedidos, faturas e log\u00edstica de envio.<\/li>\n\n\n\n<li>Para responder \u00e0s suas perguntas t\u00e9cnicas sobre componentes de comutadores.<\/li>\n\n\n\n<li>Para melhorar a funcionalidade do nosso site e a experi\u00eancia do usu\u00e1rio.<\/li>\n\n\n\n<li>Para enviar informa\u00e7\u00f5es administrativas relacionadas a atualiza\u00e7\u00f5es de pedidos ou altera\u00e7\u00f5es nas pol\u00edticas.<\/li>\n<\/ul>\n\n\n\n<p><strong>4. Compartilhamento de suas informa\u00e7\u00f5es<\/strong> N\u00e3o vendemos, comercializamos ou alugamos suas informa\u00e7\u00f5es pessoais a terceiros para fins de marketing. Apenas compartilhamos informa\u00e7\u00f5es com:<\/p>\n\n\n\n<ul class=\"wp-block-list\">\n<li><strong>Parceiros de log\u00edstica:<\/strong> Para entregar produtos no endere\u00e7o indicado por voc\u00ea (por exemplo, DHL, FedEx, transit\u00e1rios).<\/li>\n\n\n\n<li><strong>An\u00e1lise do site:<\/strong> Ferramentas como o Google Analytics para nos ajudar a entender o uso do site.<\/li>\n\n\n\n<li><strong>Obriga\u00e7\u00f5es legais:<\/strong> Quando exigido por lei para cumprir um processo judicial, ordem judicial ou processo legal.<\/li>\n<\/ul>\n\n\n\n<p><strong>5. Cookies e rastreamento<\/strong> Utilizamos cookies para melhorar a funcionalidade do site. Voc\u00ea pode modificar as configura\u00e7\u00f5es do seu navegador para recusar cookies, se preferir, embora isso possa impedir que voc\u00ea aproveite ao m\u00e1ximo o site.<\/p>\n\n\n\n<p><strong>6. Seguran\u00e7a dos dados<\/strong> Implementamos medidas de seguran\u00e7a t\u00e9cnicas e organizacionais adequadas, incluindo criptografia SSL, para proteger suas informa\u00e7\u00f5es pessoais. No entanto, lembre-se de que nenhuma transmiss\u00e3o pela Internet \u00e9 100% segura.<\/p>\n\n\n\n<p><strong>7. Seus direitos de privacidade<\/strong> Dependendo da sua localiza\u00e7\u00e3o, voc\u00ea pode ter o direito de solicitar acesso, corre\u00e7\u00e3o ou exclus\u00e3o dos seus dados pessoais. Para exercer esses direitos, entre em contato conosco usando as informa\u00e7\u00f5es abaixo.<\/p>\n\n\n\n<p><strong>8. Entre em contato conosco<\/strong> Se voc\u00ea tiver d\u00favidas ou coment\u00e1rios sobre esta pol\u00edtica, entre em contato conosco pelo e-mail:<\/p>\n\n\n\n<p><strong>XBRELE<\/strong> <em>Fabricante de componentes de comuta\u00e7\u00e3o MV\/HV de alto desempenho<\/em><\/p>\n\n\n\n<p><strong>Telefone:<\/strong> +86 138 1977 6763<\/p>\n\n\n\n<p><strong>Endere\u00e7o:<\/strong> N\u00ba 196-28, Wei 12 Road, Zona de Desenvolvimento Econ\u00f4mico de Yueqing, Cidade de Yueqing, Prov\u00edncia de Zhejiang, China 325600<\/p>\n\n\n\n<p><strong>E-mail:<\/strong> sale@xbrele.com<\/p>","protected":false},"excerpt":{"rendered":"<p>Privacy Policy Last Updated: December 3, 2025 1. Introduction Welcome to XBRELE (&#8220;we,&#8221; &#8220;our,&#8221; or &#8220;us&#8221;). We specialize in manufacturing high-performance MV\/HV switchgear components and are an ISO9001 certified partner for global transmission and distribution projects. We are committed to protecting your personal information and your right to privacy. This Privacy Policy explains how we [&hellip;]<\/p>\n","protected":false},"author":1,"featured_media":0,"parent":0,"menu_order":0,"comment_status":"closed","ping_status":"closed","template":"","meta":{"_gspb_post_css":"","footnotes":""},"class_list":["post-786","page","type-page","status-publish","hentry"],"blocksy_meta":{"has_hero_section":"disabled","content_style_source":"inherit","vertical_spacing_source":"custom","content_area_spacing":"bottom","styles_descriptor":{"styles":{"desktop":"","tablet":"","mobile":""},"google_fonts":[],"version":6}},"_links":{"self":[{"href":"https:\/\/xbrele.com\/pt\/wp-json\/wp\/v2\/pages\/786","targetHints":{"allow":["GET"]}}],"collection":[{"href":"https:\/\/xbrele.com\/pt\/wp-json\/wp\/v2\/pages"}],"about":[{"href":"https:\/\/xbrele.com\/pt\/wp-json\/wp\/v2\/types\/page"}],"author":[{"embeddable":true,"href":"https:\/\/xbrele.com\/pt\/wp-json\/wp\/v2\/users\/1"}],"replies":[{"embeddable":true,"href":"https:\/\/xbrele.com\/pt\/wp-json\/wp\/v2\/comments?post=786"}],"version-history":[{"count":3,"href":"https:\/\/xbrele.com\/pt\/wp-json\/wp\/v2\/pages\/786\/revisions"}],"predecessor-version":[{"id":1942,"href":"https:\/\/xbrele.com\/pt\/wp-json\/wp\/v2\/pages\/786\/revisions\/1942"}],"wp:attachment":[{"href":"https:\/\/xbrele.com\/pt\/wp-json\/wp\/v2\/media?parent=786"}],"curies":[{"name":"wp","href":"https:\/\/api.w.org\/{rel}","templated":true}]}}